{"id":9600,"date":"2025-12-23T17:56:36","date_gmt":"2025-12-23T20:56:36","guid":{"rendered":"https:\/\/muneka.us\/product\/samsung-galaxy-s24-ultra-5g-factory-unlocked-512gb-titanium-black-renewed\/"},"modified":"2025-12-23T17:56:36","modified_gmt":"2025-12-23T20:56:36","slug":"samsung-galaxy-s24-ultra-5g-factory-unlocked-512gb-titanium-black-renewed","status":"publish","type":"product","link":"https:\/\/muneka.us\/en\/product\/samsung-galaxy-s24-ultra-5g-factory-unlocked-512gb-titanium-black-renewed\/","title":{"rendered":"SAMSUNG Galaxy S24 Ultra 5G Factory Unlocked 512GB &#8211; Titanium Black (Renewed)"},"content":{"rendered":"<p data-start=\"105\" data-end=\"398\"><strong data-start=\"105\" data-end=\"144\">CIRCULE E PESQUISE\u00b9 EM UM INSTANTE:<\/strong> Quer saber o que seu influenciador favorito est\u00e1 vestindo? Para onde viajaram? O que significa aquela palavra? N\u00e3o tente descrever \u2014 use o <em data-start=\"284\" data-end=\"302\">Circle to Search<\/em>\u00b9 com o Google para descobrir. Com a S\u00e9rie S24, basta circular na tela e obter mais informa\u00e7\u00f5es.<\/p>\n<p data-start=\"400\" data-end=\"615\"><strong data-start=\"400\" data-end=\"440\">TRADU\u00c7\u00d5ES EM TEMPO REAL, DE VERDADE:<\/strong> Fale outros idiomas na hora com o <em data-start=\"475\" data-end=\"491\">Live Translate<\/em>\u00b2. Desbloqueie uma comunica\u00e7\u00e3o pr\u00e1tica com tradu\u00e7\u00f5es de voz quase instant\u00e2neas diretamente pelo app Telefone do seu Samsung.<\/p>\n<p data-start=\"617\" data-end=\"878\"><strong data-start=\"617\" data-end=\"671\">ANOTE DE FORMA MAIS INTELIGENTE, N\u00c3O MAIS DIF\u00cdCIL:<\/strong> Foque em registrar suas ideias e deixe a organiza\u00e7\u00e3o por conta da tecnologia. O <em data-start=\"752\" data-end=\"765\">Note Assist<\/em>\u00b3 resume, formata e at\u00e9 traduz suas anota\u00e7\u00f5es. Tudo fica organizado para voc\u00ea encontrar exatamente o que precisa.<\/p>\n<p data-start=\"880\" data-end=\"1035\"><strong data-start=\"880\" data-end=\"913\">REVELE DETALHES NA ESCURID\u00c3O:<\/strong> Ilumine sua noite com o <em data-start=\"938\" data-end=\"952\">Nightography<\/em> no S24 Ultra. Quer chegar mais perto? D\u00ea zoom mesmo \u00e0 dist\u00e2ncia, at\u00e9 em pouca luz.<\/p>\n<p data-start=\"1037\" data-end=\"1265\"><strong data-start=\"1037\" data-end=\"1068\">MAIS \u201cUAU\u201d, MENOS TRABALHO:<\/strong> Transforme qualquer foto em uma obra-prima digna de postagem. Mova ou remova objetos, preencha espa\u00e7os vazios \u2014 basta tirar a foto e deix\u00e1-la de \u00f3tima para impressionante com o <em data-start=\"1246\" data-end=\"1263\">Generative Edit<\/em>\u2074.<\/p>\n<p data-start=\"1267\" data-end=\"1537\"><strong data-start=\"1267\" data-end=\"1305\">CAPTURE. COMPARTILHE. IMPRESSIONE:<\/strong> Crie conte\u00fados cristalinos e prontos para viralizar. De uma cidade movimentada a uma paisagem tranquila, registre detalhes incr\u00edveis com a c\u00e2mera de 200MP, enquanto o S24 Ultra ajusta cada cor e tom exatamente como voc\u00ea v\u00ea o mundo.<\/p>\n<p data-start=\"1539\" data-end=\"1731\"><strong data-start=\"1539\" data-end=\"1590\">NOSSO SMARTPHONE GALAXY MAIS POTENTE AT\u00c9 AGORA:<\/strong> Alterne entre apps sem esperar e veja tudo em alta qualidade com o processador mais r\u00e1pido da linha Galaxy \u2014 Snapdragon 8 Gen 3 for Galaxy\u2075.<\/p>\n<p data-start=\"1733\" data-end=\"1952\"><strong data-start=\"1733\" data-end=\"1760\">SEJA PERFEITO NO TEXTO:<\/strong> Diga a coisa certa no momento certo com o <em data-start=\"1803\" data-end=\"1816\">Chat Assist<\/em>\u2076. Receba sugest\u00f5es de tom em tempo real para deixar sua escrita mais profissional ou mais casual. Al\u00e9m disso, adeus erros de digita\u00e7\u00e3o.<\/p>\n<p data-start=\"1954\" data-end=\"2183\"><strong data-start=\"1954\" data-end=\"1991\">JOGUE E ASSISTA DE BORDA A BORDA:<\/strong> Leve seus jogos e suas maratonas de s\u00e9ries ao limite com o S24 Ultra. Seja assistindo, vencendo ou at\u00e9 escrevendo, a tela mais brilhante e plana oferece mais espa\u00e7o para voc\u00ea fazer o que ama.<\/p>\n<p data-start=\"2185\" data-end=\"2374\"><strong data-start=\"2185\" data-end=\"2213\">ESCREVA QUANDO PRECISAR:<\/strong> Com a S Pen, fa\u00e7a edi\u00e7\u00f5es de \u00faltima hora em projetos, anote ideias ou assine documentos importantes no S24 Ultra. Eleve sua produtividade com a S Pen integrada.<\/p>\n","protected":false},"excerpt":{"rendered":"<p>CIRCULE E PESQUISE\u00b9 EM UM INSTANTE: Quer saber o que seu influenciador favorito est\u00e1 vestindo? Para onde viajaram? O que significa aquela palavra? N\u00e3o tente descrever \u2014 use o Circle to Search\u00b9 com o Google para descobrir. Com a S\u00e9rie S24, basta circular na tela e obter mais informa\u00e7\u00f5es. TRADU\u00c7\u00d5ES EM TEMPO REAL, DE VERDADE: [&#8230;]\n","protected":false},"featured_media":9601,"comment_status":"open","ping_status":"closed","template":"","meta":[],"product_brand":[],"product_cat":[3804,3789],"product_tag":[],"class_list":{"0":"post-9600","1":"product","2":"type-product","3":"status-publish","4":"has-post-thumbnail","6":"product_cat-mobile","7":"product_cat-electronics","9":"first","10":"instock","11":"taxable","12":"shipping-taxable","13":"purchasable","14":"product-type-simple"},"jetpack_sharing_enabled":true,"_links":{"self":[{"href":"https:\/\/muneka.us\/en\/wp-json\/wp\/v2\/product\/9600","targetHints":{"allow":["GET"]}}],"collection":[{"href":"https:\/\/muneka.us\/en\/wp-json\/wp\/v2\/product"}],"about":[{"href":"https:\/\/muneka.us\/en\/wp-json\/wp\/v2\/types\/product"}],"replies":[{"embeddable":true,"href":"https:\/\/muneka.us\/en\/wp-json\/wp\/v2\/comments?post=9600"}],"wp:featuredmedia":[{"embeddable":true,"href":"https:\/\/muneka.us\/en\/wp-json\/wp\/v2\/media\/9601"}],"wp:attachment":[{"href":"https:\/\/muneka.us\/en\/wp-json\/wp\/v2\/media?parent=9600"}],"wp:term":[{"taxonomy":"product_brand","embeddable":true,"href":"https:\/\/muneka.us\/en\/wp-json\/wp\/v2\/product_brand?post=9600"},{"taxonomy":"product_cat","embeddable":true,"href":"https:\/\/muneka.us\/en\/wp-json\/wp\/v2\/product_cat?post=9600"},{"taxonomy":"product_tag","embeddable":true,"href":"https:\/\/muneka.us\/en\/wp-json\/wp\/v2\/product_tag?post=9600"}],"curies":[{"name":"wp","href":"https:\/\/api.w.org\/{rel}","templated":true}]}}