{"id":9588,"date":"2025-12-26T13:59:23","date_gmt":"2025-12-26T16:59:23","guid":{"rendered":"https:\/\/muneka.us\/product\/jbl-flip-7-portable-waterproof-and-drop-proof-speaker-bold-pro-sound-with-ai-sound-boost-16hrs-of-playtime-and-pushlock-system-with-interchangeable-accessories-black-renewed\/"},"modified":"2025-12-26T13:59:23","modified_gmt":"2025-12-26T16:59:23","slug":"jbl-flip-7-portable-waterproof-and-drop-proof-speaker-bold-pro-sound-with-ai-sound-boost-16hrs-of-playtime-and-pushlock-system-with-interchangeable-accessories-black-renewed","status":"publish","type":"product","link":"https:\/\/muneka.us\/en\/product\/jbl-flip-7-portable-waterproof-and-drop-proof-speaker-bold-pro-sound-with-ai-sound-boost-16hrs-of-playtime-and-pushlock-system-with-interchangeable-accessories-black-renewed\/","title":{"rendered":"JBL Flip 7 &#8211; Portable Waterproof and Drop-Proof Speaker, Bold Pro Sound with AI Sound Boost, 16Hrs of Playtime, and PushLock System with Interchangeable Accessories (Black) (Renewed)"},"content":{"rendered":"<p data-start=\"32\" data-end=\"664\"><strong data-start=\"32\" data-end=\"76\">Som JBL Pro poderoso com AI Sound Boost:<\/strong><br data-start=\"76\" data-end=\"79\"><br \/>\nRefor\u00e7amos os graves e ajustamos o tweeter. O resultado? Graves mais potentes e claros, mesmo no volume m\u00e1ximo, e frequ\u00eancias altas n\u00edtidas gra\u00e7as a um novo e inteligente design do domo do tweeter, que adiciona mais profundidade ao som da sua caixa. Tamb\u00e9m adicionamos nossa nova tecnologia propriet\u00e1ria, o AI Sound Boost, que analisa sua m\u00fasica em tempo real para oferecer o m\u00e1ximo desempenho ac\u00fastico com menos distor\u00e7\u00e3o. \u00c9 como um pequeno g\u00eanio do \u00e1udio dentro de cada Flip 7. Assim, conseguimos entregar um som geral ainda melhor, sem aumentar o peso. Mesmo tamanho, impacto maior.<\/p>\n<p data-start=\"666\" data-end=\"900\"><strong data-start=\"666\" data-end=\"697\">At\u00e9 16 horas de reprodu\u00e7\u00e3o:<\/strong><br data-start=\"697\" data-end=\"700\"><br \/>\nMantenha o clima animado por at\u00e9 14 horas com uma \u00fanica carga \u2014 e quando precisamos de um f\u00f4lego extra para a festa ou mais uma dan\u00e7a especial, conseguimos at\u00e9 2 horas adicionais com o Playtime Boost.<\/p>\n<p data-start=\"902\" data-end=\"1248\"><strong data-start=\"902\" data-end=\"952\">Conex\u00e3o com v\u00e1rios alto-falantes via Auracast:<\/strong><br data-start=\"952\" data-end=\"955\"><br \/>\nN\u00e3o seria \u00f3timo compartilhar a vibe com toda a galera? Agora \u00e9 poss\u00edvel. Com o Auracast, podemos emparelhar facilmente dois alto-falantes Flip 7 em est\u00e9reo para um palco sonoro mais amplo e conectar v\u00e1rios alto-falantes JBL compat\u00edveis com Auracast para cobrir mais \u00e1reas com a mesma playlist.<\/p>\n<p data-start=\"1250\" data-end=\"1797\"><strong data-start=\"1250\" data-end=\"1286\">\u00c0 prova d\u2019\u00e1gua, poeira e quedas:<\/strong><br data-start=\"1286\" data-end=\"1289\"><br \/>\nVoc\u00ea j\u00e1 deixou sua caixa cair, rolar por uma colina empoeirada e parar em um lago? N\u00e3o? Pois acredite, isso acontece. Por isso, constru\u00edmos o JBL Flip 7 para ser o mais resistente poss\u00edvel ao dia a dia. Al\u00e9m do nosso lend\u00e1rio design \u00e0 prova d\u2019\u00e1gua e de poeira (IP68 l\u00edder do setor, por sinal), garantimos que, se ele cair de at\u00e9 1 metro sobre o ch\u00e3o de concreto, continuar\u00e1 funcionando normalmente. Mas, por favor, n\u00e3o saia jogando sua caixa por a\u00ed s\u00f3 para impressionar seus amigos. Fa\u00e7a festas em vez disso.<\/p>\n<p data-start=\"1799\" data-end=\"2068\"><strong data-start=\"1799\" data-end=\"1851\">Sistema PushLock com acess\u00f3rios intercambi\u00e1veis:<\/strong><br data-start=\"1851\" data-end=\"1854\"><br \/>\nPrenda. Pendure. Segure na m\u00e3o. Agora podemos levar nosso som do nosso jeito com o novo sistema PushLock de acess\u00f3rios intercambi\u00e1veis. Toda essa pot\u00eancia ao toque de um bot\u00e3o \u2014 al\u00e7a e mosquet\u00e3o inclu\u00eddos na caixa.<\/p>\n<p data-start=\"2070\" data-end=\"2501\"><strong data-start=\"2070\" data-end=\"2116\">Reprodu\u00e7\u00e3o de \u00e1udio sem perdas (Lossless):<\/strong><br data-start=\"2116\" data-end=\"2119\"><br \/>\nQuando a m\u00fasica \u00e9 lossless, ela fica ainda melhor. Para os verdadeiros aficionados por \u00e1udio, tornamos poss\u00edvel a reprodu\u00e7\u00e3o de \u00e1udio sem perdas ao conectar seu laptop ou outro dispositivo de \u00e1udio pela porta USB-C. Mas, claro, para funcionar, \u00e9 necess\u00e1rio uma fonte de \u00e1udio lossless compat\u00edvel*<br data-start=\"2415\" data-end=\"2418\"><br \/>\n(*Requer conte\u00fado de \u00e1udio lossless compat\u00edvel de aplicativos\/servi\u00e7os suportados.)<\/p>\n<p data-start=\"2503\" data-end=\"2766\" data-is-last-node=\"\" data-is-only-node=\"\"><strong data-start=\"2503\" data-end=\"2531\">Aplicativo JBL Portable:<\/strong><br data-start=\"2531\" data-end=\"2534\"><br \/>\n\u00c9 um aplicativo \u2014 todos n\u00f3s j\u00e1 usamos, e eles podem ser muito \u00fateis. O app JBL Portables oferece acesso a suporte, atualiza\u00e7\u00f5es e controles de \u00e1udio personaliz\u00e1veis, para que voc\u00ea ajuste o som perfeito para qualquer momento e humor.<\/p>\n","protected":false},"excerpt":{"rendered":"<p>Som JBL Pro poderoso com AI Sound Boost: Refor\u00e7amos os graves e ajustamos o tweeter. O resultado? Graves mais potentes e claros, mesmo no volume m\u00e1ximo, e frequ\u00eancias altas n\u00edtidas gra\u00e7as a um novo e inteligente design do domo do tweeter, que adiciona mais profundidade ao som da sua caixa. Tamb\u00e9m adicionamos nossa nova tecnologia [&#8230;]\n","protected":false},"featured_media":9589,"comment_status":"open","ping_status":"closed","template":"","meta":[],"product_brand":[],"product_cat":[3789,3785],"product_tag":[],"class_list":{"0":"post-9588","1":"product","2":"type-product","3":"status-publish","4":"has-post-thumbnail","6":"product_cat-electronics","7":"product_cat-technology","9":"first","10":"instock","11":"taxable","12":"shipping-taxable","13":"purchasable","14":"product-type-simple"},"jetpack_sharing_enabled":true,"_links":{"self":[{"href":"https:\/\/muneka.us\/en\/wp-json\/wp\/v2\/product\/9588","targetHints":{"allow":["GET"]}}],"collection":[{"href":"https:\/\/muneka.us\/en\/wp-json\/wp\/v2\/product"}],"about":[{"href":"https:\/\/muneka.us\/en\/wp-json\/wp\/v2\/types\/product"}],"replies":[{"embeddable":true,"href":"https:\/\/muneka.us\/en\/wp-json\/wp\/v2\/comments?post=9588"}],"wp:featuredmedia":[{"embeddable":true,"href":"https:\/\/muneka.us\/en\/wp-json\/wp\/v2\/media\/9589"}],"wp:attachment":[{"href":"https:\/\/muneka.us\/en\/wp-json\/wp\/v2\/media?parent=9588"}],"wp:term":[{"taxonomy":"product_brand","embeddable":true,"href":"https:\/\/muneka.us\/en\/wp-json\/wp\/v2\/product_brand?post=9588"},{"taxonomy":"product_cat","embeddable":true,"href":"https:\/\/muneka.us\/en\/wp-json\/wp\/v2\/product_cat?post=9588"},{"taxonomy":"product_tag","embeddable":true,"href":"https:\/\/muneka.us\/en\/wp-json\/wp\/v2\/product_tag?post=9588"}],"curies":[{"name":"wp","href":"https:\/\/api.w.org\/{rel}","templated":true}]}}