{"id":9584,"date":"2025-12-26T14:04:24","date_gmt":"2025-12-26T17:04:24","guid":{"rendered":"https:\/\/muneka.us\/product\/jbl-boombox-4-most-powerful-portable-waterproof-speaker-with-massive-pro-sound-up-to-34-hours-of-playtime-multi-speaker-connection-by-auracast-blue\/"},"modified":"2025-12-26T14:04:24","modified_gmt":"2025-12-26T17:04:24","slug":"jbl-boombox-4-most-powerful-portable-waterproof-speaker-with-massive-pro-sound-up-to-34-hours-of-playtime-multi-speaker-connection-by-auracast-blue","status":"publish","type":"product","link":"https:\/\/muneka.us\/en\/product\/jbl-boombox-4-most-powerful-portable-waterproof-speaker-with-massive-pro-sound-up-to-34-hours-of-playtime-multi-speaker-connection-by-auracast-blue\/","title":{"rendered":"JBL Boombox 4 &#8211; Most Powerful Portable Waterproof Speaker with Massive Pro Sound, Up to 34 Hours of Playtime, &amp; Multi-Speaker Connection by Auracast\u2122 (Blue)"},"content":{"rendered":"<p data-start=\"32\" data-end=\"526\"><strong data-start=\"32\" data-end=\"77\">Som JBL Pro imbat\u00edvel com AI Sound Boost:<\/strong><br data-start=\"77\" data-end=\"80\"><br \/>\nEstamos falando de um som massivo com graves profundos e impactantes. O JBL Boombox 4 redesenhado vem com dois woofers maiores, dois tweeters e tr\u00eas radiadores passivos, fazendo com que cada m\u00fasica soe mais forte e limpa. E com o AI Sound Boost, nem precisamos levantar um dedo \u2014 essa tecnologia inteligente analisa nossa m\u00fasica em tempo real e ajusta o som para nos dar mais pot\u00eancia com menos distor\u00e7\u00e3o, mesmo quando colocamos no volume m\u00e1ximo.<\/p>\n<p data-start=\"528\" data-end=\"851\"><strong data-start=\"528\" data-end=\"559\">At\u00e9 34 horas de reprodu\u00e7\u00e3o:<\/strong><br data-start=\"559\" data-end=\"562\"><br \/>\nMantenha a vibe animada de festa em festa\u2026 at\u00e9 para a pr\u00f3xima, por at\u00e9 28 horas com uma \u00fanica carga. Esqueceu de carregar para a pr\u00f3xima? Sem problemas. O JBL Playtime Boost adiciona at\u00e9 6 horas extras de divers\u00e3o, seja para mais movimentos de dan\u00e7a, ou o que quer que voc\u00ea tenha na manga.<\/p>\n<p data-start=\"853\" data-end=\"1060\"><strong data-start=\"853\" data-end=\"881\">\u00c0 prova d\u2019\u00e1gua e poeira:<\/strong><br data-start=\"881\" data-end=\"884\"><br \/>\nO JBL Boombox 4 tem classifica\u00e7\u00e3o IP68, o que significa que \u00e9 \u00e0 prova d\u2019\u00e1gua e de poeira, podendo lidar com qualquer condi\u00e7\u00e3o clim\u00e1tica \u2014 ou com nossos amigos mais desastrados.<\/p>\n<p data-start=\"1062\" data-end=\"1377\"><strong data-start=\"1062\" data-end=\"1115\">Conex\u00e3o com m\u00faltiplos alto-falantes via Auracast:<\/strong><br data-start=\"1115\" data-end=\"1118\"><br \/>\nN\u00e3o seria incr\u00edvel compartilhar toda a vibe com a galera? Com o Auracast, voc\u00ea pode emparelhar dois Boombox 4 em est\u00e9reo para um palco sonoro mais amplo ou conectar v\u00e1rios alto-falantes JBL compat\u00edveis com Auracast para cobrir mais \u00e1reas com a mesma playlist.<\/p>\n<p data-start=\"1379\" data-end=\"1972\"><strong data-start=\"1379\" data-end=\"1447\">Duas configura\u00e7\u00f5es de Bass Boost para combinar com a nossa vibe:<\/strong><br data-start=\"1447\" data-end=\"1450\"><br \/>\nQuando se trata de graves, a gente gosta de ter op\u00e7\u00f5es. Ligue o JBL Boombox 4 e voc\u00ea ter\u00e1 aquele grave cl\u00e1ssico da JBL que todos amamos. Quer algo mais profundo? Aperte o bot\u00e3o Bass Boost no painel superior \u2014 a marca JBL Horn brilha em laranja e boom, voc\u00ea est\u00e1 no modo Deep Bass, onde os dois woofers e tr\u00eas radiadores passivos d\u00e3o o melhor de si. Quer algo mais compacto e energ\u00e9tico? D\u00ea dois toques no bot\u00e3o, a marca Horn fica branca e voc\u00ea entra no modo Punchy Bass. Seja qual for o clima, temos o grave para combinar.<\/p>\n<p data-start=\"1974\" data-end=\"2215\"><strong data-start=\"1974\" data-end=\"2014\">Maior e mais potente, mas mais leve:<\/strong><br data-start=\"2014\" data-end=\"2017\"><br \/>\nO JBL Boombox 4 tem um som maior e melhor do que nunca \u2014 mas o verdadeiro ganho \u00e9 que o redesenhamos para ser mais leve do que antes. Agora \u00e9 muito mais f\u00e1cil criar o clima onde quer que a gente v\u00e1.<\/p>\n<p data-start=\"2217\" data-end=\"2650\" data-is-last-node=\"\" data-is-only-node=\"\"><strong data-start=\"2217\" data-end=\"2263\">Reprodu\u00e7\u00e3o de \u00e1udio sem perdas (Lossless):<\/strong><br data-start=\"2263\" data-end=\"2266\"><br \/>\nQuer ouvir cada detalhe? Conecte seu laptop ou outro dispositivo de \u00e1udio usando a porta USB-C do Boombox 4* para desfrutar de reprodu\u00e7\u00e3o de \u00e1udio sem perdas. \u00c9 perfeito para os verdadeiros f\u00e3s de \u00e1udio que querem mais da sua m\u00fasica. Apenas certifique-se de que sua fonte oferece \u00e1udio lossless.<br data-start=\"2561\" data-end=\"2564\"><br \/>\n(*Requer conte\u00fado de \u00e1udio lossless compat\u00edvel de aplicativos ou servi\u00e7os suportados.)<\/p>\n","protected":false},"excerpt":{"rendered":"<p>Som JBL Pro imbat\u00edvel com AI Sound Boost: Estamos falando de um som massivo com graves profundos e impactantes. O JBL Boombox 4 redesenhado vem com dois woofers maiores, dois tweeters e tr\u00eas radiadores passivos, fazendo com que cada m\u00fasica soe mais forte e limpa. E com o AI Sound Boost, nem precisamos levantar um [&#8230;]\n","protected":false},"featured_media":9585,"comment_status":"open","ping_status":"closed","template":"","meta":[],"product_brand":[],"product_cat":[3789,3785],"product_tag":[],"class_list":{"0":"post-9584","1":"product","2":"type-product","3":"status-publish","4":"has-post-thumbnail","6":"product_cat-electronics","7":"product_cat-technology","9":"first","10":"instock","11":"taxable","12":"shipping-taxable","13":"purchasable","14":"product-type-simple"},"jetpack_sharing_enabled":true,"_links":{"self":[{"href":"https:\/\/muneka.us\/en\/wp-json\/wp\/v2\/product\/9584","targetHints":{"allow":["GET"]}}],"collection":[{"href":"https:\/\/muneka.us\/en\/wp-json\/wp\/v2\/product"}],"about":[{"href":"https:\/\/muneka.us\/en\/wp-json\/wp\/v2\/types\/product"}],"replies":[{"embeddable":true,"href":"https:\/\/muneka.us\/en\/wp-json\/wp\/v2\/comments?post=9584"}],"wp:featuredmedia":[{"embeddable":true,"href":"https:\/\/muneka.us\/en\/wp-json\/wp\/v2\/media\/9585"}],"wp:attachment":[{"href":"https:\/\/muneka.us\/en\/wp-json\/wp\/v2\/media?parent=9584"}],"wp:term":[{"taxonomy":"product_brand","embeddable":true,"href":"https:\/\/muneka.us\/en\/wp-json\/wp\/v2\/product_brand?post=9584"},{"taxonomy":"product_cat","embeddable":true,"href":"https:\/\/muneka.us\/en\/wp-json\/wp\/v2\/product_cat?post=9584"},{"taxonomy":"product_tag","embeddable":true,"href":"https:\/\/muneka.us\/en\/wp-json\/wp\/v2\/product_tag?post=9584"}],"curies":[{"name":"wp","href":"https:\/\/api.w.org\/{rel}","templated":true}]}}