{"id":9548,"date":"2025-12-29T16:55:10","date_gmt":"2025-12-29T19:55:10","guid":{"rendered":"https:\/\/muneka.us\/product\/baby-gyms-play-mats-play-piano-gym-mat-activity-mat-for-tummy-time-with-5-infant-learning-sensory-music-and-lights-for-newborns-and-toddlers-dark-blue\/"},"modified":"2025-12-29T16:55:10","modified_gmt":"2025-12-29T19:55:10","slug":"baby-gyms-play-mats-play-piano-gym-mat-activity-mat-for-tummy-time-with-5-infant-learning-sensory-music-and-lights-for-newborns-and-toddlers-dark-blue","status":"publish","type":"product","link":"https:\/\/muneka.us\/en\/product\/baby-gyms-play-mats-play-piano-gym-mat-activity-mat-for-tummy-time-with-5-infant-learning-sensory-music-and-lights-for-newborns-and-toddlers-dark-blue\/","title":{"rendered":"Baby Gyms Play Mats, Play Piano Gym Mat, Activity Mat for Tummy Time with 5 Infant Learning Sensory, Music and Lights for Newborns and Toddlers (Dark Blue)"},"content":{"rendered":"<p data-start=\"32\" data-end=\"317\"><strong data-start=\"32\" data-end=\"65\">F\u00e1cil de transportar e lavar:<\/strong> Seja na hora da brincadeira ou da lavagem, nosso tapete lav\u00e1vel na m\u00e1quina torna a limpeza muito simples! F\u00e1cil de dobrar e levar para qualquer lugar, em ambientes internos ou externos, este tapete \u00e9 o companheiro ideal para o seu pequeno aventureiro.<\/p>\n<p data-start=\"319\" data-end=\"558\"><strong data-start=\"319\" data-end=\"358\">Especialmente projetado para beb\u00eas:<\/strong> Os brinquedos de piano com 4 teclas musicais foram especialmente desenvolvidos para beb\u00eas de 0 a 12 meses, permitindo o uso como piano de pedal. \u00c0 medida que o beb\u00ea cresce, ele pode sentar e brincar.<\/p>\n<p data-start=\"560\" data-end=\"900\"><strong data-start=\"560\" data-end=\"606\">Promove o desenvolvimento inicial do beb\u00ea:<\/strong> Desbloqueie todo o potencial do nosso gin\u00e1sio para beb\u00eas, que tamb\u00e9m funciona como brinquedo educativo! Com diversos modos de brincadeira que se adaptam \u00e0s necessidades do crescimento do beb\u00ea, este gin\u00e1sio estimula o desenvolvimento cognitivo e motor, incentivando a explora\u00e7\u00e3o e a imagina\u00e7\u00e3o.<\/p>\n<p data-start=\"902\" data-end=\"1156\"><strong data-start=\"902\" data-end=\"927\">Seguran\u00e7a e conforto:<\/strong> O gin\u00e1sio para beb\u00eas \u00e9 feito de algod\u00e3o e tecido de alta qualidade, com toque delicado e macio. \u00c9 seguro e confort\u00e1vel para a pele do beb\u00ea. O tapete de atividades \u00e9 lav\u00e1vel na m\u00e1quina, f\u00e1cil de limpar e ajuda a manter a higiene.<\/p>\n<p data-start=\"1158\" data-end=\"1456\" data-is-last-node=\"\" data-is-only-node=\"\"><strong data-start=\"1158\" data-end=\"1197\">Presente atencioso para novos pais:<\/strong> Simples de montar e guardar, este gin\u00e1sio completo para beb\u00eas \u00e9 um presente encantador para ch\u00e1s de beb\u00ea, feriados ou para qualquer fam\u00edlia que esteja recebendo seu pequeno. Tapete para tummy time, tapete para beb\u00ea e gin\u00e1sio infantil \u2014 tudo em um s\u00f3 produto!<\/p>\n","protected":false},"excerpt":{"rendered":"<p>F\u00e1cil de transportar e lavar: Seja na hora da brincadeira ou da lavagem, nosso tapete lav\u00e1vel na m\u00e1quina torna a limpeza muito simples! F\u00e1cil de dobrar e levar para qualquer lugar, em ambientes internos ou externos, este tapete \u00e9 o companheiro ideal para o seu pequeno aventureiro. Especialmente projetado para beb\u00eas: Os brinquedos de piano [&#8230;]\n","protected":false},"featured_media":9549,"comment_status":"open","ping_status":"closed","template":"","meta":[],"product_brand":[],"product_cat":[3757,3759,3761],"product_tag":[],"class_list":{"0":"post-9548","1":"product","2":"type-product","3":"status-publish","4":"has-post-thumbnail","6":"product_cat-baby-toddler","7":"product_cat-childrens-accessories","8":"product_cat-toys","10":"first","11":"instock","12":"taxable","13":"shipping-taxable","14":"purchasable","15":"product-type-simple"},"jetpack_sharing_enabled":true,"_links":{"self":[{"href":"https:\/\/muneka.us\/en\/wp-json\/wp\/v2\/product\/9548","targetHints":{"allow":["GET"]}}],"collection":[{"href":"https:\/\/muneka.us\/en\/wp-json\/wp\/v2\/product"}],"about":[{"href":"https:\/\/muneka.us\/en\/wp-json\/wp\/v2\/types\/product"}],"replies":[{"embeddable":true,"href":"https:\/\/muneka.us\/en\/wp-json\/wp\/v2\/comments?post=9548"}],"wp:featuredmedia":[{"embeddable":true,"href":"https:\/\/muneka.us\/en\/wp-json\/wp\/v2\/media\/9549"}],"wp:attachment":[{"href":"https:\/\/muneka.us\/en\/wp-json\/wp\/v2\/media?parent=9548"}],"wp:term":[{"taxonomy":"product_brand","embeddable":true,"href":"https:\/\/muneka.us\/en\/wp-json\/wp\/v2\/product_brand?post=9548"},{"taxonomy":"product_cat","embeddable":true,"href":"https:\/\/muneka.us\/en\/wp-json\/wp\/v2\/product_cat?post=9548"},{"taxonomy":"product_tag","embeddable":true,"href":"https:\/\/muneka.us\/en\/wp-json\/wp\/v2\/product_tag?post=9548"}],"curies":[{"name":"wp","href":"https:\/\/api.w.org\/{rel}","templated":true}]}}