{"id":9536,"date":"2025-12-29T17:05:55","date_gmt":"2025-12-29T20:05:55","guid":{"rendered":"https:\/\/muneka.us\/product\/thyseed-glass-natural-anti-colic-baby-bottles-newborn-breast-like-nursing-bottle-for-breastfed-babies-with-nipple1-2-months5oz2-pack\/"},"modified":"2025-12-29T17:05:55","modified_gmt":"2025-12-29T20:05:55","slug":"thyseed-glass-natural-anti-colic-baby-bottles-newborn-breast-like-nursing-bottle-for-breastfed-babies-with-nipple1-2-months5oz2-pack","status":"publish","type":"product","link":"https:\/\/muneka.us\/en\/product\/thyseed-glass-natural-anti-colic-baby-bottles-newborn-breast-like-nursing-bottle-for-breastfed-babies-with-nipple1-2-months5oz2-pack\/","title":{"rendered":"Thyseed Glass Natural Anti-Colic Baby Bottles | Newborn Breast Like Nursing Bottle for Breastfed Babies with Nipple(1-2 Months),5oz,2 Pack"},"content":{"rendered":"<div class=\"flex flex-col text-sm pb-25\">\n<article class=\"text-token-text-primary w-full focus:outline-none [--shadow-height:45px] has-data-writing-block:pointer-events-none has-data-writing-block:-mt-(--shadow-height) has-data-writing-block:pt-(--shadow-height) [&amp;:has([data-writing-block])&gt;*]:pointer-events-auto scroll-mt-[calc(var(--header-height)+min(200px,max(70px,20svh)))]\" dir=\"auto\" data-turn-id=\"a651565e-25ca-4d76-adaf-e2b20a93ba4e\" data-testid=\"conversation-turn-22\" data-scroll-anchor=\"true\" data-turn=\"assistant\">\n<div class=\"text-base my-auto mx-auto pb-10 [--thread-content-margin:--spacing(4)] @w-sm\/main:[--thread-content-margin:--spacing(6)] @w-lg\/main:[--thread-content-margin:--spacing(16)] px-(--thread-content-margin)\">\n<div class=\"[--thread-content-max-width:40rem] @w-lg\/main:[--thread-content-max-width:48rem] mx-auto max-w-(--thread-content-max-width) flex-1 group\/turn-messages focus-visible:outline-hidden relative flex w-full min-w-0 flex-col agent-turn\">\n<div class=\"flex max-w-full flex-col grow\">\n<div data-message-author-role=\"assistant\" data-message-id=\"7934abb5-3b99-4295-8c64-f2940037cfb5\" dir=\"auto\" class=\"min-h-8 text-message relative flex w-full flex-col items-end gap-2 text-start break-words whitespace-normal [.text-message+&amp;]:mt-1\" data-message-model-slug=\"gpt-5-mini\">\n<div class=\"flex w-full flex-col gap-1 empty:hidden first:pt-[1px]\">\n<div class=\"markdown prose dark:prose-invert w-full break-words light markdown-new-styling\">\n<ul data-start=\"72\" data-end=\"857\" data-is-last-node=\"\" data-is-only-node=\"\">\n<li data-start=\"72\" data-end=\"191\">\n<p data-start=\"74\" data-end=\"191\"><strong data-start=\"74\" data-end=\"97\">Design anti-c\u00f3lica:<\/strong> Ajuda a reduzir gases e desconforto, promovendo uma alimenta\u00e7\u00e3o mais tranquila para o beb\u00ea.<\/p>\n<\/li>\n<li data-start=\"192\" data-end=\"306\">\n<p data-start=\"194\" data-end=\"306\"><strong data-start=\"194\" data-end=\"225\">Semelhante ao seio materno:<\/strong> Formato do bico que imita a amamenta\u00e7\u00e3o natural, ideal para beb\u00eas amamentados.<\/p>\n<\/li>\n<li data-start=\"307\" data-end=\"373\">\n<p data-start=\"309\" data-end=\"373\"><strong data-start=\"309\" data-end=\"333\">Bico para 1-2 meses:<\/strong> Tamanho adequado para rec\u00e9m-nascidos.<\/p>\n<\/li>\n<li data-start=\"374\" data-end=\"438\">\n<p data-start=\"376\" data-end=\"438\"><strong data-start=\"376\" data-end=\"391\">Capacidade:<\/strong> 5 oz (aproximadamente 150 ml) por mamadeira.<\/p>\n<\/li>\n<li data-start=\"439\" data-end=\"538\">\n<p data-start=\"441\" data-end=\"538\"><strong data-start=\"441\" data-end=\"471\">Material de vidro natural:<\/strong> Seguro, dur\u00e1vel e livre de BPA, garantindo alimenta\u00e7\u00e3o saud\u00e1vel.<\/p>\n<\/li>\n<li data-start=\"539\" data-end=\"637\">\n<p data-start=\"541\" data-end=\"637\"><strong data-start=\"541\" data-end=\"565\">Pack com 2 unidades:<\/strong> Conveniente para alternar entre mamadeiras ou ter sempre uma reserva.<\/p>\n<\/li>\n<li data-start=\"638\" data-end=\"731\">\n<p data-start=\"640\" data-end=\"731\"><strong data-start=\"640\" data-end=\"660\">F\u00e1cil de limpar:<\/strong> Vidro resistente a altas temperaturas, compat\u00edvel com esteriliza\u00e7\u00e3o.<\/p>\n<\/li>\n<li data-start=\"732\" data-end=\"857\" data-is-last-node=\"\">\n<p data-start=\"734\" data-end=\"857\" data-is-last-node=\"\"><strong data-start=\"734\" data-end=\"767\">Indicado para rec\u00e9m-nascidos:<\/strong> Perfeito para beb\u00eas que est\u00e3o fazendo a transi\u00e7\u00e3o da amamenta\u00e7\u00e3o direta para a mamadeira.<\/p>\n<\/li>\n<\/ul>\n<\/div>\n<\/div>\n<\/div>\n<\/div>\n<div class=\"z-0 flex min-h-[46px] justify-start\"><\/div>\n<\/div>\n<\/div>\n<\/article>\n<\/div>\n<div aria-hidden=\"true\" data-edge=\"true\" class=\"pointer-events-none h-px w-px absolute bottom-0\"><\/div>\n","protected":false},"excerpt":{"rendered":"<p>Design anti-c\u00f3lica: Ajuda a reduzir gases e desconforto, promovendo uma alimenta\u00e7\u00e3o mais tranquila para o beb\u00ea. Semelhante ao seio materno: Formato do bico que imita a amamenta\u00e7\u00e3o natural, ideal para beb\u00eas amamentados. Bico para 1-2 meses: Tamanho adequado para rec\u00e9m-nascidos. Capacidade: 5 oz (aproximadamente 150 ml) por mamadeira. Material de vidro natural: Seguro, dur\u00e1vel e [&#8230;]\n","protected":false},"featured_media":9537,"comment_status":"open","ping_status":"closed","template":"","meta":[],"product_brand":[],"product_cat":[3757,3759],"product_tag":[],"class_list":{"0":"post-9536","1":"product","2":"type-product","3":"status-publish","4":"has-post-thumbnail","6":"product_cat-baby-toddler","7":"product_cat-childrens-accessories","9":"first","10":"instock","11":"taxable","12":"shipping-taxable","13":"purchasable","14":"product-type-simple"},"jetpack_sharing_enabled":true,"_links":{"self":[{"href":"https:\/\/muneka.us\/en\/wp-json\/wp\/v2\/product\/9536","targetHints":{"allow":["GET"]}}],"collection":[{"href":"https:\/\/muneka.us\/en\/wp-json\/wp\/v2\/product"}],"about":[{"href":"https:\/\/muneka.us\/en\/wp-json\/wp\/v2\/types\/product"}],"replies":[{"embeddable":true,"href":"https:\/\/muneka.us\/en\/wp-json\/wp\/v2\/comments?post=9536"}],"wp:featuredmedia":[{"embeddable":true,"href":"https:\/\/muneka.us\/en\/wp-json\/wp\/v2\/media\/9537"}],"wp:attachment":[{"href":"https:\/\/muneka.us\/en\/wp-json\/wp\/v2\/media?parent=9536"}],"wp:term":[{"taxonomy":"product_brand","embeddable":true,"href":"https:\/\/muneka.us\/en\/wp-json\/wp\/v2\/product_brand?post=9536"},{"taxonomy":"product_cat","embeddable":true,"href":"https:\/\/muneka.us\/en\/wp-json\/wp\/v2\/product_cat?post=9536"},{"taxonomy":"product_tag","embeddable":true,"href":"https:\/\/muneka.us\/en\/wp-json\/wp\/v2\/product_tag?post=9536"}],"curies":[{"name":"wp","href":"https:\/\/api.w.org\/{rel}","templated":true}]}}