{"id":9532,"date":"2025-12-29T17:09:14","date_gmt":"2025-12-29T20:09:14","guid":{"rendered":"https:\/\/muneka.us\/product\/tiny-twinkle-portable-diaper-changing-pad-waterproof-wipeable-compact-baby-changing-pad-for-travel-smart-wipes-pocket-organized-storage-newborn-shower-gift-sage-checkers\/"},"modified":"2025-12-29T17:09:14","modified_gmt":"2025-12-29T20:09:14","slug":"tiny-twinkle-portable-diaper-changing-pad-waterproof-wipeable-compact-baby-changing-pad-for-travel-smart-wipes-pocket-organized-storage-newborn-shower-gift-sage-checkers","status":"publish","type":"product","link":"https:\/\/muneka.us\/en\/product\/tiny-twinkle-portable-diaper-changing-pad-waterproof-wipeable-compact-baby-changing-pad-for-travel-smart-wipes-pocket-organized-storage-newborn-shower-gift-sage-checkers\/","title":{"rendered":"Tiny Twinkle Portable Diaper Changing Pad | Waterproof, Wipeable &amp; Compact Baby Changing Pad for Travel | Smart Wipes Pocket &amp; Organized Storage| Newborn Shower Gift (Sage Checkers)"},"content":{"rendered":"<div class=\"flex flex-col text-sm\">\n<article class=\"text-token-text-primary w-full focus:outline-none [--shadow-height:45px] has-data-writing-block:pointer-events-none has-data-writing-block:-mt-(--shadow-height) has-data-writing-block:pt-(--shadow-height) [&amp;:has([data-writing-block])&gt;*]:pointer-events-auto scroll-mt-[calc(var(--header-height)+min(200px,max(70px,20svh)))]\" dir=\"auto\" data-turn-id=\"request-WEB:b4163cd6-6fe0-4737-9ac9-5f72130043ee-11\" data-testid=\"conversation-turn-24\" data-scroll-anchor=\"true\" data-turn=\"assistant\">\n<div class=\"text-base my-auto mx-auto pb-10 [--thread-content-margin:--spacing(4)] @w-sm\/main:[--thread-content-margin:--spacing(6)] @w-lg\/main:[--thread-content-margin:--spacing(16)] px-(--thread-content-margin)\">\n<div class=\"[--thread-content-max-width:40rem] @w-lg\/main:[--thread-content-max-width:48rem] mx-auto max-w-(--thread-content-max-width) flex-1 group\/turn-messages focus-visible:outline-hidden relative flex w-full min-w-0 flex-col agent-turn\">\n<div class=\"flex max-w-full flex-col grow\">\n<div data-message-author-role=\"assistant\" data-message-id=\"c02b75fa-a7f3-4aa9-aca8-c310773f78a9\" dir=\"auto\" class=\"min-h-8 text-message relative flex w-full flex-col items-end gap-2 text-start break-words whitespace-normal [.text-message+&amp;]:mt-1\" data-message-model-slug=\"gpt-5-mini\">\n<div class=\"flex w-full flex-col gap-1 empty:hidden first:pt-[1px]\">\n<div class=\"markdown prose dark:prose-invert w-full break-words light markdown-new-styling\">\n<ul data-start=\"68\" data-end=\"804\" data-is-last-node=\"\" data-is-only-node=\"\">\n<li data-start=\"68\" data-end=\"167\">\n<p data-start=\"70\" data-end=\"167\"><strong data-start=\"70\" data-end=\"94\">Port\u00e1til e compacto:<\/strong> F\u00e1cil de dobrar e levar em bolsas ou mochilas para viagens e passeios.<\/p>\n<\/li>\n<li data-start=\"168\" data-end=\"289\">\n<p data-start=\"170\" data-end=\"289\"><strong data-start=\"170\" data-end=\"207\">\u00c0 prova d\u2019\u00e1gua e f\u00e1cil de limpar:<\/strong> Superf\u00edcie imperme\u00e1vel e wipeable, garantindo higiene r\u00e1pida em qualquer lugar.<\/p>\n<\/li>\n<li data-start=\"290\" data-end=\"413\">\n<p data-start=\"292\" data-end=\"413\"><strong data-start=\"292\" data-end=\"347\">Bolso inteligente para len\u00e7os (Smart Wipes Pocket):<\/strong> Permite guardar len\u00e7os umedecidos de forma pr\u00e1tica e acess\u00edvel.<\/p>\n<\/li>\n<li data-start=\"414\" data-end=\"532\">\n<p data-start=\"416\" data-end=\"532\"><strong data-start=\"416\" data-end=\"445\">Armazenamento organizado:<\/strong> Compartimentos para fraldas, pomadas e outros itens essenciais, mantendo tudo \u00e0 m\u00e3o.<\/p>\n<\/li>\n<li data-start=\"533\" data-end=\"624\">\n<p data-start=\"535\" data-end=\"624\"><strong data-start=\"535\" data-end=\"565\">Ideal para rec\u00e9m-nascidos:<\/strong> Perfeito para trocas r\u00e1pidas e seguras, em casa ou fora.<\/p>\n<\/li>\n<li data-start=\"625\" data-end=\"716\">\n<p data-start=\"627\" data-end=\"716\"><strong data-start=\"627\" data-end=\"657\">Presente para ch\u00e1 de beb\u00ea:<\/strong> Design moderno e funcional, excelente op\u00e7\u00e3o de presente.<\/p>\n<\/li>\n<li data-start=\"717\" data-end=\"804\" data-is-last-node=\"\">\n<p data-start=\"719\" data-end=\"804\" data-is-last-node=\"\"><strong data-start=\"719\" data-end=\"745\">Estampa Sage Checkers:<\/strong> Visual elegante e neutro, adequado para meninos e meninas.<\/p>\n<\/li>\n<\/ul>\n<\/div>\n<\/div>\n<\/div>\n<\/div>\n<div class=\"z-0 flex min-h-[46px] justify-start\"><\/div>\n<\/div>\n<\/div>\n<\/article>\n<\/div>\n<div aria-hidden=\"true\" data-edge=\"true\" class=\"pointer-events-none h-px w-px absolute bottom-0\"><\/div>\n","protected":false},"excerpt":{"rendered":"<p>Port\u00e1til e compacto: F\u00e1cil de dobrar e levar em bolsas ou mochilas para viagens e passeios. \u00c0 prova d\u2019\u00e1gua e f\u00e1cil de limpar: Superf\u00edcie imperme\u00e1vel e wipeable, garantindo higiene r\u00e1pida em qualquer lugar. Bolso inteligente para len\u00e7os (Smart Wipes Pocket): Permite guardar len\u00e7os umedecidos de forma pr\u00e1tica e acess\u00edvel. Armazenamento organizado: Compartimentos para fraldas, pomadas [&#8230;]\n","protected":false},"featured_media":9533,"comment_status":"open","ping_status":"closed","template":"","meta":[],"product_brand":[],"product_cat":[3757,3759],"product_tag":[],"class_list":{"0":"post-9532","1":"product","2":"type-product","3":"status-publish","4":"has-post-thumbnail","6":"product_cat-baby-toddler","7":"product_cat-childrens-accessories","9":"first","10":"instock","11":"taxable","12":"shipping-taxable","13":"purchasable","14":"product-type-simple"},"jetpack_sharing_enabled":true,"_links":{"self":[{"href":"https:\/\/muneka.us\/en\/wp-json\/wp\/v2\/product\/9532","targetHints":{"allow":["GET"]}}],"collection":[{"href":"https:\/\/muneka.us\/en\/wp-json\/wp\/v2\/product"}],"about":[{"href":"https:\/\/muneka.us\/en\/wp-json\/wp\/v2\/types\/product"}],"replies":[{"embeddable":true,"href":"https:\/\/muneka.us\/en\/wp-json\/wp\/v2\/comments?post=9532"}],"wp:featuredmedia":[{"embeddable":true,"href":"https:\/\/muneka.us\/en\/wp-json\/wp\/v2\/media\/9533"}],"wp:attachment":[{"href":"https:\/\/muneka.us\/en\/wp-json\/wp\/v2\/media?parent=9532"}],"wp:term":[{"taxonomy":"product_brand","embeddable":true,"href":"https:\/\/muneka.us\/en\/wp-json\/wp\/v2\/product_brand?post=9532"},{"taxonomy":"product_cat","embeddable":true,"href":"https:\/\/muneka.us\/en\/wp-json\/wp\/v2\/product_cat?post=9532"},{"taxonomy":"product_tag","embeddable":true,"href":"https:\/\/muneka.us\/en\/wp-json\/wp\/v2\/product_tag?post=9532"}],"curies":[{"name":"wp","href":"https:\/\/api.w.org\/{rel}","templated":true}]}}