{"id":9528,"date":"2025-12-29T17:12:54","date_gmt":"2025-12-29T20:12:54","guid":{"rendered":"https:\/\/muneka.us\/product\/momcozy-automeal-baby-food-maker-one-step-auto-steam-blend-food-processor-15oz-large-cup-6-blade-design-self-cleaning-auto-3-stage-texture-settings-for-effortless-homemade-bab\/"},"modified":"2025-12-29T17:12:54","modified_gmt":"2025-12-29T20:12:54","slug":"momcozy-automeal-baby-food-maker-one-step-auto-steam-blend-food-processor-15oz-large-cup-6-blade-design-self-cleaning-auto-3-stage-texture-settings-for-effortless-homemade-bab","status":"publish","type":"product","link":"https:\/\/muneka.us\/en\/product\/momcozy-automeal-baby-food-maker-one-step-auto-steam-blend-food-processor-15oz-large-cup-6-blade-design-self-cleaning-auto-3-stage-texture-settings-for-effortless-homemade-bab\/","title":{"rendered":"Momcozy AutoMeal Baby Food Maker \u2013 One-Step Auto Steam &amp; Blend Food Processor, 15oz Large Cup &amp; 6-Blade Design, Self-Cleaning, Auto 3-Stage Texture Settings for Effortless Homemade Baby Puree"},"content":{"rendered":"<div class=\"flex flex-col text-sm pb-25\">\n<article class=\"text-token-text-primary w-full focus:outline-none [--shadow-height:45px] has-data-writing-block:pointer-events-none has-data-writing-block:-mt-(--shadow-height) has-data-writing-block:pt-(--shadow-height) [&amp;:has([data-writing-block])&gt;*]:pointer-events-auto scroll-mt-[calc(var(--header-height)+min(200px,max(70px,20svh)))]\" dir=\"auto\" data-turn-id=\"request-WEB:b4163cd6-6fe0-4737-9ac9-5f72130043ee-13\" data-testid=\"conversation-turn-28\" data-scroll-anchor=\"true\" data-turn=\"assistant\">\n<div class=\"text-base my-auto mx-auto pb-10 [--thread-content-margin:--spacing(4)] @w-sm\/main:[--thread-content-margin:--spacing(6)] @w-lg\/main:[--thread-content-margin:--spacing(16)] px-(--thread-content-margin)\">\n<div class=\"[--thread-content-max-width:40rem] @w-lg\/main:[--thread-content-max-width:48rem] mx-auto max-w-(--thread-content-max-width) flex-1 group\/turn-messages focus-visible:outline-hidden relative flex w-full min-w-0 flex-col agent-turn\">\n<div class=\"flex max-w-full flex-col grow\">\n<div data-message-author-role=\"assistant\" data-message-id=\"0610ea35-94ae-4dd6-8b7f-c54fb17fb2cc\" dir=\"auto\" class=\"min-h-8 text-message relative flex w-full flex-col items-end gap-2 text-start break-words whitespace-normal [.text-message+&amp;]:mt-1\" data-message-model-slug=\"gpt-5-mini\">\n<div class=\"flex w-full flex-col gap-1 empty:hidden first:pt-[1px]\">\n<div class=\"markdown prose dark:prose-invert w-full break-words light markdown-new-styling\">\n<p data-start=\"68\" data-end=\"435\"><strong data-start=\"68\" data-end=\"113\">Prepara\u00e7\u00e3o em 3 minutos, ele faz o resto:<\/strong> Basta gastar 3 minutos preparando os ingredientes \u2014 o Momcozy Baby Food Maker cuida automaticamente do cozimento a vapor e da mistura em 18\u201325 minutos. Fazer papinhas frescas e saud\u00e1veis nunca foi t\u00e3o f\u00e1cil, economizando tempo e esfor\u00e7o. Uma maneira simples e sem estresse de criar refei\u00e7\u00f5es nutritivas para o seu beb\u00ea.<\/p>\n<p data-start=\"437\" data-end=\"852\"><strong data-start=\"437\" data-end=\"488\">Design Cyclone de 6 l\u00e2minas, suavidade a vapor:<\/strong> Com um inovador design de 6 l\u00e2minas tipo ciclone, o vapor circula uniformemente por todos os ingredientes, garantindo pur\u00eas mais suaves e cremosos. Suave para as primeiras colheradas do beb\u00ea, o processador transforma legumes, frutas e carnes em pur\u00ea sedoso, ideal para a introdu\u00e7\u00e3o de s\u00f3lidos e suporte \u00e0 digest\u00e3o saud\u00e1vel nos primeiros est\u00e1gios de alimenta\u00e7\u00e3o.<\/p>\n<p data-start=\"854\" data-end=\"961\"><strong data-start=\"854\" data-end=\"901\">Controle autom\u00e1tico de textura em 3 n\u00edveis:<\/strong> Escolha entre textura lisa, m\u00e9dia ou grossa com um toque.<\/p>\n<ul data-start=\"962\" data-end=\"1256\">\n<li data-start=\"962\" data-end=\"1047\">\n<p data-start=\"964\" data-end=\"1047\"><strong data-start=\"964\" data-end=\"973\">Liso:<\/strong> Pur\u00eas sedosos para beb\u00eas da fase 1 que est\u00e3o come\u00e7ando a comer s\u00f3lidos.<\/p>\n<\/li>\n<li data-start=\"1048\" data-end=\"1153\">\n<p data-start=\"1050\" data-end=\"1153\"><strong data-start=\"1050\" data-end=\"1060\">M\u00e9dio:<\/strong> Pur\u00eas com pequenos peda\u00e7os macios para a fase 2, auxiliando nas habilidades de mastiga\u00e7\u00e3o.<\/p>\n<\/li>\n<li data-start=\"1154\" data-end=\"1256\">\n<p data-start=\"1156\" data-end=\"1256\"><strong data-start=\"1156\" data-end=\"1167\">Grossa:<\/strong> Pur\u00eas mais peda\u00e7udos para o m\u00e9todo de alimenta\u00e7\u00e3o guiada pelo beb\u00ea (baby-led weaning).<\/p>\n<\/li>\n<\/ul>\n<p data-start=\"1258\" data-end=\"1419\">O Momcozy AutoMeal ajusta automaticamente o tempo de mistura e a pot\u00eancia, tornando a prepara\u00e7\u00e3o de pur\u00eas e refei\u00e7\u00f5es saud\u00e1veis simples, r\u00e1pida e sem estresse.<\/p>\n<p data-start=\"1421\" data-end=\"1816\"><strong data-start=\"1421\" data-end=\"1481\">Copo grande de 15 oz (\u2248450 ml) para m\u00faltiplas refei\u00e7\u00f5es:<\/strong> Permite preparar at\u00e9 quatro por\u00e7\u00f5es de uma vez \u2014 perfeito para cozinhar em lote e facilitar o dia a dia de pais ocupados. Compacto, mas potente, funciona como vaporizador e processador de alimentos, ideal para a rotina de alimenta\u00e7\u00e3o do beb\u00ea. Economize tempo na cozinha e aproveite mais momentos de brincadeira e crescimento juntos.<\/p>\n<p data-start=\"1818\" data-end=\"2184\"><strong data-start=\"1818\" data-end=\"1873\">Seguran\u00e7a certificada, amor puro em cada colherada:<\/strong> Fabricado com materiais de grau aliment\u00edcio e livres de BPA, garantindo que cada refei\u00e7\u00e3o seja segura. Os pais podem preparar pur\u00eas caseiros saud\u00e1veis com confian\u00e7a, sabendo que o aparelho foi projetado com qualidade, seguran\u00e7a e o bem-estar do beb\u00ea em mente \u2014 um item essencial em qualquer lista de enxoval.<\/p>\n<p data-start=\"2186\" data-end=\"2584\" data-is-last-node=\"\" data-is-only-node=\"\"><strong data-start=\"2186\" data-end=\"2242\">Limpeza sem esfor\u00e7o, pronto para a pr\u00f3xima refei\u00e7\u00e3o:<\/strong> O Momcozy Baby Food Maker possui modo de auto-limpeza: basta adicionar \u00e1gua ao copo, e as l\u00e2minas misturam enquanto o vapor interno ajuda a manter o copo limpo. Com copo totalmente destac\u00e1vel e a escova de limpeza macia inclu\u00edda, a limpeza profunda \u00e9 f\u00e1cil. O copo sai limpo e sem res\u00edduos, pronto para a pr\u00f3xima papinha em apenas 3 minutos.<\/p>\n<\/div>\n<\/div>\n<\/div>\n<\/div>\n<div class=\"z-0 flex min-h-[46px] justify-start\"><\/div>\n<\/div>\n<\/div>\n<\/article>\n<\/div>\n<div aria-hidden=\"true\" data-edge=\"true\" class=\"pointer-events-none h-px w-px absolute bottom-0\"><\/div>\n","protected":false},"excerpt":{"rendered":"<p>Prepara\u00e7\u00e3o em 3 minutos, ele faz o resto: Basta gastar 3 minutos preparando os ingredientes \u2014 o Momcozy Baby Food Maker cuida automaticamente do cozimento a vapor e da mistura em 18\u201325 minutos. Fazer papinhas frescas e saud\u00e1veis nunca foi t\u00e3o f\u00e1cil, economizando tempo e esfor\u00e7o. Uma maneira simples e sem estresse de criar refei\u00e7\u00f5es [&#8230;]\n","protected":false},"featured_media":9529,"comment_status":"open","ping_status":"closed","template":"","meta":[],"product_brand":[],"product_cat":[3757,3759,3771],"product_tag":[],"class_list":{"0":"post-9528","1":"product","2":"type-product","3":"status-publish","4":"has-post-thumbnail","6":"product_cat-baby-toddler","7":"product_cat-childrens-accessories","8":"product_cat-kitchen","10":"first","11":"instock","12":"taxable","13":"shipping-taxable","14":"purchasable","15":"product-type-simple"},"jetpack_sharing_enabled":true,"_links":{"self":[{"href":"https:\/\/muneka.us\/en\/wp-json\/wp\/v2\/product\/9528","targetHints":{"allow":["GET"]}}],"collection":[{"href":"https:\/\/muneka.us\/en\/wp-json\/wp\/v2\/product"}],"about":[{"href":"https:\/\/muneka.us\/en\/wp-json\/wp\/v2\/types\/product"}],"replies":[{"embeddable":true,"href":"https:\/\/muneka.us\/en\/wp-json\/wp\/v2\/comments?post=9528"}],"wp:featuredmedia":[{"embeddable":true,"href":"https:\/\/muneka.us\/en\/wp-json\/wp\/v2\/media\/9529"}],"wp:attachment":[{"href":"https:\/\/muneka.us\/en\/wp-json\/wp\/v2\/media?parent=9528"}],"wp:term":[{"taxonomy":"product_brand","embeddable":true,"href":"https:\/\/muneka.us\/en\/wp-json\/wp\/v2\/product_brand?post=9528"},{"taxonomy":"product_cat","embeddable":true,"href":"https:\/\/muneka.us\/en\/wp-json\/wp\/v2\/product_cat?post=9528"},{"taxonomy":"product_tag","embeddable":true,"href":"https:\/\/muneka.us\/en\/wp-json\/wp\/v2\/product_tag?post=9528"}],"curies":[{"name":"wp","href":"https:\/\/api.w.org\/{rel}","templated":true}]}}