{"id":9516,"date":"2026-01-06T11:34:05","date_gmt":"2026-01-06T14:34:05","guid":{"rendered":"https:\/\/muneka.us\/product\/elizabeth-arden-red-door-womens-perfume-fragrance-floral-parfum-with-notes-of-freesia-roses-and-sandalwood-gift-for-her-eau-de-toilette\/"},"modified":"2026-01-06T11:34:05","modified_gmt":"2026-01-06T14:34:05","slug":"elizabeth-arden-red-door-womens-perfume-fragrance-floral-parfum-with-notes-of-freesia-roses-and-sandalwood-gift-for-her-eau-de-toilette","status":"publish","type":"product","link":"https:\/\/muneka.us\/en\/product\/elizabeth-arden-red-door-womens-perfume-fragrance-floral-parfum-with-notes-of-freesia-roses-and-sandalwood-gift-for-her-eau-de-toilette\/","title":{"rendered":"Elizabeth Arden Red Door Women&#8217;s Perfume, Fragrance, Floral Parfum with Notes of Freesia, Roses, and Sandalwood, Gift for Her, Eau de Toilette"},"content":{"rendered":"<h3 data-start=\"736\" data-end=\"762\">\ud83c\udf4a <strong data-start=\"743\" data-end=\"762\">Notas Olfativas<\/strong><\/h3>\n<p data-start=\"763\" data-end=\"786\">\ud83d\udc90 <strong data-start=\"766\" data-end=\"784\">Notas de topo:<\/strong><\/p>\n<ul data-start=\"787\" data-end=\"938\">\n<li data-start=\"787\" data-end=\"798\">\n<p data-start=\"789\" data-end=\"798\">Freesia<\/p>\n<\/li>\n<li data-start=\"799\" data-end=\"816\">\n<p data-start=\"801\" data-end=\"816\">L\u00edrio-do-vale<\/p>\n<\/li>\n<li data-start=\"817\" data-end=\"938\">\n<p data-start=\"819\" data-end=\"938\">Violeta silvestre<br data-start=\"836\" data-end=\"839\"><br \/>\n<em data-start=\"839\" data-end=\"900\">(a abertura \u00e9 floral fresca e chama aten\u00e7\u00e3o logo no in\u00edcio)<\/em><\/p>\n<\/li>\n<\/ul>\n","protected":false},"excerpt":{"rendered":"<p>\ud83c\udf4a Notas Olfativas \ud83d\udc90 Notas de topo: Freesia L\u00edrio-do-vale Violeta silvestre (a abertura \u00e9 floral fresca e chama aten\u00e7\u00e3o logo no in\u00edcio)<\/p>\n","protected":false},"featured_media":9517,"comment_status":"open","ping_status":"closed","template":"","meta":[],"product_brand":[],"product_cat":[3731,3810],"product_tag":[],"class_list":{"0":"post-9516","1":"product","2":"type-product","3":"status-publish","4":"has-post-thumbnail","6":"product_cat-perfumes","7":"product_cat-higiene-e-cuidados","9":"first","10":"outofstock","11":"taxable","12":"shipping-taxable","13":"purchasable","14":"product-type-simple"},"jetpack_sharing_enabled":true,"_links":{"self":[{"href":"https:\/\/muneka.us\/en\/wp-json\/wp\/v2\/product\/9516","targetHints":{"allow":["GET"]}}],"collection":[{"href":"https:\/\/muneka.us\/en\/wp-json\/wp\/v2\/product"}],"about":[{"href":"https:\/\/muneka.us\/en\/wp-json\/wp\/v2\/types\/product"}],"replies":[{"embeddable":true,"href":"https:\/\/muneka.us\/en\/wp-json\/wp\/v2\/comments?post=9516"}],"wp:featuredmedia":[{"embeddable":true,"href":"https:\/\/muneka.us\/en\/wp-json\/wp\/v2\/media\/9517"}],"wp:attachment":[{"href":"https:\/\/muneka.us\/en\/wp-json\/wp\/v2\/media?parent=9516"}],"wp:term":[{"taxonomy":"product_brand","embeddable":true,"href":"https:\/\/muneka.us\/en\/wp-json\/wp\/v2\/product_brand?post=9516"},{"taxonomy":"product_cat","embeddable":true,"href":"https:\/\/muneka.us\/en\/wp-json\/wp\/v2\/product_cat?post=9516"},{"taxonomy":"product_tag","embeddable":true,"href":"https:\/\/muneka.us\/en\/wp-json\/wp\/v2\/product_tag?post=9516"}],"curies":[{"name":"wp","href":"https:\/\/api.w.org\/{rel}","templated":true}]}}