{"id":9508,"date":"2026-01-06T11:48:06","date_gmt":"2026-01-06T14:48:06","guid":{"rendered":"https:\/\/muneka.us\/product\/lambs-ivy-dino-might-multicolor-dinosaur-musical-baby-crib-mobile-soother-toy\/"},"modified":"2026-01-06T11:48:06","modified_gmt":"2026-01-06T14:48:06","slug":"lambs-ivy-dino-might-multicolor-dinosaur-musical-baby-crib-mobile-soother-toy","status":"publish","type":"product","link":"https:\/\/muneka.us\/en\/product\/lambs-ivy-dino-might-multicolor-dinosaur-musical-baby-crib-mobile-soother-toy\/","title":{"rendered":"Lambs &amp; Ivy Dino-Might Multicolor Dinosaur Musical Baby Crib Mobile Soother Toy"},"content":{"rendered":"<h3 data-start=\"193\" data-end=\"217\"> <strong data-start=\"200\" data-end=\"217\">Design e Tema<\/strong><\/h3>\n<ul data-start=\"218\" data-end=\"423\">\n<li data-start=\"218\" data-end=\"423\">\n<p data-start=\"220\" data-end=\"423\">Tema <strong data-start=\"225\" data-end=\"255\">dinossauros multicoloridos<\/strong> com personagens suaves em veludo que giram sob um dossel de \u201cfolhas\u201d, criando est\u00edmulo visual e decorativo para o quarto do beb\u00ea<\/p>\n<\/li>\n<li data-start=\"218\" data-end=\"423\">\n<h3 data-start=\"425\" data-end=\"450\"><strong data-start=\"432\" data-end=\"450\">Fun\u00e7\u00e3o Musical<\/strong><\/h3>\n<p data-start=\"220\" data-end=\"423\">\n<ul data-start=\"451\" data-end=\"756\">\n<li data-start=\"451\" data-end=\"601\">\n<p data-start=\"453\" data-end=\"601\"><strong data-start=\"453\" data-end=\"490\">Toca 3 can\u00e7\u00f5es cl\u00e1ssicas de ninar<\/strong>: <em data-start=\"492\" data-end=\"508\">Brahms Lullaby<\/em>, <em data-start=\"510\" data-end=\"540\">Twinkle, Twinkle Little Star<\/em> e <em data-start=\"543\" data-end=\"560\">Rock-a-Bye Baby<\/em><\/p>\n<\/li>\n<li data-start=\"451\" data-end=\"601\">\n<p data-start=\"453\" data-end=\"601\"><em data-start=\"543\" data-end=\"560\">A m\u00fasica \u00e9 reproduzida por cerca de <strong data-start=\"640\" data-end=\"664\">20 minutos por ciclo<\/strong>, cen\u00e1rio ideal para ajudar o beb\u00ea a relaxar e dormir.\u00a0<\/em><\/p>\n<\/li>\n<\/ul>\n<\/li>\n<\/ul>\n","protected":false},"excerpt":{"rendered":"<p>Design e Tema Tema dinossauros multicoloridos com personagens suaves em veludo que giram sob um dossel de \u201cfolhas\u201d, criando est\u00edmulo visual e decorativo para o quarto do beb\u00ea Fun\u00e7\u00e3o Musical Toca 3 can\u00e7\u00f5es cl\u00e1ssicas de ninar: Brahms Lullaby, Twinkle, Twinkle Little Star e Rock-a-Bye Baby A m\u00fasica \u00e9 reproduzida por cerca de 20 minutos por [&#8230;]\n","protected":false},"featured_media":9509,"comment_status":"open","ping_status":"closed","template":"","meta":[],"product_brand":[],"product_cat":[3757,3759,3761],"product_tag":[],"class_list":{"0":"post-9508","1":"product","2":"type-product","3":"status-publish","4":"has-post-thumbnail","6":"product_cat-baby-toddler","7":"product_cat-childrens-accessories","8":"product_cat-toys","10":"first","11":"outofstock","12":"taxable","13":"shipping-taxable","14":"purchasable","15":"product-type-simple"},"jetpack_sharing_enabled":true,"_links":{"self":[{"href":"https:\/\/muneka.us\/en\/wp-json\/wp\/v2\/product\/9508","targetHints":{"allow":["GET"]}}],"collection":[{"href":"https:\/\/muneka.us\/en\/wp-json\/wp\/v2\/product"}],"about":[{"href":"https:\/\/muneka.us\/en\/wp-json\/wp\/v2\/types\/product"}],"replies":[{"embeddable":true,"href":"https:\/\/muneka.us\/en\/wp-json\/wp\/v2\/comments?post=9508"}],"wp:featuredmedia":[{"embeddable":true,"href":"https:\/\/muneka.us\/en\/wp-json\/wp\/v2\/media\/9509"}],"wp:attachment":[{"href":"https:\/\/muneka.us\/en\/wp-json\/wp\/v2\/media?parent=9508"}],"wp:term":[{"taxonomy":"product_brand","embeddable":true,"href":"https:\/\/muneka.us\/en\/wp-json\/wp\/v2\/product_brand?post=9508"},{"taxonomy":"product_cat","embeddable":true,"href":"https:\/\/muneka.us\/en\/wp-json\/wp\/v2\/product_cat?post=9508"},{"taxonomy":"product_tag","embeddable":true,"href":"https:\/\/muneka.us\/en\/wp-json\/wp\/v2\/product_tag?post=9508"}],"curies":[{"name":"wp","href":"https:\/\/api.w.org\/{rel}","templated":true}]}}