{"id":9500,"date":"2026-01-12T12:49:37","date_gmt":"2026-01-12T15:49:37","guid":{"rendered":"https:\/\/muneka.us\/product\/kipling-womens-gaze-large-rolling-backpack-durable-wheeled-backpack-with-adjustable-shoulder-straps-nylon-book-bag\/"},"modified":"2026-02-24T11:43:24","modified_gmt":"2026-02-24T14:43:24","slug":"kipling-womens-gaze-large-rolling-backpack-durable-wheeled-backpack-with-adjustable-shoulder-straps-nylon-book-bag","status":"publish","type":"product","link":"https:\/\/muneka.us\/en\/product\/kipling-womens-gaze-large-rolling-backpack-durable-wheeled-backpack-with-adjustable-shoulder-straps-nylon-book-bag\/","title":{"rendered":"Kipling Women&#8217;s Gaze Large Rolling Backpack, Durable, Wheeled Backpack with Adjustable Shoulder Straps, Nylon Book Bag"},"content":{"rendered":"<p data-start=\"57\" data-end=\"449\">Alguns dias voc\u00ea s\u00f3 precisa seguir o fluxo \u2014 ent\u00e3o pegue sua <strong data-start=\"118\" data-end=\"126\">Gaze<\/strong>! A capacidade de compartimentos da Gaze \u00e9 incr\u00edvel (s\u00e3o tr\u00eas antes mesmo de abrir o compartimento principal!), mas nosso detalhe favorito \u00e9 o fato de que voc\u00ea pode guardar as al\u00e7as acolchoadas, puxar a al\u00e7a retr\u00e1til e usar esta mochila com rodinhas no caminho. Use-a no dia a dia ou como uma pr\u00e1tica companheira de viagem.<\/p>\n<p data-start=\"451\" data-end=\"653\">Confeccionada com o nylon enrugado caracter\u00edstico da Kipling, resistente \u00e0 \u00e1gua e f\u00e1cil de limpar, esta mochila grande e vers\u00e1til \u00e9 leve para sua capacidade de <strong data-start=\"611\" data-end=\"624\">26 litros<\/strong>, pesando apenas <strong data-start=\"641\" data-end=\"652\">4,37 lb<\/strong>.<\/p>\n<p data-start=\"655\" data-end=\"866\">Ela acomoda facilmente todos os itens essenciais da vida (grandes e pequenos) e ainda conta com uma al\u00e7a retr\u00e1til pr\u00e1tica de <strong data-start=\"780\" data-end=\"805\">27,9 a 37,4 polegadas<\/strong> e <strong data-start=\"808\" data-end=\"822\">duas rodas<\/strong>, para quando a Gaze n\u00e3o estiver nas costas.<\/p>\n<p data-start=\"868\" data-end=\"1090\">As <strong data-start=\"871\" data-end=\"903\">al\u00e7as acolchoadas ajust\u00e1veis<\/strong>, <strong data-start=\"905\" data-end=\"939\">dois bolsos frontais com z\u00edper<\/strong> e a <strong data-start=\"944\" data-end=\"968\">al\u00e7a superior de m\u00e3o<\/strong> fazem da Gaze a mochila ideal para notebooks, viagens, faculdade, trabalho, neg\u00f3cios ou at\u00e9 mesmo como bolsa maternidade.<\/p>\n<p data-start=\"1092\" data-end=\"1338\">Na Kipling, ter <strong data-start=\"1108\" data-end=\"1126\">estilo pessoal<\/strong> \u00e9 mais importante do que ter o estilo perfeito. Por isso, nossas bolsas dur\u00e1veis e de alta qualidade s\u00e3o vendidas em mais de <strong data-start=\"1252\" data-end=\"1265\">80 pa\u00edses<\/strong> e est\u00e3o dispon\u00edveis em cores divertidas para crian\u00e7as, jovens e adultos.<\/p>\n","protected":false},"excerpt":{"rendered":"<p>Alguns dias voc\u00ea s\u00f3 precisa seguir o fluxo \u2014 ent\u00e3o pegue sua Gaze! A capacidade de compartimentos da Gaze \u00e9 incr\u00edvel (s\u00e3o tr\u00eas antes mesmo de abrir o compartimento principal!), mas nosso detalhe favorito \u00e9 o fato de que voc\u00ea pode guardar as al\u00e7as acolchoadas, puxar a al\u00e7a retr\u00e1til e usar esta mochila com rodinhas [&#8230;]\n","protected":false},"featured_media":9501,"comment_status":"open","ping_status":"closed","template":"","meta":[],"product_brand":[],"product_cat":[3726],"product_tag":[],"class_list":{"0":"post-9500","1":"product","2":"type-product","3":"status-publish","4":"has-post-thumbnail","6":"product_cat-bags-accessories","8":"first","9":"instock","10":"taxable","11":"shipping-taxable","12":"purchasable","13":"product-type-simple"},"jetpack_sharing_enabled":true,"_links":{"self":[{"href":"https:\/\/muneka.us\/en\/wp-json\/wp\/v2\/product\/9500","targetHints":{"allow":["GET"]}}],"collection":[{"href":"https:\/\/muneka.us\/en\/wp-json\/wp\/v2\/product"}],"about":[{"href":"https:\/\/muneka.us\/en\/wp-json\/wp\/v2\/types\/product"}],"replies":[{"embeddable":true,"href":"https:\/\/muneka.us\/en\/wp-json\/wp\/v2\/comments?post=9500"}],"wp:featuredmedia":[{"embeddable":true,"href":"https:\/\/muneka.us\/en\/wp-json\/wp\/v2\/media\/9501"}],"wp:attachment":[{"href":"https:\/\/muneka.us\/en\/wp-json\/wp\/v2\/media?parent=9500"}],"wp:term":[{"taxonomy":"product_brand","embeddable":true,"href":"https:\/\/muneka.us\/en\/wp-json\/wp\/v2\/product_brand?post=9500"},{"taxonomy":"product_cat","embeddable":true,"href":"https:\/\/muneka.us\/en\/wp-json\/wp\/v2\/product_cat?post=9500"},{"taxonomy":"product_tag","embeddable":true,"href":"https:\/\/muneka.us\/en\/wp-json\/wp\/v2\/product_tag?post=9500"}],"curies":[{"name":"wp","href":"https:\/\/api.w.org\/{rel}","templated":true}]}}