{"id":9456,"date":"2026-01-13T14:09:34","date_gmt":"2026-01-13T17:09:34","guid":{"rendered":"https:\/\/muneka.us\/product\/apple-iphone-16-pro-max-us-version-256gb-desert-titanium-unlocked-renewed\/"},"modified":"2026-02-24T11:43:31","modified_gmt":"2026-02-24T14:43:31","slug":"apple-iphone-16-pro-max-us-version-256gb-desert-titanium-unlocked-renewed","status":"publish","type":"product","link":"https:\/\/muneka.us\/en\/product\/apple-iphone-16-pro-max-us-version-256gb-desert-titanium-unlocked-renewed\/","title":{"rendered":"Apple iPhone 16 Pro Max, US Version, 256GB, Desert Titanium &#8211; Unlocked (Renewed)"},"content":{"rendered":"<p data-start=\"149\" data-end=\"306\">6,9&#8243; LTPO Super Retina XDR OLED, 120Hz, HDR10, Dolby Vision<br data-start=\"220\" data-end=\"223\"><br \/>\nResolu\u00e7\u00e3o: 1320 x 2868 px (460 ppi)<br data-start=\"258\" data-end=\"261\"><br \/>\nBrilho: 1000 nits (t\u00edpico), 2000 nits (HBM)<\/p>\n<p data-start=\"308\" data-end=\"333\"><strong data-start=\"308\" data-end=\"320\">Bateria:<\/strong><br data-start=\"320\" data-end=\"323\"><br \/>\n4685 mAh<\/p>\n<p data-start=\"335\" data-end=\"352\"><strong data-start=\"335\" data-end=\"350\">Desempenho:<\/strong><\/p>\n<ul data-start=\"353\" data-end=\"556\">\n<li data-start=\"353\" data-end=\"378\">\n<p data-start=\"355\" data-end=\"378\">Armazenamento: 256 GB<\/p>\n<\/li>\n<li data-start=\"379\" data-end=\"400\">\n<p data-start=\"381\" data-end=\"400\">Mem\u00f3ria RAM: 8 GB<\/p>\n<\/li>\n<li data-start=\"401\" data-end=\"475\">\n<p data-start=\"403\" data-end=\"475\">Processador: Apple A18 Pro (3 nm), Hexa-core (2&#215;4,05 GHz + 4&#215;2,42 GHz)<\/p>\n<\/li>\n<li data-start=\"476\" data-end=\"497\">\n<p data-start=\"478\" data-end=\"497\">GPU: Apple 6-core<\/p>\n<\/li>\n<li data-start=\"498\" data-end=\"556\">\n<p data-start=\"500\" data-end=\"556\">Sistema Operacional: iOS 18, atualiz\u00e1vel para iOS 18.3<\/p>\n<\/li>\n<\/ul>\n<p data-start=\"558\" data-end=\"572\"><strong data-start=\"558\" data-end=\"570\">C\u00e2meras:<\/strong><\/p>\n<ul data-start=\"573\" data-end=\"778\">\n<li data-start=\"573\" data-end=\"745\">\n<p data-start=\"575\" data-end=\"586\">Traseira:<\/p>\n<ul data-start=\"589\" data-end=\"745\">\n<li data-start=\"589\" data-end=\"612\">\n<p data-start=\"591\" data-end=\"612\">48 MP, f\/1.8 (wide)<\/p>\n<\/li>\n<li data-start=\"615\" data-end=\"672\">\n<p data-start=\"617\" data-end=\"672\">12 MP, f\/2.8 (perisc\u00f3pio telefoto) com zoom \u00f3ptico 5x<\/p>\n<\/li>\n<li data-start=\"675\" data-end=\"703\">\n<p data-start=\"677\" data-end=\"703\">48 MP, f\/2.2 (ultrawide)<\/p>\n<\/li>\n<li data-start=\"706\" data-end=\"745\">\n<p data-start=\"708\" data-end=\"745\">TOF 3D LiDAR scanner (profundidade)<\/p>\n<\/li>\n<\/ul>\n<\/li>\n<li data-start=\"746\" data-end=\"778\">\n<p data-start=\"748\" data-end=\"778\">Frontal: 12 MP, f\/1.9 (wide)<\/p>\n<\/li>\n<\/ul>\n<p data-start=\"780\" data-end=\"800\"><strong data-start=\"780\" data-end=\"798\">Conectividade:<\/strong><\/p>\n<ul data-start=\"801\" data-end=\"1029\">\n<li data-start=\"801\" data-end=\"842\">\n<p data-start=\"803\" data-end=\"842\">3G: HSDPA 850\/900\/1700(AWS)\/1900\/2100<\/p>\n<\/li>\n<li data-start=\"843\" data-end=\"970\">\n<p data-start=\"845\" data-end=\"970\">4G LTE: m\u00faltiplas bandas (1\/2\/3\/4\/5\/7\/8\/12\/13\/14\/17\/18\/19\/20\/25\/26\/28\/29\/30\/32\/34\/38\/39\/40\/41\/42\/48\/53\/66\/71, entre outras)<\/p>\n<\/li>\n<li data-start=\"971\" data-end=\"1015\">\n<p data-start=\"973\" data-end=\"1015\">5G: SA\/NSA\/Sub6\/mmWave, m\u00faltiplas bandas<\/p>\n<\/li>\n<li data-start=\"1016\" data-end=\"1029\">\n<p data-start=\"1018\" data-end=\"1029\">Dual eSIM<\/p>\n<\/li>\n<\/ul>\n<p data-start=\"1031\" data-end=\"1219\"><strong data-start=\"1031\" data-end=\"1048\">Desbloqueado:<\/strong><br data-start=\"1048\" data-end=\"1051\"><br \/>\nO telefone \u00e9 desbloqueado para liberdade de escolha da operadora. Compat\u00edvel com redes <strong data-start=\"1138\" data-end=\"1152\">GSM e CDMA<\/strong>, incluindo AT&amp;T, T-Mobile, Verizon, Straight Talk, entre outras.<\/p>\n","protected":false},"excerpt":{"rendered":"<p>6,9&#8243; LTPO Super Retina XDR OLED, 120Hz, HDR10, Dolby Vision Resolu\u00e7\u00e3o: 1320 x 2868 px (460 ppi) Brilho: 1000 nits (t\u00edpico), 2000 nits (HBM) Bateria: 4685 mAh Desempenho: Armazenamento: 256 GB Mem\u00f3ria RAM: 8 GB Processador: Apple A18 Pro (3 nm), Hexa-core (2&#215;4,05 GHz + 4&#215;2,42 GHz) GPU: Apple 6-core Sistema Operacional: iOS 18, atualiz\u00e1vel [&#8230;]\n","protected":false},"featured_media":9457,"comment_status":"open","ping_status":"closed","template":"","meta":[],"product_brand":[],"product_cat":[3804,3789,3785],"product_tag":[],"class_list":{"0":"post-9456","1":"product","2":"type-product","3":"status-publish","4":"has-post-thumbnail","6":"product_cat-mobile","7":"product_cat-electronics","8":"product_cat-technology","10":"first","11":"instock","12":"taxable","13":"shipping-taxable","14":"purchasable","15":"product-type-simple"},"jetpack_sharing_enabled":true,"_links":{"self":[{"href":"https:\/\/muneka.us\/en\/wp-json\/wp\/v2\/product\/9456","targetHints":{"allow":["GET"]}}],"collection":[{"href":"https:\/\/muneka.us\/en\/wp-json\/wp\/v2\/product"}],"about":[{"href":"https:\/\/muneka.us\/en\/wp-json\/wp\/v2\/types\/product"}],"replies":[{"embeddable":true,"href":"https:\/\/muneka.us\/en\/wp-json\/wp\/v2\/comments?post=9456"}],"wp:featuredmedia":[{"embeddable":true,"href":"https:\/\/muneka.us\/en\/wp-json\/wp\/v2\/media\/9457"}],"wp:attachment":[{"href":"https:\/\/muneka.us\/en\/wp-json\/wp\/v2\/media?parent=9456"}],"wp:term":[{"taxonomy":"product_brand","embeddable":true,"href":"https:\/\/muneka.us\/en\/wp-json\/wp\/v2\/product_brand?post=9456"},{"taxonomy":"product_cat","embeddable":true,"href":"https:\/\/muneka.us\/en\/wp-json\/wp\/v2\/product_cat?post=9456"},{"taxonomy":"product_tag","embeddable":true,"href":"https:\/\/muneka.us\/en\/wp-json\/wp\/v2\/product_tag?post=9456"}],"curies":[{"name":"wp","href":"https:\/\/api.w.org\/{rel}","templated":true}]}}