{"id":9448,"date":"2026-01-13T14:18:05","date_gmt":"2026-01-13T17:18:05","guid":{"rendered":"https:\/\/muneka.us\/product\/apple-iphone-16-pro-max-us-version-512gb-natural-titanium-unlocked-renewed\/"},"modified":"2026-02-24T11:43:32","modified_gmt":"2026-02-24T14:43:32","slug":"apple-iphone-16-pro-max-us-version-512gb-natural-titanium-unlocked-renewed","status":"publish","type":"product","link":"https:\/\/muneka.us\/en\/product\/apple-iphone-16-pro-max-us-version-512gb-natural-titanium-unlocked-renewed\/","title":{"rendered":"Apple iPhone 16 Pro Max, US Version, 512GB, Natural Titanium &#8211; Unlocked (Renewed)"},"content":{"rendered":"<p data-start=\"81\" data-end=\"368\"><strong data-start=\"81\" data-end=\"115\">DESIGN DESLUMBRANTE EM TIT\u00c2NIO<\/strong> \u2013 O iPhone 16 Pro Max apresenta um design leve e resistente em tit\u00e2nio, com <strong data-start=\"192\" data-end=\"234\">tela Super Retina XDR de 6,9 polegadas<\/strong>. Extremamente dur\u00e1vel, utiliza o <strong data-start=\"268\" data-end=\"304\">Ceramic Shield de \u00faltima gera\u00e7\u00e3o<\/strong>, duas vezes mais resistente que qualquer vidro de smartphone.<\/p>\n<p data-start=\"370\" data-end=\"628\"><strong data-start=\"370\" data-end=\"412\">DESENVOLVIDO PARA A INTELIG\u00caNCIA APPLE<\/strong> \u2013 A Intelig\u00eancia Apple \u00e9 um sistema pessoal que ajuda voc\u00ea a escrever, se expressar e realizar tarefas com facilidade. Com <strong data-start=\"536\" data-end=\"574\">prote\u00e7\u00f5es de privacidade avan\u00e7adas<\/strong>, garante que seus dados permane\u00e7am apenas com voc\u00ea.<\/p>\n<p data-start=\"630\" data-end=\"823\"><strong data-start=\"630\" data-end=\"658\">CONTROLE TOTAL DA C\u00c2MERA<\/strong> \u2013 O Controle da C\u00e2mera permite acessar rapidamente ferramentas como <strong data-start=\"727\" data-end=\"735\">zoom<\/strong> e <strong data-start=\"738\" data-end=\"763\">profundidade de campo<\/strong>, facilitando a captura da foto perfeita em tempo recorde.<\/p>\n","protected":false},"excerpt":{"rendered":"<p>DESIGN DESLUMBRANTE EM TIT\u00c2NIO \u2013 O iPhone 16 Pro Max apresenta um design leve e resistente em tit\u00e2nio, com tela Super Retina XDR de 6,9 polegadas. Extremamente dur\u00e1vel, utiliza o Ceramic Shield de \u00faltima gera\u00e7\u00e3o, duas vezes mais resistente que qualquer vidro de smartphone. DESENVOLVIDO PARA A INTELIG\u00caNCIA APPLE \u2013 A Intelig\u00eancia Apple \u00e9 um [&#8230;]\n","protected":false},"featured_media":9449,"comment_status":"open","ping_status":"closed","template":"","meta":[],"product_brand":[],"product_cat":[3804,3789,3785],"product_tag":[],"class_list":{"0":"post-9448","1":"product","2":"type-product","3":"status-publish","4":"has-post-thumbnail","6":"product_cat-mobile","7":"product_cat-electronics","8":"product_cat-technology","10":"first","11":"instock","12":"taxable","13":"shipping-taxable","14":"purchasable","15":"product-type-simple"},"jetpack_sharing_enabled":true,"_links":{"self":[{"href":"https:\/\/muneka.us\/en\/wp-json\/wp\/v2\/product\/9448","targetHints":{"allow":["GET"]}}],"collection":[{"href":"https:\/\/muneka.us\/en\/wp-json\/wp\/v2\/product"}],"about":[{"href":"https:\/\/muneka.us\/en\/wp-json\/wp\/v2\/types\/product"}],"replies":[{"embeddable":true,"href":"https:\/\/muneka.us\/en\/wp-json\/wp\/v2\/comments?post=9448"}],"wp:featuredmedia":[{"embeddable":true,"href":"https:\/\/muneka.us\/en\/wp-json\/wp\/v2\/media\/9449"}],"wp:attachment":[{"href":"https:\/\/muneka.us\/en\/wp-json\/wp\/v2\/media?parent=9448"}],"wp:term":[{"taxonomy":"product_brand","embeddable":true,"href":"https:\/\/muneka.us\/en\/wp-json\/wp\/v2\/product_brand?post=9448"},{"taxonomy":"product_cat","embeddable":true,"href":"https:\/\/muneka.us\/en\/wp-json\/wp\/v2\/product_cat?post=9448"},{"taxonomy":"product_tag","embeddable":true,"href":"https:\/\/muneka.us\/en\/wp-json\/wp\/v2\/product_tag?post=9448"}],"curies":[{"name":"wp","href":"https:\/\/api.w.org\/{rel}","templated":true}]}}