{"id":9440,"date":"2026-01-13T14:28:19","date_gmt":"2026-01-13T17:28:19","guid":{"rendered":"https:\/\/muneka.us\/product\/apple-iphone-16-us-version-256gb-black-unlocked-renewed-premium\/"},"modified":"2026-02-24T11:43:33","modified_gmt":"2026-02-24T14:43:33","slug":"apple-iphone-16-us-version-256gb-black-unlocked-renewed-premium","status":"publish","type":"product","link":"https:\/\/muneka.us\/en\/product\/apple-iphone-16-us-version-256gb-black-unlocked-renewed-premium\/","title":{"rendered":"Apple iPhone 16, US Version, 256GB, Black &#8211; Unlocked (Renewed Premium)"},"content":{"rendered":"<p data-start=\"77\" data-end=\"238\">Este produto <strong data-start=\"90\" data-end=\"103\">pr\u00e9-usado<\/strong> n\u00e3o \u00e9 certificado pela Apple, mas foi <strong data-start=\"142\" data-end=\"193\">inspecionado, testado e limpo profissionalmente<\/strong> por fornecedores qualificados pela Amazon.<\/p>\n<p data-start=\"240\" data-end=\"324\">N\u00e3o apresentar\u00e1 <strong data-start=\"256\" data-end=\"280\">imperfei\u00e7\u00f5es visuais<\/strong> quando observado \u00e0 dist\u00e2ncia de um bra\u00e7o.<\/p>\n<p data-start=\"326\" data-end=\"412\">A <strong data-start=\"328\" data-end=\"339\">bateria<\/strong> do produto possui <strong data-start=\"358\" data-end=\"387\">capacidade superior a 80%<\/strong> em rela\u00e7\u00e3o a uma nova.<\/p>\n<p data-start=\"414\" data-end=\"551\">Os <strong data-start=\"417\" data-end=\"431\">acess\u00f3rios<\/strong> n\u00e3o s\u00e3o originais, mas s\u00e3o <strong data-start=\"459\" data-end=\"498\">compat\u00edveis e totalmente funcionais<\/strong>. O produto pode ser enviado em <strong data-start=\"530\" data-end=\"548\">caixa gen\u00e9rica<\/strong>.<\/p>\n<p data-start=\"553\" data-end=\"684\">Este produto \u00e9 eleg\u00edvel para <strong data-start=\"582\" data-end=\"611\">substitui\u00e7\u00e3o ou reembolso<\/strong> em at\u00e9 <strong data-start=\"619\" data-end=\"649\">90 dias ap\u00f3s o recebimento<\/strong>, caso voc\u00ea n\u00e3o fique satisfeito.<\/p>\n","protected":false},"excerpt":{"rendered":"<p>Este produto pr\u00e9-usado n\u00e3o \u00e9 certificado pela Apple, mas foi inspecionado, testado e limpo profissionalmente por fornecedores qualificados pela Amazon. N\u00e3o apresentar\u00e1 imperfei\u00e7\u00f5es visuais quando observado \u00e0 dist\u00e2ncia de um bra\u00e7o. A bateria do produto possui capacidade superior a 80% em rela\u00e7\u00e3o a uma nova. Os acess\u00f3rios n\u00e3o s\u00e3o originais, mas s\u00e3o compat\u00edveis e totalmente [&#8230;]\n","protected":false},"featured_media":9441,"comment_status":"open","ping_status":"closed","template":"","meta":[],"product_brand":[],"product_cat":[3804,3789,3785],"product_tag":[],"class_list":{"0":"post-9440","1":"product","2":"type-product","3":"status-publish","4":"has-post-thumbnail","6":"product_cat-mobile","7":"product_cat-electronics","8":"product_cat-technology","10":"first","11":"instock","12":"taxable","13":"shipping-taxable","14":"purchasable","15":"product-type-simple"},"jetpack_sharing_enabled":true,"_links":{"self":[{"href":"https:\/\/muneka.us\/en\/wp-json\/wp\/v2\/product\/9440","targetHints":{"allow":["GET"]}}],"collection":[{"href":"https:\/\/muneka.us\/en\/wp-json\/wp\/v2\/product"}],"about":[{"href":"https:\/\/muneka.us\/en\/wp-json\/wp\/v2\/types\/product"}],"replies":[{"embeddable":true,"href":"https:\/\/muneka.us\/en\/wp-json\/wp\/v2\/comments?post=9440"}],"wp:featuredmedia":[{"embeddable":true,"href":"https:\/\/muneka.us\/en\/wp-json\/wp\/v2\/media\/9441"}],"wp:attachment":[{"href":"https:\/\/muneka.us\/en\/wp-json\/wp\/v2\/media?parent=9440"}],"wp:term":[{"taxonomy":"product_brand","embeddable":true,"href":"https:\/\/muneka.us\/en\/wp-json\/wp\/v2\/product_brand?post=9440"},{"taxonomy":"product_cat","embeddable":true,"href":"https:\/\/muneka.us\/en\/wp-json\/wp\/v2\/product_cat?post=9440"},{"taxonomy":"product_tag","embeddable":true,"href":"https:\/\/muneka.us\/en\/wp-json\/wp\/v2\/product_tag?post=9440"}],"curies":[{"name":"wp","href":"https:\/\/api.w.org\/{rel}","templated":true}]}}