{"id":9436,"date":"2026-01-13T14:50:13","date_gmt":"2026-01-13T17:50:13","guid":{"rendered":"https:\/\/muneka.us\/product\/american-soft-linen-luxury-6-piece-towel-set-2-bath-towels-2-hand-towel-2-washcloths-600-gsm-100-cotton-turkish-towels-for-bathroom-light-grey-towel-sets\/"},"modified":"2026-02-24T11:43:34","modified_gmt":"2026-02-24T14:43:34","slug":"american-soft-linen-luxury-6-piece-towel-set-2-bath-towels-2-hand-towel-2-washcloths-600-gsm-100-cotton-turkish-towels-for-bathroom-light-grey-towel-sets","status":"publish","type":"product","link":"https:\/\/muneka.us\/en\/product\/american-soft-linen-luxury-6-piece-towel-set-2-bath-towels-2-hand-towel-2-washcloths-600-gsm-100-cotton-turkish-towels-for-bathroom-light-grey-towel-sets\/","title":{"rendered":"American Soft Linen Luxury 6 Piece Towel Set, 2 Bath Towels 2 Hand Towel 2 Washcloths, 600 GSM 100% Cotton Turkish Towels for Bathroom, Light Grey Towel Sets"},"content":{"rendered":"<p data-start=\"68\" data-end=\"245\"><strong data-start=\"68\" data-end=\"114\">Conjunto de Toalhas de Luxo Turcas 6 Pe\u00e7as<\/strong> \u2013 Inclui: 2 toalhas de banho (27 x 54 polegadas), 2 toalhas de m\u00e3o (16 x 28 polegadas) e 2 toalhas de rosto (13 x 13 polegadas).<\/p>\n<p data-start=\"247\" data-end=\"441\">\u2705 <strong data-start=\"249\" data-end=\"280\">100% Algod\u00e3o Turco, 600 GSM<\/strong> \u2013 Essas toalhas de banheiro s\u00e3o <strong data-start=\"313\" data-end=\"366\">macias, absorventes, espessas e de secagem r\u00e1pida<\/strong>, ideais para o corpo, m\u00e3os e rosto ap\u00f3s o banho. <strong data-start=\"416\" data-end=\"438\">Lav\u00e1veis \u00e0 m\u00e1quina<\/strong>.<\/p>\n<p data-start=\"443\" data-end=\"619\">\u2705 <strong data-start=\"445\" data-end=\"483\">Certifica\u00e7\u00e3o OEKO-TEX STANDARD 100<\/strong> \u2013 Assegura que voc\u00ea e sua fam\u00edlia est\u00e3o protegidos, testando <strong data-start=\"545\" data-end=\"575\">cada componente do produto<\/strong> contra mais de 1.000 subst\u00e2ncias nocivas.<\/p>\n<p data-start=\"621\" data-end=\"786\">\u2705 <strong data-start=\"623\" data-end=\"639\">Aviso de Cor<\/strong> \u2013 Devido a varia\u00e7\u00f5es nos monitores e configura\u00e7\u00f5es de cores do computador, a cor exibida na tela do cliente pode diferir da cor real do produto.<\/p>\n<p data-start=\"788\" data-end=\"906\">\u2705 <strong data-start=\"790\" data-end=\"815\">Devolu\u00e7\u00e3o e Reembolso<\/strong> \u2013 Este item \u00e9 <strong data-start=\"830\" data-end=\"844\">retorn\u00e1vel<\/strong> e cumpre a <strong data-start=\"856\" data-end=\"903\">pol\u00edtica de devolu\u00e7\u00e3o e reembolso da Amazon<\/strong>.<\/p>\n","protected":false},"excerpt":{"rendered":"<p>Conjunto de Toalhas de Luxo Turcas 6 Pe\u00e7as \u2013 Inclui: 2 toalhas de banho (27 x 54 polegadas), 2 toalhas de m\u00e3o (16 x 28 polegadas) e 2 toalhas de rosto (13 x 13 polegadas). \u2705 100% Algod\u00e3o Turco, 600 GSM \u2013 Essas toalhas de banheiro s\u00e3o macias, absorventes, espessas e de secagem r\u00e1pida, ideais [&#8230;]\n","protected":false},"featured_media":9437,"comment_status":"open","ping_status":"closed","template":"","meta":[],"product_brand":[],"product_cat":[3769],"product_tag":[],"class_list":{"0":"post-9436","1":"product","2":"type-product","3":"status-publish","4":"has-post-thumbnail","6":"product_cat-home-decor","8":"first","9":"instock","10":"taxable","11":"shipping-taxable","12":"purchasable","13":"product-type-simple"},"jetpack_sharing_enabled":true,"_links":{"self":[{"href":"https:\/\/muneka.us\/en\/wp-json\/wp\/v2\/product\/9436","targetHints":{"allow":["GET"]}}],"collection":[{"href":"https:\/\/muneka.us\/en\/wp-json\/wp\/v2\/product"}],"about":[{"href":"https:\/\/muneka.us\/en\/wp-json\/wp\/v2\/types\/product"}],"replies":[{"embeddable":true,"href":"https:\/\/muneka.us\/en\/wp-json\/wp\/v2\/comments?post=9436"}],"wp:featuredmedia":[{"embeddable":true,"href":"https:\/\/muneka.us\/en\/wp-json\/wp\/v2\/media\/9437"}],"wp:attachment":[{"href":"https:\/\/muneka.us\/en\/wp-json\/wp\/v2\/media?parent=9436"}],"wp:term":[{"taxonomy":"product_brand","embeddable":true,"href":"https:\/\/muneka.us\/en\/wp-json\/wp\/v2\/product_brand?post=9436"},{"taxonomy":"product_cat","embeddable":true,"href":"https:\/\/muneka.us\/en\/wp-json\/wp\/v2\/product_cat?post=9436"},{"taxonomy":"product_tag","embeddable":true,"href":"https:\/\/muneka.us\/en\/wp-json\/wp\/v2\/product_tag?post=9436"}],"curies":[{"name":"wp","href":"https:\/\/api.w.org\/{rel}","templated":true}]}}