{"id":9416,"date":"2026-01-13T18:51:35","date_gmt":"2026-01-13T21:51:35","guid":{"rendered":"https:\/\/muneka.us\/product\/flowmaster-super-44-series-chambered-muffler-3-00-center-in-dual-out-aggressive-sound-16-gauge-aluminized-steel-for-classic-late-muscle-cars-s\/"},"modified":"2026-02-24T11:43:37","modified_gmt":"2026-02-24T14:43:37","slug":"flowmaster-super-44-series-chambered-muffler-3-00-center-in-dual-out-aggressive-sound-16-gauge-aluminized-steel-for-classic-late-muscle-cars-s","status":"publish","type":"product","link":"https:\/\/muneka.us\/en\/product\/flowmaster-super-44-series-chambered-muffler-3-00-center-in-dual-out-aggressive-sound-16-gauge-aluminized-steel-for-classic-late-muscle-cars-s\/","title":{"rendered":"Flowmaster Super 44 Series Chambered Muffler \u2013 3.00\u201d &#8211; Center In\/Dual Out \u2013 Aggressive Sound \u2013 16 Gauge Aluminized Steel \u2013 For Classic &amp; Late Muscle Cars, Street Rods, Trucks, SUVs (9430452)"},"content":{"rendered":"<p data-start=\"99\" data-end=\"471\"><strong data-start=\"99\" data-end=\"160\">SOM MAIS PROFUNDO E AGRESSIVO COM DESIGN DE DUAS C\u00c2MARAS:<\/strong> Desenvolvido como a pr\u00f3xima evolu\u00e7\u00e3o da S\u00e9rie 40, o Super 44 possui uma c\u00e2mara interna adicional, com ambas as c\u00e2maras dimensionadas e espa\u00e7adas de forma diferente. Esse design proporciona um tom mais grave, melhor desempenho e um n\u00edvel de som externo mais agressivo, mantendo uma resson\u00e2ncia interna moderada.<\/p>\n<p data-start=\"473\" data-end=\"674\"><strong data-start=\"473\" data-end=\"508\">DESIGN INTERNO DE DUAS C\u00c2MARAS:<\/strong> Projetado com a tecnologia Delta Flow de c\u00e2mara dupla da Flowmaster, a configura\u00e7\u00e3o de duas c\u00e2maras do Super 44 melhora a varredura dos gases de escape (scavenging).<\/p>\n<p data-start=\"676\" data-end=\"869\"><strong data-start=\"676\" data-end=\"702\">DESEMPENHO COMPROVADO:<\/strong> Melhora o fluxo de ar e a efici\u00eancia do escapamento, proporcionando melhor resposta do acelerador, acelera\u00e7\u00e3o e desempenho geral em uso urbano em toda a faixa de RPM.<\/p>\n<p data-start=\"871\" data-end=\"1071\"><strong data-start=\"871\" data-end=\"894\">CONSTRU\u00c7\u00c3O DUR\u00c1VEL:<\/strong> Fabricado em a\u00e7o aluminizado de calibre 16 e totalmente soldado pelo processo MIG, garantindo durabilidade sob altas temperaturas, vibra\u00e7\u00f5es e condi\u00e7\u00f5es de condu\u00e7\u00e3o agressivas.<\/p>\n<p data-start=\"1073\" data-end=\"1574\"><strong data-start=\"1073\" data-end=\"1097\">APLICA\u00c7\u00c3O UNIVERSAL:<\/strong> O corpo compacto de 4 polegadas se adapta a espa\u00e7os reduzidos onde abafadores maiores n\u00e3o cabem. Ideal para muscle cars, picapes, ve\u00edculos off-road, hot rods, carros personalizados rebaixados, projetos street\/strip e ve\u00edculos de uso di\u00e1rio que querem se destacar. Dispon\u00edvel em m\u00faltiplas op\u00e7\u00f5es de entrada e sa\u00edda para atender projetos personalizados e ve\u00edculos modificados.<br data-start=\"1472\" data-end=\"1475\"><br \/>\n<strong data-start=\"1475\" data-end=\"1508\">Dimens\u00f5es do corpo principal:<\/strong> 33 cm de comprimento x 24,1 cm de largura x 10,2 cm de espessura.<\/p>\n","protected":false},"excerpt":{"rendered":"<p>SOM MAIS PROFUNDO E AGRESSIVO COM DESIGN DE DUAS C\u00c2MARAS: Desenvolvido como a pr\u00f3xima evolu\u00e7\u00e3o da S\u00e9rie 40, o Super 44 possui uma c\u00e2mara interna adicional, com ambas as c\u00e2maras dimensionadas e espa\u00e7adas de forma diferente. Esse design proporciona um tom mais grave, melhor desempenho e um n\u00edvel de som externo mais agressivo, mantendo uma [&#8230;]\n","protected":false},"featured_media":9417,"comment_status":"open","ping_status":"closed","template":"","meta":[],"product_brand":[],"product_cat":[3801],"product_tag":[],"class_list":{"0":"post-9416","1":"product","2":"type-product","3":"status-publish","4":"has-post-thumbnail","6":"product_cat-automotive-parts","8":"first","9":"instock","10":"taxable","11":"shipping-taxable","12":"purchasable","13":"product-type-simple"},"jetpack_sharing_enabled":true,"_links":{"self":[{"href":"https:\/\/muneka.us\/en\/wp-json\/wp\/v2\/product\/9416","targetHints":{"allow":["GET"]}}],"collection":[{"href":"https:\/\/muneka.us\/en\/wp-json\/wp\/v2\/product"}],"about":[{"href":"https:\/\/muneka.us\/en\/wp-json\/wp\/v2\/types\/product"}],"replies":[{"embeddable":true,"href":"https:\/\/muneka.us\/en\/wp-json\/wp\/v2\/comments?post=9416"}],"wp:featuredmedia":[{"embeddable":true,"href":"https:\/\/muneka.us\/en\/wp-json\/wp\/v2\/media\/9417"}],"wp:attachment":[{"href":"https:\/\/muneka.us\/en\/wp-json\/wp\/v2\/media?parent=9416"}],"wp:term":[{"taxonomy":"product_brand","embeddable":true,"href":"https:\/\/muneka.us\/en\/wp-json\/wp\/v2\/product_brand?post=9416"},{"taxonomy":"product_cat","embeddable":true,"href":"https:\/\/muneka.us\/en\/wp-json\/wp\/v2\/product_cat?post=9416"},{"taxonomy":"product_tag","embeddable":true,"href":"https:\/\/muneka.us\/en\/wp-json\/wp\/v2\/product_tag?post=9416"}],"curies":[{"name":"wp","href":"https:\/\/api.w.org\/{rel}","templated":true}]}}