{"id":9400,"date":"2026-01-22T11:52:10","date_gmt":"2026-01-22T14:52:10","guid":{"rendered":"https:\/\/muneka.us\/product\/momcozy-22oz-portable-breast-milk-cooler-for-outdoor-life-saver-with-360-total-cooling-for-24-hours-larger-capacity-travel-breastmilk-chiller-with-2pcs-baby-bottles-for-breastmilk-storage-blu\/"},"modified":"2026-01-22T11:52:10","modified_gmt":"2026-01-22T14:52:10","slug":"momcozy-22oz-portable-breast-milk-cooler-for-outdoor-life-saver-with-360-total-cooling-for-24-hours-larger-capacity-travel-breastmilk-chiller-with-2pcs-baby-bottles-for-breastmilk-storage-blu","status":"publish","type":"product","link":"https:\/\/muneka.us\/en\/product\/momcozy-22oz-portable-breast-milk-cooler-for-outdoor-life-saver-with-360-total-cooling-for-24-hours-larger-capacity-travel-breastmilk-chiller-with-2pcs-baby-bottles-for-breastmilk-storage-blu\/","title":{"rendered":"Momcozy 22oz Portable Breast Milk Cooler for Outdoor, Life Saver with 360\u00b0 Total Cooling for 24 Hours, Larger Capacity Travel Breastmilk Chiller with 2pcs Baby Bottles for Breastmilk Storage, Blue"},"content":{"rendered":"<h3 data-start=\"247\" data-end=\"284\"> <strong data-start=\"254\" data-end=\"284\">Desempenho de Resfriamento<\/strong><\/h3>\n<ul data-start=\"285\" data-end=\"743\">\n<li data-start=\"285\" data-end=\"543\">\n<p data-start=\"287\" data-end=\"543\"><strong data-start=\"287\" data-end=\"331\">Tecnologia de resfriamento 360\u00b0 surround<\/strong>: mant\u00e9m a temperatura fria de forma uniforme ao redor das mamadeiras, prolongando o frescor do leite por <strong data-start=\"437\" data-end=\"457\">mais de 24 horas<\/strong> ap\u00f3s a prepara\u00e7\u00e3o da unidade de resfriamento. <span class=\"\" data-state=\"closed\"><\/span><\/p>\n<\/li>\n<li data-start=\"544\" data-end=\"743\">\n<p data-start=\"546\" data-end=\"743\"><strong data-start=\"546\" data-end=\"569\">Sem gelo necess\u00e1rio<\/strong>: utiliza um tubo de resfriamento congel\u00e1vel (gel pack) \u2014 basta congel\u00e1-lo por cerca de <strong data-start=\"657\" data-end=\"682\">12 horas antes do uso<\/strong> para ativar o sistema. <span class=\"\" data-state=\"closed\"><\/span><\/p>\n<\/li>\n<\/ul>\n<h3 data-start=\"745\" data-end=\"780\">\ud83c\udf7c <strong data-start=\"752\" data-end=\"780\">Capacidade e Organiza\u00e7\u00e3o<\/strong><\/h3>\n<ul data-start=\"781\" data-end=\"1186\">\n<li data-start=\"781\" data-end=\"993\">\n<p data-start=\"783\" data-end=\"993\"><strong data-start=\"783\" data-end=\"820\">Capacidade total ~22 oz (\u2248650 ml)<\/strong> dividida em <strong data-start=\"833\" data-end=\"881\">2 garrafas internas de ~11 oz (\u2248325 ml) cada<\/strong>, permitindo armazenar leite de v\u00e1rias sess\u00f5es de ordenha separadamente. <span class=\"\" data-state=\"closed\"><\/span><\/p>\n<\/li>\n<li data-start=\"994\" data-end=\"1186\">\n<p data-start=\"996\" data-end=\"1186\"><strong data-start=\"996\" data-end=\"1022\">Armazenamento separado<\/strong>: ideal para guardar leite quente e frio em garrafas diferentes para minimizar desperd\u00edcios e facilitar o uso ao longo do dia. <span class=\"\" data-state=\"closed\"><\/span><\/p>\n<\/li>\n<\/ul>\n<h3 data-start=\"1188\" data-end=\"1218\">\ud83e\uddf3 <strong data-start=\"1195\" data-end=\"1218\">Portabilidade &amp; Uso<\/strong><\/h3>\n<ul data-start=\"1219\" data-end=\"1684\">\n<li data-start=\"1219\" data-end=\"1368\">\n<p data-start=\"1221\" data-end=\"1368\">Design <strong data-start=\"1228\" data-end=\"1263\">port\u00e1til e f\u00e1cil de transportar<\/strong>, cabe na bolsa de maternidade, bolsa de bomba ou mala de viagem. <span class=\"\" data-state=\"closed\"><\/span><\/p>\n<\/li>\n<li data-start=\"1369\" data-end=\"1532\">\n<p data-start=\"1371\" data-end=\"1532\"><strong data-start=\"1371\" data-end=\"1420\">Compat\u00edvel com viagens de avi\u00e3o\/seguran\u00e7a TSA<\/strong> (permitido em quantidade razo\u00e1vel conforme normas de transporte a\u00e9reo). <span class=\"\" data-state=\"closed\"><\/span><\/p>\n<\/li>\n<li data-start=\"1533\" data-end=\"1684\">\n<p data-start=\"1535\" data-end=\"1684\">Pode ser usado para <strong data-start=\"1555\" data-end=\"1612\">viagens, trabalho, passeios ou atividades ao ar livre<\/strong> sem necessidade de rede el\u00e9trica. <span class=\"\" data-state=\"closed\"><\/span><\/p>\n<\/li>\n<\/ul>\n<h3 data-start=\"1686\" data-end=\"1715\">\ud83e\uddfc <strong data-start=\"1693\" data-end=\"1715\">Material e Higiene<\/strong><\/h3>\n<ul data-start=\"1716\" data-end=\"2015\">\n<li data-start=\"1716\" data-end=\"1833\">\n<p data-start=\"1718\" data-end=\"1833\"><strong data-start=\"1718\" data-end=\"1762\">Materiais de grau aliment\u00edcio e BPA-free<\/strong>, seguros para o leite materno. <span class=\"\" data-state=\"closed\"><\/span><\/p>\n<\/li>\n<li data-start=\"1834\" data-end=\"2015\">\n<p data-start=\"1836\" data-end=\"2015\">As garrafas internas s\u00e3o projetadas para <strong data-start=\"1877\" data-end=\"1894\">limpeza f\u00e1cil<\/strong> e podem ser compat\u00edveis com lavadoras\/esterilizadores de mamadeiras espec\u00edficos. <span class=\"\" data-state=\"closed\"><\/span><\/p>\n<\/li>\n<\/ul>\n<h3 data-start=\"2017\" data-end=\"2048\">\ud83d\udcaa <strong data-start=\"2024\" data-end=\"2048\">Extras e Observa\u00e7\u00f5es<\/strong><\/h3>\n<ul data-start=\"2049\" data-end=\"2374\">\n<li data-start=\"2049\" data-end=\"2193\">\n<p data-start=\"2051\" data-end=\"2193\">pacote normalmente inclui: <strong data-start=\"2078\" data-end=\"2139\">1 unidade de cooler + 2 garrafas + 1 tubo de resfriamento<\/strong> (gel pack). <span class=\"\" data-state=\"closed\"><\/span><\/p>\n<\/li>\n<li data-start=\"2194\" data-end=\"2374\">\n<p data-start=\"2196\" data-end=\"2374\">Produto pensado especialmente para <strong data-start=\"2231\" data-end=\"2271\">manter o leite fresco sem gelo extra<\/strong> e com menos bagun\u00e7a comparado a coolers tradicionais com gelo.<\/p>\n<\/li>\n<\/ul>\n","protected":false},"excerpt":{"rendered":"<p>Desempenho de Resfriamento Tecnologia de resfriamento 360\u00b0 surround: mant\u00e9m a temperatura fria de forma uniforme ao redor das mamadeiras, prolongando o frescor do leite por mais de 24 horas ap\u00f3s a prepara\u00e7\u00e3o da unidade de resfriamento. Sem gelo necess\u00e1rio: utiliza um tubo de resfriamento congel\u00e1vel (gel pack) \u2014 basta congel\u00e1-lo por cerca de 12 horas [&#8230;]\n","protected":false},"featured_media":9401,"comment_status":"open","ping_status":"closed","template":"","meta":[],"product_brand":[],"product_cat":[3757,3759],"product_tag":[],"class_list":{"0":"post-9400","1":"product","2":"type-product","3":"status-publish","4":"has-post-thumbnail","6":"product_cat-baby-toddler","7":"product_cat-childrens-accessories","9":"first","10":"instock","11":"taxable","12":"shipping-taxable","13":"purchasable","14":"product-type-simple"},"jetpack_sharing_enabled":true,"_links":{"self":[{"href":"https:\/\/muneka.us\/en\/wp-json\/wp\/v2\/product\/9400","targetHints":{"allow":["GET"]}}],"collection":[{"href":"https:\/\/muneka.us\/en\/wp-json\/wp\/v2\/product"}],"about":[{"href":"https:\/\/muneka.us\/en\/wp-json\/wp\/v2\/types\/product"}],"replies":[{"embeddable":true,"href":"https:\/\/muneka.us\/en\/wp-json\/wp\/v2\/comments?post=9400"}],"wp:featuredmedia":[{"embeddable":true,"href":"https:\/\/muneka.us\/en\/wp-json\/wp\/v2\/media\/9401"}],"wp:attachment":[{"href":"https:\/\/muneka.us\/en\/wp-json\/wp\/v2\/media?parent=9400"}],"wp:term":[{"taxonomy":"product_brand","embeddable":true,"href":"https:\/\/muneka.us\/en\/wp-json\/wp\/v2\/product_brand?post=9400"},{"taxonomy":"product_cat","embeddable":true,"href":"https:\/\/muneka.us\/en\/wp-json\/wp\/v2\/product_cat?post=9400"},{"taxonomy":"product_tag","embeddable":true,"href":"https:\/\/muneka.us\/en\/wp-json\/wp\/v2\/product_tag?post=9400"}],"curies":[{"name":"wp","href":"https:\/\/api.w.org\/{rel}","templated":true}]}}