{"id":9392,"date":"2026-01-22T12:02:34","date_gmt":"2026-01-22T15:02:34","guid":{"rendered":"https:\/\/muneka.us\/product\/joyin-baby-toys-duck-infant-dancing-crawling-musical-toys-18-months-tummy-time-light-up-learning-duck-with-music-lights-baby-easter-basket-stuffers-gifts\/"},"modified":"2026-01-22T12:02:34","modified_gmt":"2026-01-22T15:02:34","slug":"joyin-baby-toys-duck-infant-dancing-crawling-musical-toys-18-months-tummy-time-light-up-learning-duck-with-music-lights-baby-easter-basket-stuffers-gifts","status":"publish","type":"product","link":"https:\/\/muneka.us\/en\/product\/joyin-baby-toys-duck-infant-dancing-crawling-musical-toys-18-months-tummy-time-light-up-learning-duck-with-music-lights-baby-easter-basket-stuffers-gifts\/","title":{"rendered":"JOYIN Baby Toys Duck, Infant Dancing Crawling Musical Toys 18+ Months, Tummy Time Light Up Learning Duck with Music &amp; Lights, Baby Easter Basket Stuffers Gifts"},"content":{"rendered":"<h3 data-start=\"248\" data-end=\"281\">\ud83e\udd86 Caracter\u00edsticas Principais<\/h3>\n<p data-start=\"283\" data-end=\"315\"><strong data-start=\"283\" data-end=\"315\">\ud83c\udfb6 Sons e M\u00fasica Interativos<\/strong><\/p>\n<ul data-start=\"316\" data-end=\"627\">\n<li data-start=\"316\" data-end=\"499\">\n<p data-start=\"318\" data-end=\"499\">Possui <strong data-start=\"325\" data-end=\"347\">5 bot\u00f5es coloridos<\/strong> que tocam <strong data-start=\"358\" data-end=\"394\">at\u00e9 7 melodias e efeitos sonoros<\/strong>, incluindo sons divertidos e at\u00e9 batimentos card\u00edacos simulados. <span class=\"\" data-state=\"closed\"><\/span><\/p>\n<\/li>\n<li data-start=\"500\" data-end=\"627\">\n<p data-start=\"502\" data-end=\"627\">Um <strong data-start=\"505\" data-end=\"546\">patinho menor dentro da \u201cbolsa\u201d canta<\/strong> tamb\u00e9m, adicionando est\u00edmulo sonoro extra. <span class=\"\" data-state=\"closed\"><\/span><\/p>\n<\/li>\n<\/ul>\n<p data-start=\"629\" data-end=\"653\"><strong data-start=\"629\" data-end=\"653\">\ud83d\udca1 Luzes e Movimento<\/strong><\/p>\n<ul data-start=\"654\" data-end=\"976\">\n<li data-start=\"654\" data-end=\"782\">\n<p data-start=\"656\" data-end=\"782\">Bot\u00f5es e luzes LED coloridas que se acendem para <strong data-start=\"705\" data-end=\"741\">estimular a explora\u00e7\u00e3o sensorial<\/strong>. <span class=\"\" data-state=\"closed\"><\/span><\/p>\n<\/li>\n<li data-start=\"783\" data-end=\"976\">\n<p data-start=\"785\" data-end=\"976\">Ao apertar o bot\u00e3o no topo da cabe\u00e7a, o patinho <strong data-start=\"833\" data-end=\"877\">dan\u00e7a, pisca, balan\u00e7a, caminha e \u201ccanta\u201d<\/strong>, incentivando a crian\u00e7a a interagir e perseguir o brinquedo.&nbsp;<\/p>\n<\/li>\n<\/ul>\n","protected":false},"excerpt":{"rendered":"<p>\ud83e\udd86 Caracter\u00edsticas Principais \ud83c\udfb6 Sons e M\u00fasica Interativos Possui 5 bot\u00f5es coloridos que tocam at\u00e9 7 melodias e efeitos sonoros, incluindo sons divertidos e at\u00e9 batimentos card\u00edacos simulados. Um patinho menor dentro da \u201cbolsa\u201d canta tamb\u00e9m, adicionando est\u00edmulo sonoro extra. \ud83d\udca1 Luzes e Movimento Bot\u00f5es e luzes LED coloridas que se acendem para estimular a [&#8230;]\n","protected":false},"featured_media":9393,"comment_status":"open","ping_status":"closed","template":"","meta":[],"product_brand":[],"product_cat":[3759,3761],"product_tag":[],"class_list":{"0":"post-9392","1":"product","2":"type-product","3":"status-publish","4":"has-post-thumbnail","6":"product_cat-childrens-accessories","7":"product_cat-toys","9":"first","10":"instock","11":"taxable","12":"shipping-taxable","13":"purchasable","14":"product-type-simple"},"jetpack_sharing_enabled":true,"_links":{"self":[{"href":"https:\/\/muneka.us\/en\/wp-json\/wp\/v2\/product\/9392","targetHints":{"allow":["GET"]}}],"collection":[{"href":"https:\/\/muneka.us\/en\/wp-json\/wp\/v2\/product"}],"about":[{"href":"https:\/\/muneka.us\/en\/wp-json\/wp\/v2\/types\/product"}],"replies":[{"embeddable":true,"href":"https:\/\/muneka.us\/en\/wp-json\/wp\/v2\/comments?post=9392"}],"wp:featuredmedia":[{"embeddable":true,"href":"https:\/\/muneka.us\/en\/wp-json\/wp\/v2\/media\/9393"}],"wp:attachment":[{"href":"https:\/\/muneka.us\/en\/wp-json\/wp\/v2\/media?parent=9392"}],"wp:term":[{"taxonomy":"product_brand","embeddable":true,"href":"https:\/\/muneka.us\/en\/wp-json\/wp\/v2\/product_brand?post=9392"},{"taxonomy":"product_cat","embeddable":true,"href":"https:\/\/muneka.us\/en\/wp-json\/wp\/v2\/product_cat?post=9392"},{"taxonomy":"product_tag","embeddable":true,"href":"https:\/\/muneka.us\/en\/wp-json\/wp\/v2\/product_tag?post=9392"}],"curies":[{"name":"wp","href":"https:\/\/api.w.org\/{rel}","templated":true}]}}