{"id":9388,"date":"2026-01-22T12:05:21","date_gmt":"2026-01-22T15:05:21","guid":{"rendered":"https:\/\/muneka.us\/product\/magnetic-me-girls-modal-magnetic-baby-footie-pajamas-silky-soft-modal-fabric-baby-sleepers-available-sizes-pre-24m-2\/"},"modified":"2026-01-22T12:05:21","modified_gmt":"2026-01-22T15:05:21","slug":"magnetic-me-girls-modal-magnetic-baby-footie-pajamas-silky-soft-modal-fabric-baby-sleepers-available-sizes-pre-24m-2","status":"publish","type":"product","link":"https:\/\/muneka.us\/en\/product\/magnetic-me-girls-modal-magnetic-baby-footie-pajamas-silky-soft-modal-fabric-baby-sleepers-available-sizes-pre-24m-2\/","title":{"rendered":"Magnetic Me Girls Modal Magnetic Baby Footie Pajamas | Silky Soft Modal Fabric | Baby Sleepers Available Sizes PRE &#8211; 24M"},"content":{"rendered":"<h3 data-start=\"297\" data-end=\"334\"> <strong data-start=\"304\" data-end=\"334\">Fechos Magn\u00e9ticos Pr\u00e1ticos<\/strong><\/h3>\n<ul data-start=\"335\" data-end=\"653\">\n<li data-start=\"335\" data-end=\"494\">\n<p data-start=\"337\" data-end=\"494\">Sistema de <strong data-start=\"348\" data-end=\"378\">fechos magn\u00e9ticos SewSafe\u2122<\/strong> ao longo da frente, permitindo vestir e trocar fraldas <strong data-start=\"434\" data-end=\"462\">r\u00e1pido e silenciosamente<\/strong> \u2014 \u00f3timo para trocas noturnas.<\/p>\n<\/li>\n<li data-start=\"495\" data-end=\"653\">\n<p data-start=\"497\" data-end=\"653\">Os \u00edm\u00e3s s\u00e3o <strong data-start=\"509\" data-end=\"570\">seguramente costurados e isolados entre camadas de tecido<\/strong>, ficando inacess\u00edveis ao beb\u00ea por seguran\u00e7a. <span class=\"\" data-state=\"closed\"><\/span><\/p>\n<\/li>\n<\/ul>\n<h3 data-start=\"655\" data-end=\"689\">\ud83d\udecc <strong data-start=\"662\" data-end=\"689\">Tecido Modal Supermacio<\/strong><\/h3>\n<ul data-start=\"690\" data-end=\"977\">\n<li data-start=\"690\" data-end=\"825\">\n<p data-start=\"692\" data-end=\"825\">Confeccionado em <strong data-start=\"709\" data-end=\"754\">modal (94 % TENCEL\u2122 modal + 6 % elastano)<\/strong>, um material <strong data-start=\"768\" data-end=\"822\">ultra-suave, respir\u00e1vel e regulador de temperatura<\/strong>.<\/p>\n<\/li>\n<li data-start=\"826\" data-end=\"977\">\n<p data-start=\"828\" data-end=\"977\">Modal \u00e9 <strong data-start=\"836\" data-end=\"900\">bio-baseado, sustent\u00e1vel, gentil com a pele sens\u00edvel do beb\u00ea<\/strong>, resistente a bolinhas e desbotamento. <span class=\"\" data-state=\"closed\"><\/span><\/p>\n<\/li>\n<\/ul>\n<h3 data-start=\"979\" data-end=\"1007\">\ud83e\uddf5 <strong data-start=\"986\" data-end=\"1007\">Design e Conforto<\/strong><\/h3>\n<ul data-start=\"1008\" data-end=\"1353\">\n<li data-start=\"1008\" data-end=\"1097\">\n<p data-start=\"1010\" data-end=\"1097\"><strong data-start=\"1010\" data-end=\"1039\">Regula\u00e7\u00e3o t\u00e9rmica natural<\/strong> \u2014 mant\u00e9m o beb\u00ea confort\u00e1vel em climas quentes ou frios.<\/p>\n<\/li>\n<li data-start=\"1098\" data-end=\"1209\">\n<p data-start=\"1100\" data-end=\"1209\"><strong data-start=\"1100\" data-end=\"1138\">Mitten cuffs (cobertura para m\u00e3os)<\/strong> nas vers\u00f5es menores (at\u00e9 6 m) para proteger de arranh\u00f5es acidentais.<\/p>\n<\/li>\n<li data-start=\"1210\" data-end=\"1353\">\n<p data-start=\"1212\" data-end=\"1353\"><strong data-start=\"1212\" data-end=\"1237\">Solas antiderrapantes<\/strong> em tamanhos maiores ajudam a estabilidade quando o beb\u00ea come\u00e7a a ficar de p\u00e9. <span class=\"\" data-state=\"closed\"><\/span><\/p>\n<\/li>\n<\/ul>\n<h3 data-start=\"1355\" data-end=\"1386\">\ud83d\udccf <strong data-start=\"1362\" data-end=\"1386\">Tamanhos Dispon\u00edveis<\/strong><\/h3>\n<ul data-start=\"1387\" data-end=\"1593\">\n<li data-start=\"1387\" data-end=\"1593\">\n<p data-start=\"1389\" data-end=\"1593\">Gama ampla, geralmente de <strong data-start=\"1415\" data-end=\"1441\">PRE (preemie) at\u00e9 24 M<\/strong> (preemie, newborn, 0-3 m, 3-6 m, 6-9 m, 9-12 m, 12-18 m e 18-24 m) \u2014 ideal para acompanhar o crescimento do beb\u00ea. <span class=\"\" data-state=\"closed\"><\/span><\/p>\n<\/li>\n<\/ul>\n<h3 data-start=\"1595\" data-end=\"1625\">\ud83e\uddfc <strong data-start=\"1602\" data-end=\"1625\">Cuidados com a Pe\u00e7a<\/strong><\/h3>\n<ul data-start=\"1626\" data-end=\"1823\">\n<li data-start=\"1626\" data-end=\"1691\">\n<p data-start=\"1628\" data-end=\"1691\"><strong data-start=\"1628\" data-end=\"1649\">Lav\u00e1vel \u00e0 m\u00e1quina<\/strong> (feche os \u00edm\u00e3s antes de lavar e secar).<\/p>\n<\/li>\n<li data-start=\"1692\" data-end=\"1823\">\n<p data-start=\"1694\" data-end=\"1823\">Recomenda\u00e7\u00e3o de secagem suave e sem alvejante para preservar maciez e integridade dos \u00edm\u00e3s. <span class=\"\" data-state=\"closed\"><\/span><\/p>\n<\/li>\n<\/ul>\n<hr data-start=\"1825\" data-end=\"1828\">\n<h2 data-start=\"1830\" data-end=\"1860\">\u2b50 <strong data-start=\"1835\" data-end=\"1860\">Benef\u00edcios da Escolha<\/strong><\/h2>\n<ul data-start=\"1861\" data-end=\"2134\">\n<li data-start=\"1861\" data-end=\"1955\">\n<p data-start=\"1863\" data-end=\"1955\"><strong data-start=\"1863\" data-end=\"1895\">Trocas r\u00e1pidas e silenciosas<\/strong> gra\u00e7as aos fechos magn\u00e9ticos \u2014 \u00f3timo para rotina de sono.<\/p>\n<\/li>\n<li data-start=\"1956\" data-end=\"2033\">\n<p data-start=\"1958\" data-end=\"2033\"><strong data-start=\"1958\" data-end=\"1981\">Conforto prolongado<\/strong> com tecido respir\u00e1vel e regulador de temperatura.<\/p>\n<\/li>\n<li data-start=\"2034\" data-end=\"2134\">\n<p data-start=\"2036\" data-end=\"2134\"><strong data-start=\"2036\" data-end=\"2072\">Boa durabilidade e cuidado f\u00e1cil<\/strong>, ideal para uso di\u00e1rio.&nbsp;<\/p>\n<\/li>\n<\/ul>\n","protected":false},"excerpt":{"rendered":"<p>Fechos Magn\u00e9ticos Pr\u00e1ticos Sistema de fechos magn\u00e9ticos SewSafe\u2122 ao longo da frente, permitindo vestir e trocar fraldas r\u00e1pido e silenciosamente \u2014 \u00f3timo para trocas noturnas. Os \u00edm\u00e3s s\u00e3o seguramente costurados e isolados entre camadas de tecido, ficando inacess\u00edveis ao beb\u00ea por seguran\u00e7a. \ud83d\udecc Tecido Modal Supermacio Confeccionado em modal (94 % TENCEL\u2122 modal + 6 [&#8230;]\n","protected":false},"featured_media":9389,"comment_status":"open","ping_status":"closed","template":"","meta":[],"product_brand":[],"product_cat":[3757,3763],"product_tag":[],"class_list":{"0":"post-9388","1":"product","2":"type-product","3":"status-publish","4":"has-post-thumbnail","6":"product_cat-baby-toddler","7":"product_cat-clothes","9":"first","10":"instock","11":"taxable","12":"shipping-taxable","13":"purchasable","14":"product-type-simple"},"jetpack_sharing_enabled":true,"_links":{"self":[{"href":"https:\/\/muneka.us\/en\/wp-json\/wp\/v2\/product\/9388","targetHints":{"allow":["GET"]}}],"collection":[{"href":"https:\/\/muneka.us\/en\/wp-json\/wp\/v2\/product"}],"about":[{"href":"https:\/\/muneka.us\/en\/wp-json\/wp\/v2\/types\/product"}],"replies":[{"embeddable":true,"href":"https:\/\/muneka.us\/en\/wp-json\/wp\/v2\/comments?post=9388"}],"wp:featuredmedia":[{"embeddable":true,"href":"https:\/\/muneka.us\/en\/wp-json\/wp\/v2\/media\/9389"}],"wp:attachment":[{"href":"https:\/\/muneka.us\/en\/wp-json\/wp\/v2\/media?parent=9388"}],"wp:term":[{"taxonomy":"product_brand","embeddable":true,"href":"https:\/\/muneka.us\/en\/wp-json\/wp\/v2\/product_brand?post=9388"},{"taxonomy":"product_cat","embeddable":true,"href":"https:\/\/muneka.us\/en\/wp-json\/wp\/v2\/product_cat?post=9388"},{"taxonomy":"product_tag","embeddable":true,"href":"https:\/\/muneka.us\/en\/wp-json\/wp\/v2\/product_tag?post=9388"}],"curies":[{"name":"wp","href":"https:\/\/api.w.org\/{rel}","templated":true}]}}