{"id":9384,"date":"2026-01-22T12:07:48","date_gmt":"2026-01-22T15:07:48","guid":{"rendered":"https:\/\/muneka.us\/product\/frida-baby-control-the-flow-bath-rinse-cup-tear-free-rinser-to-wash-hair-and-body-with-easy-grip-handle-and-removable-rain-shower-made-in-usa\/"},"modified":"2026-01-22T12:07:48","modified_gmt":"2026-01-22T15:07:48","slug":"frida-baby-control-the-flow-bath-rinse-cup-tear-free-rinser-to-wash-hair-and-body-with-easy-grip-handle-and-removable-rain-shower-made-in-usa","status":"publish","type":"product","link":"https:\/\/muneka.us\/en\/product\/frida-baby-control-the-flow-bath-rinse-cup-tear-free-rinser-to-wash-hair-and-body-with-easy-grip-handle-and-removable-rain-shower-made-in-usa\/","title":{"rendered":"Frida Baby Control The Flow Bath Rinse Cup, Tear Free Rinser to Wash Hair and Body with Easy Grip Handle and Removable Rain Shower, Made in USA"},"content":{"rendered":"<h3 data-start=\"144\" data-end=\"164\">&nbsp;Vis\u00e3o Geral<\/h3>\n<p data-start=\"165\" data-end=\"399\">Um <strong data-start=\"168\" data-end=\"206\">copo de enx\u00e1gue para banho de beb\u00ea<\/strong> projetado para tornar a hora do banho mais confort\u00e1vel e pr\u00e1tica, com foco em proteger os <strong data-start=\"297\" data-end=\"360\">olhos e ouvidos da crian\u00e7a enquanto enx\u00e1gua shampoo e sab\u00e3o<\/strong>. <span class=\"\" data-state=\"closed\"><\/span><\/p>\n<hr data-start=\"401\" data-end=\"404\">\n<h2 data-start=\"406\" data-end=\"442\">\ud83e\uddfc <strong data-start=\"412\" data-end=\"442\">Principais Caracter\u00edsticas<\/strong><\/h2>\n<h3 data-start=\"444\" data-end=\"474\">\ud83d\udca7 Duas Formas de Enxaguar<\/h3>\n<ul data-start=\"475\" data-end=\"829\">\n<li data-start=\"475\" data-end=\"829\">\n<p data-start=\"477\" data-end=\"829\">Design <strong data-start=\"484\" data-end=\"497\">dual pour<\/strong> com duas op\u00e7\u00f5es de fluxo:<br data-start=\"523\" data-end=\"526\"><br \/>\n\u2022 <strong data-start=\"530\" data-end=\"561\">Chuva suave (\u201crain shower\u201d)<\/strong> \u2014 ideal para <strong data-start=\"575\" data-end=\"611\">rec\u00e9m-nascidos e beb\u00eas sens\u00edveis<\/strong>, distribui a \u00e1gua de forma gentil para evitar respingos no rosto.<br data-start=\"677\" data-end=\"680\"><br \/>\n\u2022 <strong data-start=\"684\" data-end=\"718\">Fluxo mais forte (\u201cwaterfall\u201d)<\/strong> \u2014 \u00f3timo para <strong data-start=\"732\" data-end=\"752\">crian\u00e7as maiores<\/strong>, ajudando a enxaguar mais rapidamente. <span class=\"\" data-state=\"closed\"><\/span><\/p>\n<\/li>\n<\/ul>\n<h3 data-start=\"831\" data-end=\"857\">\ud83e\udd32 Capacidade Generosa<\/h3>\n<ul data-start=\"858\" data-end=\"1044\">\n<li data-start=\"858\" data-end=\"1044\">\n<p data-start=\"860\" data-end=\"1044\"><strong data-start=\"860\" data-end=\"902\">Capacidade de cerca de 24 oz (~700 ml)<\/strong>, permitindo enxaguar <em data-start=\"924\" data-end=\"951\">mais de uma \u00e1rea do corpo<\/em> com menos recargas de \u00e1gua \u2014 mais pr\u00e1tico para banhos. <span class=\"\" data-state=\"closed\"><\/span><\/p>\n<\/li>\n<\/ul>\n<h3 data-start=\"1046\" data-end=\"1076\">\ud83e\udd0f Duplo Sistema de Pegada<\/h3>\n<ul data-start=\"1077\" data-end=\"1243\">\n<li data-start=\"1077\" data-end=\"1243\">\n<p data-start=\"1079\" data-end=\"1243\">Conta com <strong data-start=\"1089\" data-end=\"1125\">al\u00e7a ergon\u00f4mica + pega adicional<\/strong> para facilitar o controle do fluxo, mesmo com as m\u00e3os molhadas durante o banho. <span class=\"\" data-state=\"closed\"><\/span><\/p>\n<\/li>\n<\/ul>\n<h3 data-start=\"1245\" data-end=\"1272\">\ud83d\udc76 Seguran\u00e7a e Conforto<\/h3>\n<ul data-start=\"1273\" data-end=\"1558\">\n<li data-start=\"1273\" data-end=\"1448\">\n<p data-start=\"1275\" data-end=\"1448\">O <strong data-start=\"1277\" data-end=\"1347\">bico suave direciona a \u00e1gua para longe dos olhos e ouvidos do beb\u00ea<\/strong>, tornando a experi\u00eancia de lavar a cabe\u00e7a menos estressante. <span class=\"\" data-state=\"closed\"><\/span><\/p>\n<\/li>\n<li data-start=\"1449\" data-end=\"1558\">\n<p data-start=\"1451\" data-end=\"1558\"><strong data-start=\"1451\" data-end=\"1501\">BPA-free e materiais seguros para uso infantil<\/strong> (polietileno\/ABS). <span class=\"\" data-state=\"closed\"><\/span><\/p>\n<\/li>\n<\/ul>\n<h3 data-start=\"1560\" data-end=\"1584\">\ud83c\uddfa\ud83c\uddf8 Feito nos EUA<\/h3>\n<ul data-start=\"1585\" data-end=\"1743\">\n<li data-start=\"1585\" data-end=\"1743\">\n<p data-start=\"1587\" data-end=\"1743\">Fabricado nos <strong data-start=\"1601\" data-end=\"1619\">Estados Unidos<\/strong>, em materiais resistentes e de qualidade que atendem a padr\u00f5es de seguran\u00e7a infantis.&nbsp;<\/p>\n<\/li>\n<\/ul>\n","protected":false},"excerpt":{"rendered":"<p>&nbsp;Vis\u00e3o Geral Um copo de enx\u00e1gue para banho de beb\u00ea projetado para tornar a hora do banho mais confort\u00e1vel e pr\u00e1tica, com foco em proteger os olhos e ouvidos da crian\u00e7a enquanto enx\u00e1gua shampoo e sab\u00e3o. \ud83e\uddfc Principais Caracter\u00edsticas \ud83d\udca7 Duas Formas de Enxaguar Design dual pour com duas op\u00e7\u00f5es de fluxo: \u2022 Chuva suave [&#8230;]\n","protected":false},"featured_media":9385,"comment_status":"open","ping_status":"closed","template":"","meta":[],"product_brand":[],"product_cat":[3757,3759],"product_tag":[],"class_list":{"0":"post-9384","1":"product","2":"type-product","3":"status-publish","4":"has-post-thumbnail","6":"product_cat-baby-toddler","7":"product_cat-childrens-accessories","9":"first","10":"instock","11":"taxable","12":"shipping-taxable","13":"purchasable","14":"product-type-simple"},"jetpack_sharing_enabled":true,"_links":{"self":[{"href":"https:\/\/muneka.us\/en\/wp-json\/wp\/v2\/product\/9384","targetHints":{"allow":["GET"]}}],"collection":[{"href":"https:\/\/muneka.us\/en\/wp-json\/wp\/v2\/product"}],"about":[{"href":"https:\/\/muneka.us\/en\/wp-json\/wp\/v2\/types\/product"}],"replies":[{"embeddable":true,"href":"https:\/\/muneka.us\/en\/wp-json\/wp\/v2\/comments?post=9384"}],"wp:featuredmedia":[{"embeddable":true,"href":"https:\/\/muneka.us\/en\/wp-json\/wp\/v2\/media\/9385"}],"wp:attachment":[{"href":"https:\/\/muneka.us\/en\/wp-json\/wp\/v2\/media?parent=9384"}],"wp:term":[{"taxonomy":"product_brand","embeddable":true,"href":"https:\/\/muneka.us\/en\/wp-json\/wp\/v2\/product_brand?post=9384"},{"taxonomy":"product_cat","embeddable":true,"href":"https:\/\/muneka.us\/en\/wp-json\/wp\/v2\/product_cat?post=9384"},{"taxonomy":"product_tag","embeddable":true,"href":"https:\/\/muneka.us\/en\/wp-json\/wp\/v2\/product_tag?post=9384"}],"curies":[{"name":"wp","href":"https:\/\/api.w.org\/{rel}","templated":true}]}}