{"id":9376,"date":"2026-01-22T12:13:48","date_gmt":"2026-01-22T15:13:48","guid":{"rendered":"https:\/\/muneka.us\/product\/munchkin-electric-baby-swing-portable-and-lightweight-bluetooth-enabled-infant-rocker-with-natural-sway-in-5-ranges-of-motion-newborn-nursery-essentials-white-grey\/"},"modified":"2026-01-22T12:13:48","modified_gmt":"2026-01-22T15:13:48","slug":"munchkin-electric-baby-swing-portable-and-lightweight-bluetooth-enabled-infant-rocker-with-natural-sway-in-5-ranges-of-motion-newborn-nursery-essentials-white-grey","status":"publish","type":"product","link":"https:\/\/muneka.us\/en\/product\/munchkin-electric-baby-swing-portable-and-lightweight-bluetooth-enabled-infant-rocker-with-natural-sway-in-5-ranges-of-motion-newborn-nursery-essentials-white-grey\/","title":{"rendered":"Munchkin Electric Baby Swing, Portable and Lightweight, Bluetooth Enabled Infant Rocker with Natural Sway in 5 Ranges of Motion, Newborn Nursery Essentials, White\/Grey"},"content":{"rendered":"<h3 data-start=\"308\" data-end=\"350\">Caracter\u00edsticas e Funcionalidade<\/h3>\n<p data-start=\"351\" data-end=\"375\"><strong data-start=\"351\" data-end=\"375\">Movimento e conforto<\/strong><\/p>\n<ul data-start=\"376\" data-end=\"838\">\n<li data-start=\"376\" data-end=\"527\">\n<p data-start=\"378\" data-end=\"527\">Emula o balan\u00e7o natural de um adulto segurando o beb\u00ea com <strong data-start=\"436\" data-end=\"486\">movimento lateral suave em 5 n\u00edveis ajust\u00e1veis<\/strong>. <span class=\"\" data-state=\"closed\"><\/span><\/p>\n<\/li>\n<li data-start=\"528\" data-end=\"675\">\n<p data-start=\"530\" data-end=\"675\"><strong data-start=\"530\" data-end=\"565\">Design el\u00e9trico port\u00e1til e leve<\/strong>, f\u00e1cil de mover entre c\u00f4modos ou guardar quando n\u00e3o est\u00e1 sendo usado. <span class=\"\" data-state=\"closed\"><\/span><\/p>\n<\/li>\n<li data-start=\"676\" data-end=\"838\">\n<p data-start=\"678\" data-end=\"838\">Ideal desde <strong data-start=\"690\" data-end=\"771\">rec\u00e9m-nascidos at\u00e9 beb\u00eas que ainda n\u00e3o se sentam ou saem do balan\u00e7o sem ajuda<\/strong> (aprox. 5\u201320 lb \/ 2,2\u20139 kg). <span class=\"\" data-state=\"closed\"><\/span><\/p>\n<\/li>\n<\/ul>\n<p data-start=\"840\" data-end=\"865\"><strong data-start=\"840\" data-end=\"865\">\u00c1udio e conectividade<\/strong><\/p>\n<ul data-start=\"866\" data-end=\"1207\">\n<li data-start=\"866\" data-end=\"1027\">\n<p data-start=\"868\" data-end=\"1027\"><strong data-start=\"868\" data-end=\"892\">Bluetooth habilitado<\/strong> para conectar ao seu telefone e reproduzir m\u00fasicas ou sons calmantes diretamente pelo balan\u00e7o. <span class=\"\" data-state=\"closed\"><\/span><\/p>\n<\/li>\n<li data-start=\"1028\" data-end=\"1207\">\n<p data-start=\"1030\" data-end=\"1207\">Pr\u00e9-carregado com <strong data-start=\"1048\" data-end=\"1086\">sons calmantes e m\u00fasicas cl\u00e1ssicas<\/strong> (ex.: Bach, Mozart), al\u00e9m de permitir reprodu\u00e7\u00e3o de m\u00fasicas escolhidas por voc\u00ea. <span class=\"\" data-state=\"closed\"><\/span><\/p>\n<\/li>\n<\/ul>\n<p data-start=\"1209\" data-end=\"1237\"><strong data-start=\"1209\" data-end=\"1237\">Controles e conveni\u00eancia<\/strong><\/p>\n<ul data-start=\"1238\" data-end=\"1687\">\n<li data-start=\"1238\" data-end=\"1419\">\n<p data-start=\"1240\" data-end=\"1419\"><strong data-start=\"1240\" data-end=\"1264\">Tela touch intuitiva<\/strong> para ajustar velocidade, sons e temporizador \u2014 ou voc\u00ea pode usar o <strong data-start=\"1332\" data-end=\"1360\">controle remoto inclu\u00eddo<\/strong> em alguns modelos. <span class=\"\" data-state=\"closed\"><\/span><\/p>\n<\/li>\n<li data-start=\"1420\" data-end=\"1542\">\n<p data-start=\"1422\" data-end=\"1542\"><strong data-start=\"1422\" data-end=\"1455\">Montagem e desmontagem r\u00e1pida<\/strong>; dobra facilmente para armazenamento compacto. <span class=\"\" data-state=\"closed\"><\/span><\/p>\n<\/li>\n<li data-start=\"1543\" data-end=\"1687\">\n<p data-start=\"1545\" data-end=\"1687\"><strong data-start=\"1545\" data-end=\"1594\">Assento e apoio de cabe\u00e7a lav\u00e1veis na m\u00e1quina<\/strong> e revers\u00edveis para maior conforto e limpeza pr\u00e1tica.&nbsp;<\/p>\n<\/li>\n<\/ul>\n","protected":false},"excerpt":{"rendered":"<p>Caracter\u00edsticas e Funcionalidade Movimento e conforto Emula o balan\u00e7o natural de um adulto segurando o beb\u00ea com movimento lateral suave em 5 n\u00edveis ajust\u00e1veis. Design el\u00e9trico port\u00e1til e leve, f\u00e1cil de mover entre c\u00f4modos ou guardar quando n\u00e3o est\u00e1 sendo usado. Ideal desde rec\u00e9m-nascidos at\u00e9 beb\u00eas que ainda n\u00e3o se sentam ou saem do balan\u00e7o [&#8230;]\n","protected":false},"featured_media":9377,"comment_status":"open","ping_status":"closed","template":"","meta":[],"product_brand":[],"product_cat":[3757,3759],"product_tag":[],"class_list":{"0":"post-9376","1":"product","2":"type-product","3":"status-publish","4":"has-post-thumbnail","6":"product_cat-baby-toddler","7":"product_cat-childrens-accessories","9":"first","10":"instock","11":"taxable","12":"shipping-taxable","13":"purchasable","14":"product-type-simple"},"jetpack_sharing_enabled":true,"_links":{"self":[{"href":"https:\/\/muneka.us\/en\/wp-json\/wp\/v2\/product\/9376","targetHints":{"allow":["GET"]}}],"collection":[{"href":"https:\/\/muneka.us\/en\/wp-json\/wp\/v2\/product"}],"about":[{"href":"https:\/\/muneka.us\/en\/wp-json\/wp\/v2\/types\/product"}],"replies":[{"embeddable":true,"href":"https:\/\/muneka.us\/en\/wp-json\/wp\/v2\/comments?post=9376"}],"wp:featuredmedia":[{"embeddable":true,"href":"https:\/\/muneka.us\/en\/wp-json\/wp\/v2\/media\/9377"}],"wp:attachment":[{"href":"https:\/\/muneka.us\/en\/wp-json\/wp\/v2\/media?parent=9376"}],"wp:term":[{"taxonomy":"product_brand","embeddable":true,"href":"https:\/\/muneka.us\/en\/wp-json\/wp\/v2\/product_brand?post=9376"},{"taxonomy":"product_cat","embeddable":true,"href":"https:\/\/muneka.us\/en\/wp-json\/wp\/v2\/product_cat?post=9376"},{"taxonomy":"product_tag","embeddable":true,"href":"https:\/\/muneka.us\/en\/wp-json\/wp\/v2\/product_tag?post=9376"}],"curies":[{"name":"wp","href":"https:\/\/api.w.org\/{rel}","templated":true}]}}