{"id":9364,"date":"2026-01-22T12:21:55","date_gmt":"2026-01-22T15:21:55","guid":{"rendered":"https:\/\/muneka.us\/product\/pro-goleem-satin-bassinet-sheet-2-pack-great-for-baby-hair-soft-silk-feeling-sheet-for-cradle-or-bassinet-pad%ef%bc%86mattress-for-boys-and-girls-gift-for-newborn-and-infant-white-and-gray\/"},"modified":"2026-01-22T12:21:55","modified_gmt":"2026-01-22T15:21:55","slug":"pro-goleem-satin-bassinet-sheet-2-pack-great-for-baby-hair-soft-silk-feeling-sheet-for-cradle-or-bassinet-pad%ef%bc%86mattress-for-boys-and-girls-gift-for-newborn-and-infant-white-and-gray","status":"publish","type":"product","link":"https:\/\/muneka.us\/en\/product\/pro-goleem-satin-bassinet-sheet-2-pack-great-for-baby-hair-soft-silk-feeling-sheet-for-cradle-or-bassinet-pad%ef%bc%86mattress-for-boys-and-girls-gift-for-newborn-and-infant-white-and-gray\/","title":{"rendered":"Pro Goleem Satin Bassinet Sheet 2 Pack Great for Baby Hair Soft Silk Feeling Sheet for Cradle or Bassinet Pad\uff06Mattress for Boys and Girls Gift for Newborn and Infant White and Gray"},"content":{"rendered":"<h3 data-start=\"227\" data-end=\"261\">&nbsp;Principais Caracter\u00edsticas<\/h3>\n<ul data-start=\"262\" data-end=\"1574\">\n<li data-start=\"262\" data-end=\"435\">\n<p data-start=\"264\" data-end=\"435\"><strong data-start=\"264\" data-end=\"318\">Conjunto com 2 len\u00e7\u00f3is em tecido acetinado (satin)<\/strong> com toque <strong data-start=\"329\" data-end=\"347\">macio e sedoso<\/strong>, pensando no conforto da pele delicada do beb\u00ea. <span class=\"\" data-state=\"closed\"><\/span><\/p>\n<\/li>\n<li data-start=\"436\" data-end=\"719\">\n<p data-start=\"438\" data-end=\"719\"><strong data-start=\"438\" data-end=\"484\">Tecido satin de alta qualidade (poli\u00e9ster)<\/strong> que reduz a <strong data-start=\"497\" data-end=\"531\">fric\u00e7\u00e3o sobre o cabelo do beb\u00ea<\/strong>, ajudando a minimizar n\u00f3s, emaranhados e poss\u00edveis quebras de fio \u2014 por isso pode ser especialmente \u00fatil para quem se preocupa com cabelo sens\u00edvel. <span class=\"\" data-state=\"closed\"><\/span><\/p>\n<\/li>\n<li data-start=\"720\" data-end=\"1024\">\n<p data-start=\"722\" data-end=\"1024\"><strong data-start=\"722\" data-end=\"776\">Dimens\u00e3o universal para bassinet (\u224832&#8243; \u00d7 16&#8243; \u00d7 4&#8243;)<\/strong>, projetada para caber a maioria dos colch\u00f5es de ber\u00e7o pequeno, mois\u00e9s e \u201ccradle\u201d (oval, formato ampulheta ou retangular), com <strong data-start=\"903\" data-end=\"935\">el\u00e1stico envolvente na borda<\/strong> que mant\u00e9m o len\u00e7ol firme e ajustado ao colch\u00e3o. <span class=\"\" data-state=\"closed\"><\/span><\/p>\n<\/li>\n<li data-start=\"1025\" data-end=\"1210\">\n<p data-start=\"1027\" data-end=\"1210\"><strong data-start=\"1027\" data-end=\"1066\">Certifica\u00e7\u00e3o OEKO-TEX\u00ae Standard 100<\/strong> no tecido, o que indica aus\u00eancia de subst\u00e2ncias nocivas e maior seguran\u00e7a para a pele sens\u00edvel do beb\u00ea. <span class=\"\" data-state=\"closed\"><\/span><\/p>\n<\/li>\n<li data-start=\"1211\" data-end=\"1407\">\n<p data-start=\"1213\" data-end=\"1407\"><strong data-start=\"1213\" data-end=\"1232\">F\u00e1cil de limpar<\/strong>: pode ser lavado \u00e0 m\u00e1quina com ciclo suave, sem perder a cor ou o brilho, e sem tend\u00eancia a encolher, fazer bolinhas ou soltar fibras. <span class=\"\" data-state=\"closed\"><\/span><\/p>\n<\/li>\n<li data-start=\"1408\" data-end=\"1574\">\n<p data-start=\"1410\" data-end=\"1574\"><strong data-start=\"1410\" data-end=\"1446\">Design unissex em branco e cinza<\/strong>, adequado para meninos e meninas e combina com diferentes estilos de decora\u00e7\u00e3o de quarto. <span class=\"\" data-state=\"closed\"><\/span><\/p>\n<\/li>\n<\/ul>\n<h3 data-start=\"1576\" data-end=\"1605\">\ud83d\udc76 Benef\u00edcios para o Beb\u00ea<\/h3>\n<ul data-start=\"1606\" data-end=\"1918\">\n<li data-start=\"1606\" data-end=\"1752\">\n<p data-start=\"1608\" data-end=\"1752\">O tecido acetinado tem <strong data-start=\"1631\" data-end=\"1664\">toque suave e superf\u00edcie lisa<\/strong>, ideal para a pele delicada dos rec\u00e9m-nascidos. <span class=\"\" data-state=\"closed\"><\/span><\/p>\n<\/li>\n<li data-start=\"1753\" data-end=\"1918\">\n<p data-start=\"1755\" data-end=\"1918\">A redu\u00e7\u00e3o de fric\u00e7\u00e3o tamb\u00e9m pode significar <strong data-start=\"1799\" data-end=\"1851\">menos irrita\u00e7\u00e3o na pele e menos atrito no cabelo<\/strong> durante o sono e as sonecas. <span class=\"\" data-state=\"closed\"><\/span><\/p>\n<\/li>\n<\/ul>\n<p data-start=\"1920\" data-end=\"2178\">\ud83d\udca1 <strong data-start=\"1923\" data-end=\"1932\">Dica:<\/strong> sempre <strong data-start=\"1940\" data-end=\"1995\">me\u00e7a o colch\u00e3o do seu ber\u00e7o\/mois\u00e9s antes de comprar<\/strong> para confirmar que o tamanho universal vai servir \u2014 apesar da elasticidade, vers\u00f5es grandes ou pequenas demais podem n\u00e3o ajustar corretamente<\/p>\n","protected":false},"excerpt":{"rendered":"<p>&nbsp;Principais Caracter\u00edsticas Conjunto com 2 len\u00e7\u00f3is em tecido acetinado (satin) com toque macio e sedoso, pensando no conforto da pele delicada do beb\u00ea. Tecido satin de alta qualidade (poli\u00e9ster) que reduz a fric\u00e7\u00e3o sobre o cabelo do beb\u00ea, ajudando a minimizar n\u00f3s, emaranhados e poss\u00edveis quebras de fio \u2014 por isso pode ser especialmente \u00fatil [&#8230;]\n","protected":false},"featured_media":9365,"comment_status":"open","ping_status":"closed","template":"","meta":[],"product_brand":[],"product_cat":[3757,3759],"product_tag":[],"class_list":{"0":"post-9364","1":"product","2":"type-product","3":"status-publish","4":"has-post-thumbnail","6":"product_cat-baby-toddler","7":"product_cat-childrens-accessories","9":"first","10":"instock","11":"taxable","12":"shipping-taxable","13":"purchasable","14":"product-type-simple"},"jetpack_sharing_enabled":true,"_links":{"self":[{"href":"https:\/\/muneka.us\/en\/wp-json\/wp\/v2\/product\/9364","targetHints":{"allow":["GET"]}}],"collection":[{"href":"https:\/\/muneka.us\/en\/wp-json\/wp\/v2\/product"}],"about":[{"href":"https:\/\/muneka.us\/en\/wp-json\/wp\/v2\/types\/product"}],"replies":[{"embeddable":true,"href":"https:\/\/muneka.us\/en\/wp-json\/wp\/v2\/comments?post=9364"}],"wp:featuredmedia":[{"embeddable":true,"href":"https:\/\/muneka.us\/en\/wp-json\/wp\/v2\/media\/9365"}],"wp:attachment":[{"href":"https:\/\/muneka.us\/en\/wp-json\/wp\/v2\/media?parent=9364"}],"wp:term":[{"taxonomy":"product_brand","embeddable":true,"href":"https:\/\/muneka.us\/en\/wp-json\/wp\/v2\/product_brand?post=9364"},{"taxonomy":"product_cat","embeddable":true,"href":"https:\/\/muneka.us\/en\/wp-json\/wp\/v2\/product_cat?post=9364"},{"taxonomy":"product_tag","embeddable":true,"href":"https:\/\/muneka.us\/en\/wp-json\/wp\/v2\/product_tag?post=9364"}],"curies":[{"name":"wp","href":"https:\/\/api.w.org\/{rel}","templated":true}]}}