{"id":9356,"date":"2026-01-22T12:27:15","date_gmt":"2026-01-22T15:27:15","guid":{"rendered":"https:\/\/muneka.us\/product\/frida-baby-electric-nail-buffer-safe-easy-baby-nail-file-baby-nail-clippers-nail-trimmer-kit-for-newborn-toddler-childrens-fingernails-toenails-4-buffer-pads-led-light-storage-case-whit\/"},"modified":"2026-01-22T12:27:15","modified_gmt":"2026-01-22T15:27:15","slug":"frida-baby-electric-nail-buffer-safe-easy-baby-nail-file-baby-nail-clippers-nail-trimmer-kit-for-newborn-toddler-childrens-fingernails-toenails-4-buffer-pads-led-light-storage-case-whit","status":"publish","type":"product","link":"https:\/\/muneka.us\/en\/product\/frida-baby-electric-nail-buffer-safe-easy-baby-nail-file-baby-nail-clippers-nail-trimmer-kit-for-newborn-toddler-childrens-fingernails-toenails-4-buffer-pads-led-light-storage-case-whit\/","title":{"rendered":"Frida Baby Electric Nail Buffer | Safe + Easy Baby Nail File, Baby Nail Clippers + Nail Trimmer Kit for Newborn, Toddler, Children&#8217;s Fingernails\/Toenails, 4 Buffer Pads, LED Light, Storage Case, White"},"content":{"rendered":"<h3 data-start=\"290\" data-end=\"317\">O que \u00e9 este produto<\/h3>\n<p data-start=\"319\" data-end=\"587\">Um <strong data-start=\"322\" data-end=\"367\">arquivo\/lima el\u00e9trica de unhas para beb\u00eas<\/strong>, que substitui o uso de tesourinhas tradicionais por um sistema mais suave e controlado de <strong data-start=\"459\" data-end=\"494\">buffing (lapida\u00e7\u00e3o) e modelagem<\/strong>, ideal para rec\u00e9m-nascidos, beb\u00eas e crian\u00e7as pequenas. <span class=\"\" data-state=\"closed\"><\/span><\/p>\n<hr data-start=\"589\" data-end=\"592\">\n<h3 data-start=\"594\" data-end=\"626\">\u2728 Principais Caracter\u00edsticas<\/h3>\n<p data-start=\"628\" data-end=\"658\"><strong data-start=\"628\" data-end=\"656\">\ud83d\udd39 Funcionalidade 3-em-1<\/strong><\/p>\n<ul data-start=\"659\" data-end=\"871\">\n<li data-start=\"659\" data-end=\"871\">\n<p data-start=\"661\" data-end=\"871\">Funciona como <strong data-start=\"675\" data-end=\"714\">lima el\u00e9trica, alisador e modelador<\/strong> de unhas \u2014 cuida de unhas das m\u00e3os e dos p\u00e9s com um \u00fanico dispositivo, reduzindo o risco de cortar demais ou machucar. <span class=\"\" data-state=\"closed\"><\/span><\/p>\n<\/li>\n<\/ul>\n<p data-start=\"873\" data-end=\"904\"><strong data-start=\"873\" data-end=\"902\">\ud83d\udd39 Seguro e f\u00e1cil de usar<\/strong><\/p>\n<ul data-start=\"905\" data-end=\"1082\">\n<li data-start=\"905\" data-end=\"1082\">\n<p data-start=\"907\" data-end=\"1082\"><strong data-start=\"907\" data-end=\"944\">Empunhadura tipo l\u00e1pis ergon\u00f4mica<\/strong> que oferece controle completo para trabalhar ao redor das unhas delicadas dos beb\u00eas sem escorregar<\/p>\n<\/li>\n<\/ul>\n","protected":false},"excerpt":{"rendered":"<p>O que \u00e9 este produto Um arquivo\/lima el\u00e9trica de unhas para beb\u00eas, que substitui o uso de tesourinhas tradicionais por um sistema mais suave e controlado de buffing (lapida\u00e7\u00e3o) e modelagem, ideal para rec\u00e9m-nascidos, beb\u00eas e crian\u00e7as pequenas. \u2728 Principais Caracter\u00edsticas \ud83d\udd39 Funcionalidade 3-em-1 Funciona como lima el\u00e9trica, alisador e modelador de unhas \u2014 cuida [&#8230;]\n","protected":false},"featured_media":9357,"comment_status":"open","ping_status":"closed","template":"","meta":[],"product_brand":[],"product_cat":[3757,3759],"product_tag":[],"class_list":{"0":"post-9356","1":"product","2":"type-product","3":"status-publish","4":"has-post-thumbnail","6":"product_cat-baby-toddler","7":"product_cat-childrens-accessories","9":"first","10":"instock","11":"taxable","12":"shipping-taxable","13":"purchasable","14":"product-type-simple"},"jetpack_sharing_enabled":true,"_links":{"self":[{"href":"https:\/\/muneka.us\/en\/wp-json\/wp\/v2\/product\/9356","targetHints":{"allow":["GET"]}}],"collection":[{"href":"https:\/\/muneka.us\/en\/wp-json\/wp\/v2\/product"}],"about":[{"href":"https:\/\/muneka.us\/en\/wp-json\/wp\/v2\/types\/product"}],"replies":[{"embeddable":true,"href":"https:\/\/muneka.us\/en\/wp-json\/wp\/v2\/comments?post=9356"}],"wp:featuredmedia":[{"embeddable":true,"href":"https:\/\/muneka.us\/en\/wp-json\/wp\/v2\/media\/9357"}],"wp:attachment":[{"href":"https:\/\/muneka.us\/en\/wp-json\/wp\/v2\/media?parent=9356"}],"wp:term":[{"taxonomy":"product_brand","embeddable":true,"href":"https:\/\/muneka.us\/en\/wp-json\/wp\/v2\/product_brand?post=9356"},{"taxonomy":"product_cat","embeddable":true,"href":"https:\/\/muneka.us\/en\/wp-json\/wp\/v2\/product_cat?post=9356"},{"taxonomy":"product_tag","embeddable":true,"href":"https:\/\/muneka.us\/en\/wp-json\/wp\/v2\/product_tag?post=9356"}],"curies":[{"name":"wp","href":"https:\/\/api.w.org\/{rel}","templated":true}]}}