{"id":9348,"date":"2026-01-22T12:31:33","date_gmt":"2026-01-22T15:31:33","guid":{"rendered":"https:\/\/muneka.us\/product\/mustela-liniment-no-rinse-baby-cleanser-for-diaper-change-with-extra-virgin-olive-oil-fragrance-free-13-52-fl-oz\/"},"modified":"2026-01-22T12:31:33","modified_gmt":"2026-01-22T15:31:33","slug":"mustela-liniment-no-rinse-baby-cleanser-for-diaper-change-with-extra-virgin-olive-oil-fragrance-free-13-52-fl-oz","status":"publish","type":"product","link":"https:\/\/muneka.us\/en\/product\/mustela-liniment-no-rinse-baby-cleanser-for-diaper-change-with-extra-virgin-olive-oil-fragrance-free-13-52-fl-oz\/","title":{"rendered":"Mustela Liniment &#8211; No-Rinse Baby Cleanser for Diaper Change &#8211; with Extra Virgin Olive Oil &#8211; Fragrance-Free &#8211; 13.52 fl. Oz"},"content":{"rendered":"<h3 data-start=\"0\" data-end=\"125\"><strong data-start=\"4\" data-end=\"45\">Mustela Linimento Higiene Zona Da Fralda 400ml<\/strong> \u2013 <em data-start=\"48\" data-end=\"125\">Liniment No-Rinse Baby Cleanser para Troca de Fralda (13.52 fl oz \/ 400 ml)<\/em><\/h3>\n<p data-start=\"127\" data-end=\"421\">Um <strong data-start=\"130\" data-end=\"162\">limpador suave e sem enx\u00e1gue<\/strong> projetado especialmente para a <strong data-start=\"194\" data-end=\"268\">limpeza e prote\u00e7\u00e3o da pele delicada do beb\u00ea durante a troca de fraldas<\/strong>. F\u00f3rmula inspirada na tradi\u00e7\u00e3o francesa de cuidados infantis e adaptada para uso di\u00e1rio seguro desde o nascimento. <span class=\"\" data-state=\"closed\"><\/span><\/p>\n<hr data-start=\"423\" data-end=\"426\">\n<h2 data-start=\"428\" data-end=\"460\">\ud83e\uddfc Caracter\u00edsticas Principais<\/h2>\n<p data-start=\"462\" data-end=\"499\"><strong data-start=\"462\" data-end=\"497\">\ud83d\udd39 Limpeza eficiente e delicada<\/strong><\/p>\n<ul data-start=\"500\" data-end=\"659\">\n<li data-start=\"500\" data-end=\"659\">\n<p data-start=\"502\" data-end=\"659\">Linimento 2-em-1 que <strong data-start=\"523\" data-end=\"559\">limpa e hidrata a \u00e1rea da fralda<\/strong> em um s\u00f3 passo \u2014 sem necessidade de enxaguar com \u00e1gua depois. <span class=\"\" data-state=\"closed\"><\/span><\/p>\n<\/li>\n<\/ul>\n<p data-start=\"661\" data-end=\"705\"><strong data-start=\"661\" data-end=\"703\">\ud83d\udd39 Enriquecido com Azeite Virgem Extra<\/strong><\/p>\n<ul data-start=\"706\" data-end=\"897\">\n<li data-start=\"706\" data-end=\"897\">\n<p data-start=\"708\" data-end=\"897\">Cont\u00e9m <strong data-start=\"715\" data-end=\"778\">azeite virgem extra rico em \u00e1cidos graxos \u00f4mega-6 e \u00f4mega-9<\/strong>, que ajudam a <strong data-start=\"793\" data-end=\"840\">nutrir, suavizar e proteger a pele sens\u00edvel<\/strong> contra irrita\u00e7\u00f5es. <span class=\"\" data-state=\"closed\"><\/span><\/p>\n<\/li>\n<\/ul>\n<p data-start=\"899\" data-end=\"930\"><strong data-start=\"899\" data-end=\"928\">\ud83d\udd39 F\u00f3rmula suave e segura<\/strong><\/p>\n<ul data-start=\"931\" data-end=\"1250\">\n<li data-start=\"931\" data-end=\"1140\">\n<p data-start=\"933\" data-end=\"1140\"><strong data-start=\"933\" data-end=\"968\">Sem fragr\u00e2ncia (fragrance-free)<\/strong>, com <strong data-start=\"974\" data-end=\"1015\">99% de ingredientes de origem natural<\/strong>, formulado para minimizar o risco de alergias e irrita\u00e7\u00f5es mesmo em peles sens\u00edveis. <span class=\"\" data-state=\"closed\"><\/span><\/p>\n<\/li>\n<li data-start=\"1141\" data-end=\"1250\">\n<p data-start=\"1143\" data-end=\"1250\"><strong data-start=\"1143\" data-end=\"1161\">Hipoalerg\u00eanico<\/strong> e testado sob controle dermatol\u00f3gico e pedi\u00e1trico. <span class=\"\" data-state=\"closed\"><\/span><\/p>\n<\/li>\n<\/ul>\n<p data-start=\"1252\" data-end=\"1293\"><strong data-start=\"1252\" data-end=\"1291\">\ud83d\udd39 Prote\u00e7\u00e3o e hidrata\u00e7\u00e3o prolongada<\/strong><\/p>\n<ul data-start=\"1294\" data-end=\"1477\">\n<li data-start=\"1294\" data-end=\"1477\">\n<p data-start=\"1296\" data-end=\"1477\">A f\u00f3rmula forma uma <strong data-start=\"1316\" data-end=\"1343\">barreira protetora leve<\/strong> que ajuda a manter a pele <strong data-start=\"1370\" data-end=\"1391\">hidratada e suave<\/strong>, protegendo-a da umidade e do atrito da fralda. <span class=\"\" data-state=\"closed\"><\/span><\/p>\n<\/li>\n<\/ul>\n<p data-start=\"1479\" data-end=\"1505\"><strong data-start=\"1479\" data-end=\"1503\">\ud83d\udd39 Embalagem pr\u00e1tica<\/strong><\/p>\n<ul data-start=\"1506\" data-end=\"1689\">\n<li data-start=\"1506\" data-end=\"1689\">\n<p data-start=\"1508\" data-end=\"1689\">Dispon\u00edvel em <strong data-start=\"1522\" data-end=\"1541\">frasco com pump<\/strong> de 400 ml (\u224813.52 fl oz), ideal para uso no dia a dia e f\u00e1cil de aplicar com algod\u00e3o ou len\u00e7os reutiliz\u00e1veis. <span class=\"\" data-state=\"closed\"><\/span><\/p>\n<\/li>\n<\/ul>\n<hr data-start=\"1691\" data-end=\"1694\">\n<h2 data-start=\"1696\" data-end=\"1717\">\ud83d\udc76 Uso Recomendado<\/h2>\n<p data-start=\"1719\" data-end=\"2048\">\u2714 <strong data-start=\"1721\" data-end=\"1754\">Durante cada troca de fralda:<\/strong> Aplique o linimento num algod\u00e3o ou pano macio e <strong data-start=\"1803\" data-end=\"1841\">limpe delicadamente a \u00e1rea do beb\u00ea<\/strong>. N\u00e3o precisa enxaguar. <span class=\"\" data-state=\"closed\"><\/span><br data-start=\"1902\" data-end=\"1905\"><br \/>\n\u2714 <strong data-start=\"1907\" data-end=\"1930\">Desde o nascimento:<\/strong> Adequado para uso desde rec\u00e9m-nascidos, inclusive peles extremamente sens\u00edveis. <span class=\"\" data-state=\"closed\"><\/span><\/p>\n<hr data-start=\"2050\" data-end=\"2053\">\n<h2 data-start=\"2055\" data-end=\"2083\">\ud83e\udde0 Por que os pais gostam<\/h2>\n<ul data-start=\"2084\" data-end=\"2483\">\n<li data-start=\"2084\" data-end=\"2205\">\n<p data-start=\"2086\" data-end=\"2205\">Facilita muito a rotina de troca de fralda, eliminando etapas (como enx\u00e1gue). <span class=\"\" data-state=\"closed\"><\/span><\/p>\n<\/li>\n<li data-start=\"2206\" data-end=\"2322\">\n<p data-start=\"2208\" data-end=\"2322\">Deixa a pele mais <strong data-start=\"2226\" data-end=\"2279\">suave e menos propensa a vermelhid\u00e3o ou irrita\u00e7\u00e3o<\/strong>. <span class=\"\" data-state=\"closed\"><\/span><\/p>\n<\/li>\n<li data-start=\"2323\" data-end=\"2483\">\n<p data-start=\"2325\" data-end=\"2483\">F\u00f3rmula natural e sem perfume torna-o ideal para quem procura um produto <strong data-start=\"2398\" data-end=\"2442\">mais gentil e seguro para rec\u00e9m-nascidos<\/strong>.&nbsp;<\/p>\n<\/li>\n<\/ul>\n","protected":false},"excerpt":{"rendered":"<p>Mustela Linimento Higiene Zona Da Fralda 400ml \u2013 Liniment No-Rinse Baby Cleanser para Troca de Fralda (13.52 fl oz \/ 400 ml) Um limpador suave e sem enx\u00e1gue projetado especialmente para a limpeza e prote\u00e7\u00e3o da pele delicada do beb\u00ea durante a troca de fraldas. F\u00f3rmula inspirada na tradi\u00e7\u00e3o francesa de cuidados infantis e adaptada [&#8230;]\n","protected":false},"featured_media":9349,"comment_status":"open","ping_status":"closed","template":"","meta":[],"product_brand":[],"product_cat":[3757,3759],"product_tag":[],"class_list":{"0":"post-9348","1":"product","2":"type-product","3":"status-publish","4":"has-post-thumbnail","6":"product_cat-baby-toddler","7":"product_cat-childrens-accessories","9":"first","10":"instock","11":"taxable","12":"shipping-taxable","13":"purchasable","14":"product-type-simple"},"jetpack_sharing_enabled":true,"_links":{"self":[{"href":"https:\/\/muneka.us\/en\/wp-json\/wp\/v2\/product\/9348","targetHints":{"allow":["GET"]}}],"collection":[{"href":"https:\/\/muneka.us\/en\/wp-json\/wp\/v2\/product"}],"about":[{"href":"https:\/\/muneka.us\/en\/wp-json\/wp\/v2\/types\/product"}],"replies":[{"embeddable":true,"href":"https:\/\/muneka.us\/en\/wp-json\/wp\/v2\/comments?post=9348"}],"wp:featuredmedia":[{"embeddable":true,"href":"https:\/\/muneka.us\/en\/wp-json\/wp\/v2\/media\/9349"}],"wp:attachment":[{"href":"https:\/\/muneka.us\/en\/wp-json\/wp\/v2\/media?parent=9348"}],"wp:term":[{"taxonomy":"product_brand","embeddable":true,"href":"https:\/\/muneka.us\/en\/wp-json\/wp\/v2\/product_brand?post=9348"},{"taxonomy":"product_cat","embeddable":true,"href":"https:\/\/muneka.us\/en\/wp-json\/wp\/v2\/product_cat?post=9348"},{"taxonomy":"product_tag","embeddable":true,"href":"https:\/\/muneka.us\/en\/wp-json\/wp\/v2\/product_tag?post=9348"}],"curies":[{"name":"wp","href":"https:\/\/api.w.org\/{rel}","templated":true}]}}