{"id":9340,"date":"2026-01-22T12:36:04","date_gmt":"2026-01-22T15:36:04","guid":{"rendered":"https:\/\/muneka.us\/product\/mustela-baby-soothing-cleansing-water-no-rinse-micellar-water-for-very-sensitive-skin-with-natural-avocado-schizandra-berry-fragrance-free-ewg-verified-10-14-fl-oz\/"},"modified":"2026-01-22T12:36:04","modified_gmt":"2026-01-22T15:36:04","slug":"mustela-baby-soothing-cleansing-water-no-rinse-micellar-water-for-very-sensitive-skin-with-natural-avocado-schizandra-berry-fragrance-free-ewg-verified-10-14-fl-oz","status":"publish","type":"product","link":"https:\/\/muneka.us\/en\/product\/mustela-baby-soothing-cleansing-water-no-rinse-micellar-water-for-very-sensitive-skin-with-natural-avocado-schizandra-berry-fragrance-free-ewg-verified-10-14-fl-oz\/","title":{"rendered":"Mustela Baby Soothing Cleansing Water &#8211; No-Rinse Micellar Water for Very Sensitive Skin &#8211; with Natural Avocado &amp; Schizandra Berry &#8211; Fragrance Free &amp; EWG Verified &#8211; 10.14 fl. oz."},"content":{"rendered":"<h2 data-start=\"359\" data-end=\"391\">Caracter\u00edsticas Principais<\/h2>\n<p data-start=\"393\" data-end=\"422\"><strong data-start=\"393\" data-end=\"422\">\ud83c\udf3f F\u00f3rmula suave e segura<\/strong><\/p>\n<ul data-start=\"423\" data-end=\"930\">\n<li data-start=\"423\" data-end=\"595\">\n<p data-start=\"425\" data-end=\"595\">Produto <strong data-start=\"433\" data-end=\"468\">sem fragr\u00e2ncia (fragrance-free)<\/strong> e <strong data-start=\"471\" data-end=\"489\">hypoalerg\u00eanico<\/strong>, formulado para minimizar o risco de irrita\u00e7\u00f5es na pele sens\u00edvel. <span class=\"\" data-state=\"closed\"><\/span><\/p>\n<\/li>\n<li data-start=\"596\" data-end=\"729\">\n<p data-start=\"598\" data-end=\"729\">Com <strong data-start=\"602\" data-end=\"644\">99 % de ingredientes de origem natural<\/strong>, incluindo extratos calmantes e hidratantes. <span class=\"\" data-state=\"closed\"><\/span><\/p>\n<\/li>\n<li data-start=\"730\" data-end=\"930\">\n<p data-start=\"732\" data-end=\"930\"><strong data-start=\"732\" data-end=\"749\">EWG Verified\u00ae<\/strong>, indicando que atende aos crit\u00e9rios rigorosos de seguran\u00e7a e transpar\u00eancia da Environmental Working Group (evita ingredientes de preocupa\u00e7\u00e3o). <span class=\"\" data-state=\"closed\"><\/span><\/p>\n<\/li>\n<\/ul>\n<p data-start=\"932\" data-end=\"957\"><strong data-start=\"932\" data-end=\"957\">\ud83e\uddf8 Ingredientes chave<\/strong><\/p>\n<ul data-start=\"958\" data-end=\"1284\">\n<li data-start=\"958\" data-end=\"1101\">\n<p data-start=\"960\" data-end=\"1101\"><strong data-start=\"960\" data-end=\"1002\">Extrato de abacate (Avocado Perseose\u00ae)<\/strong> \u2013 ajuda a <strong data-start=\"1013\" data-end=\"1060\">proteger e hidratar a pele delicada do beb\u00ea<\/strong>. <span class=\"\" data-state=\"closed\"><\/span><\/p>\n<\/li>\n<li data-start=\"1102\" data-end=\"1284\">\n<p data-start=\"1104\" data-end=\"1284\"><strong data-start=\"1104\" data-end=\"1148\">Extrato de schisandra (Schizandra Berry)<\/strong> \u2013 conhecido por <strong data-start=\"1165\" data-end=\"1222\">suavizar sensa\u00e7\u00f5es de aperto, vermelhid\u00e3o e irrita\u00e7\u00e3o<\/strong> na pele muito sens\u00edvel. <span class=\"\" data-state=\"closed\"><\/span><\/p>\n<\/li>\n<\/ul>\n<p data-start=\"1286\" data-end=\"1316\"><strong data-start=\"1286\" data-end=\"1316\">\ud83d\udebc Uso pr\u00e1tico e eficiente<\/strong><\/p>\n<ul data-start=\"1317\" data-end=\"1788\">\n<li data-start=\"1317\" data-end=\"1520\">\n<p data-start=\"1319\" data-end=\"1520\"><strong data-start=\"1319\" data-end=\"1345\">No-rinse (sem enx\u00e1gue)<\/strong> \u2014 basta aplicar em um algod\u00e3o, pano suave ou len\u00e7o reutiliz\u00e1vel e limpar a pele do beb\u00ea; <strong data-start=\"1435\" data-end=\"1479\">n\u00e3o precisa enxaguar com \u00e1gua ap\u00f3s o uso<\/strong>. <span class=\"\" data-state=\"closed\"><\/span><\/p>\n<\/li>\n<li data-start=\"1521\" data-end=\"1675\">\n<p data-start=\"1523\" data-end=\"1675\">Ideal para <strong data-start=\"1534\" data-end=\"1582\">limpar o rosto, m\u00e3os, corpo e \u00e1rea da fralda<\/strong>, facilitando trocas r\u00e1pidas e limpezas entre banhos. <span class=\"\" data-state=\"closed\"><\/span><\/p>\n<\/li>\n<li data-start=\"1676\" data-end=\"1788\">\n<p data-start=\"1678\" data-end=\"1788\">Textura <strong data-start=\"1686\" data-end=\"1702\">n\u00e3o pegajosa<\/strong>, que deixa a pele <strong data-start=\"1721\" data-end=\"1749\">suave, limpa e hidratada<\/strong>. <span class=\"\" data-state=\"closed\"><\/span><\/p>\n<\/li>\n<\/ul>\n<hr data-start=\"1790\" data-end=\"1793\">\n<h2 data-start=\"1795\" data-end=\"1813\">\ud83e\udde0 Por que usar<\/h2>\n<p data-start=\"1815\" data-end=\"2208\">\u2714 Excelente para <strong data-start=\"1832\" data-end=\"1890\">pele muito sens\u00edvel, reativa ou propensa a vermelhid\u00e3o<\/strong>. <span class=\"\" data-state=\"closed\"><\/span><br data-start=\"1931\" data-end=\"1934\"><br \/>\n\u2714 Ajuda a <strong data-start=\"1944\" data-end=\"1983\">manter a hidrata\u00e7\u00e3o natural da pele<\/strong> enquanto remove sujeira ou res\u00edduos, sem ressecar.&nbsp;<span class=\"\" data-state=\"closed\"><\/span><\/p>\n","protected":false},"excerpt":{"rendered":"<p>Caracter\u00edsticas Principais \ud83c\udf3f F\u00f3rmula suave e segura Produto sem fragr\u00e2ncia (fragrance-free) e hypoalerg\u00eanico, formulado para minimizar o risco de irrita\u00e7\u00f5es na pele sens\u00edvel. Com 99 % de ingredientes de origem natural, incluindo extratos calmantes e hidratantes. EWG Verified\u00ae, indicando que atende aos crit\u00e9rios rigorosos de seguran\u00e7a e transpar\u00eancia da Environmental Working Group (evita ingredientes de [&#8230;]\n","protected":false},"featured_media":9341,"comment_status":"open","ping_status":"closed","template":"","meta":[],"product_brand":[],"product_cat":[3757,3759],"product_tag":[],"class_list":{"0":"post-9340","1":"product","2":"type-product","3":"status-publish","4":"has-post-thumbnail","6":"product_cat-baby-toddler","7":"product_cat-childrens-accessories","9":"first","10":"instock","11":"taxable","12":"shipping-taxable","13":"purchasable","14":"product-type-simple"},"jetpack_sharing_enabled":true,"_links":{"self":[{"href":"https:\/\/muneka.us\/en\/wp-json\/wp\/v2\/product\/9340","targetHints":{"allow":["GET"]}}],"collection":[{"href":"https:\/\/muneka.us\/en\/wp-json\/wp\/v2\/product"}],"about":[{"href":"https:\/\/muneka.us\/en\/wp-json\/wp\/v2\/types\/product"}],"replies":[{"embeddable":true,"href":"https:\/\/muneka.us\/en\/wp-json\/wp\/v2\/comments?post=9340"}],"wp:featuredmedia":[{"embeddable":true,"href":"https:\/\/muneka.us\/en\/wp-json\/wp\/v2\/media\/9341"}],"wp:attachment":[{"href":"https:\/\/muneka.us\/en\/wp-json\/wp\/v2\/media?parent=9340"}],"wp:term":[{"taxonomy":"product_brand","embeddable":true,"href":"https:\/\/muneka.us\/en\/wp-json\/wp\/v2\/product_brand?post=9340"},{"taxonomy":"product_cat","embeddable":true,"href":"https:\/\/muneka.us\/en\/wp-json\/wp\/v2\/product_cat?post=9340"},{"taxonomy":"product_tag","embeddable":true,"href":"https:\/\/muneka.us\/en\/wp-json\/wp\/v2\/product_tag?post=9340"}],"curies":[{"name":"wp","href":"https:\/\/api.w.org\/{rel}","templated":true}]}}