{"id":9332,"date":"2026-01-22T12:41:26","date_gmt":"2026-01-22T15:41:26","guid":{"rendered":"https:\/\/muneka.us\/product\/mustela-baby-soothing-cleansing-gel-fragrance-free-hair-body-wash-for-very-sensitive-skin-with-natural-avocado-perseose-schizandra-berry-10-14-fl-oz\/"},"modified":"2026-01-22T12:41:26","modified_gmt":"2026-01-22T15:41:26","slug":"mustela-baby-soothing-cleansing-gel-fragrance-free-hair-body-wash-for-very-sensitive-skin-with-natural-avocado-perseose-schizandra-berry-10-14-fl-oz","status":"publish","type":"product","link":"https:\/\/muneka.us\/en\/product\/mustela-baby-soothing-cleansing-gel-fragrance-free-hair-body-wash-for-very-sensitive-skin-with-natural-avocado-perseose-schizandra-berry-10-14-fl-oz\/","title":{"rendered":"Mustela Baby Soothing Cleansing Gel &#8211; Fragrance-Free Hair &amp; Body Wash for Very Sensitive Skin &#8211; with Natural Avocado Perseose &amp; Schizandra Berry &#8211; 10.14 fl. oz."},"content":{"rendered":"<h2 data-start=\"382\" data-end=\"414\">&nbsp;Caracter\u00edsticas Principais<\/h2>\n<p data-start=\"416\" data-end=\"450\"><strong data-start=\"416\" data-end=\"448\">\ud83d\udec1 Limpeza segura e delicada<\/strong><\/p>\n<ul data-start=\"451\" data-end=\"717\">\n<li data-start=\"451\" data-end=\"574\">\n<p data-start=\"453\" data-end=\"574\">Limpa <strong data-start=\"459\" data-end=\"508\">suave e eficazmente a pele e o cabelo do beb\u00ea<\/strong>, sem ressecar ou agredir. <span class=\"\" data-state=\"closed\"><\/span><\/p>\n<\/li>\n<li data-start=\"575\" data-end=\"717\">\n<p data-start=\"577\" data-end=\"717\"><strong data-start=\"577\" data-end=\"612\">Sem fragr\u00e2ncia (fragrance-free)<\/strong> e <strong data-start=\"615\" data-end=\"644\">toler\u00e2ncia ocular elevada<\/strong> (f\u00f3rmula que n\u00e3o irrita os olhos). <span class=\"\" data-state=\"closed\"><\/span><\/p>\n<\/li>\n<\/ul>\n<p data-start=\"719\" data-end=\"761\"><strong data-start=\"719\" data-end=\"759\">\ud83c\udf3f Ingredientes naturais e calmantes<\/strong><\/p>\n<ul data-start=\"762\" data-end=\"1154\">\n<li data-start=\"762\" data-end=\"1015\">\n<p data-start=\"764\" data-end=\"1015\">Com <strong data-start=\"768\" data-end=\"810\">98 % de ingredientes de origem natural<\/strong> segundo padr\u00e3o ISO 16128, incluindo <strong data-start=\"847\" data-end=\"868\">Avocado Perseose\u00ae<\/strong> e <strong data-start=\"871\" data-end=\"902\">extrato de Schizandra Berry<\/strong>, que ajudam a <strong data-start=\"917\" data-end=\"974\">proteger a barreira cut\u00e2nea e acalmar a pele sens\u00edvel<\/strong>. <span class=\"\" data-state=\"closed\"><\/span><\/p>\n<\/li>\n<li data-start=\"1016\" data-end=\"1154\">\n<p data-start=\"1018\" data-end=\"1154\"><strong data-start=\"1018\" data-end=\"1065\">Livre de parabenos, ftalatos e fenoxietanol<\/strong>, formulado para <strong data-start=\"1082\" data-end=\"1115\">minimizar o risco de alergias<\/strong>. <span class=\"\" data-state=\"closed\"><\/span><\/p>\n<\/li>\n<\/ul>\n<p data-start=\"1156\" data-end=\"1198\"><strong data-start=\"1156\" data-end=\"1196\">\ud83d\udc76 Adequado para pele muito sens\u00edvel<\/strong><\/p>\n<ul data-start=\"1199\" data-end=\"1495\">\n<li data-start=\"1199\" data-end=\"1382\">\n<p data-start=\"1201\" data-end=\"1382\">Desenvolvido para <strong data-start=\"1219\" data-end=\"1271\">pele reativa, irritada ou propensa a vermelhid\u00e3o<\/strong> \u2014 ideal para beb\u00eas com pele delicada ou com tend\u00eancia a sensibilidade. <span class=\"\" data-state=\"closed\"><\/span><\/p>\n<\/li>\n<li data-start=\"1383\" data-end=\"1495\">\n<p data-start=\"1385\" data-end=\"1495\">Testado sob <strong data-start=\"1397\" data-end=\"1436\">controle dermatol\u00f3gico e pedi\u00e1trico<\/strong> para alta seguran\u00e7a. <span class=\"\" data-state=\"closed\"><\/span><\/p>\n<\/li>\n<\/ul>\n<p data-start=\"1497\" data-end=\"1528\"><strong data-start=\"1497\" data-end=\"1526\">\ud83d\udebf F\u00e1cil de usar no banho<\/strong><\/p>\n<ul data-start=\"1529\" data-end=\"1750\">\n<li data-start=\"1529\" data-end=\"1750\">\n<p data-start=\"1531\" data-end=\"1750\">Consist\u00eancia em <em data-start=\"1547\" data-end=\"1552\">gel<\/em> que cria espuma suave; basta aplicar na m\u00e3o ou em uma esponja, <strong data-start=\"1616\" data-end=\"1659\">massagear gentilmente no corpo e cabelo<\/strong>, e depois <strong data-start=\"1670\" data-end=\"1696\">enxaguar completamente<\/strong> com \u00e1gua morna. <span class=\"\" data-state=\"closed\"><\/span><\/p>\n<\/li>\n<\/ul>\n<hr data-start=\"1752\" data-end=\"1755\">\n<h2 data-start=\"1757\" data-end=\"1773\">\ud83d\udc76 Benef\u00edcios<\/h2>\n<p data-start=\"1775\" data-end=\"2189\">\u2714 <strong data-start=\"1777\" data-end=\"1807\">Limpeza eficaz sem irritar<\/strong> \u2014 ideal para banho di\u00e1rio mesmo em peles delicadas. <span class=\"\" data-state=\"closed\"><\/span><br data-start=\"1897\" data-end=\"1900\"><br \/>\n\u2714 <strong data-start=\"1902\" data-end=\"1952\">Suaviza sensa\u00e7\u00f5es de repuxamento e vermelhid\u00e3o<\/strong> que podem surgir por \u00e1gua dura ou irrita\u00e7\u00e3o superficial. <span class=\"\" data-state=\"closed\"><\/span><br data-start=\"2049\" data-end=\"2052\"><br \/>\n\u2714 <strong data-start=\"2054\" data-end=\"2093\">Pode ser usado desde rec\u00e9m-nascidos<\/strong> (fora da UTI neonatal) gra\u00e7as \u00e0 f\u00f3rmula segura e suave.<\/p>\n","protected":false},"excerpt":{"rendered":"<p>&nbsp;Caracter\u00edsticas Principais \ud83d\udec1 Limpeza segura e delicada Limpa suave e eficazmente a pele e o cabelo do beb\u00ea, sem ressecar ou agredir. Sem fragr\u00e2ncia (fragrance-free) e toler\u00e2ncia ocular elevada (f\u00f3rmula que n\u00e3o irrita os olhos). \ud83c\udf3f Ingredientes naturais e calmantes Com 98 % de ingredientes de origem natural segundo padr\u00e3o ISO 16128, incluindo Avocado Perseose\u00ae [&#8230;]\n","protected":false},"featured_media":9333,"comment_status":"open","ping_status":"closed","template":"","meta":[],"product_brand":[],"product_cat":[3757,3759],"product_tag":[],"class_list":{"0":"post-9332","1":"product","2":"type-product","3":"status-publish","4":"has-post-thumbnail","6":"product_cat-baby-toddler","7":"product_cat-childrens-accessories","9":"first","10":"instock","11":"taxable","12":"shipping-taxable","13":"purchasable","14":"product-type-simple"},"jetpack_sharing_enabled":true,"_links":{"self":[{"href":"https:\/\/muneka.us\/en\/wp-json\/wp\/v2\/product\/9332","targetHints":{"allow":["GET"]}}],"collection":[{"href":"https:\/\/muneka.us\/en\/wp-json\/wp\/v2\/product"}],"about":[{"href":"https:\/\/muneka.us\/en\/wp-json\/wp\/v2\/types\/product"}],"replies":[{"embeddable":true,"href":"https:\/\/muneka.us\/en\/wp-json\/wp\/v2\/comments?post=9332"}],"wp:featuredmedia":[{"embeddable":true,"href":"https:\/\/muneka.us\/en\/wp-json\/wp\/v2\/media\/9333"}],"wp:attachment":[{"href":"https:\/\/muneka.us\/en\/wp-json\/wp\/v2\/media?parent=9332"}],"wp:term":[{"taxonomy":"product_brand","embeddable":true,"href":"https:\/\/muneka.us\/en\/wp-json\/wp\/v2\/product_brand?post=9332"},{"taxonomy":"product_cat","embeddable":true,"href":"https:\/\/muneka.us\/en\/wp-json\/wp\/v2\/product_cat?post=9332"},{"taxonomy":"product_tag","embeddable":true,"href":"https:\/\/muneka.us\/en\/wp-json\/wp\/v2\/product_tag?post=9332"}],"curies":[{"name":"wp","href":"https:\/\/api.w.org\/{rel}","templated":true}]}}