{"id":9324,"date":"2026-01-22T12:46:15","date_gmt":"2026-01-22T15:46:15","guid":{"rendered":"https:\/\/muneka.us\/product\/mustela-cicastela-moisture-recovery-cream-multipurpose-baby-ointment-for-skin-discomfort-with-natural-avocado-hyaluronic-acid-fragrance-free-1-35-fl-oz\/"},"modified":"2026-01-22T12:46:15","modified_gmt":"2026-01-22T15:46:15","slug":"mustela-cicastela-moisture-recovery-cream-multipurpose-baby-ointment-for-skin-discomfort-with-natural-avocado-hyaluronic-acid-fragrance-free-1-35-fl-oz","status":"publish","type":"product","link":"https:\/\/muneka.us\/en\/product\/mustela-cicastela-moisture-recovery-cream-multipurpose-baby-ointment-for-skin-discomfort-with-natural-avocado-hyaluronic-acid-fragrance-free-1-35-fl-oz\/","title":{"rendered":"Mustela Cicastela Moisture Recovery Cream &#8211; Multipurpose Baby Ointment for Skin Discomfort &#8211; with Natural Avocado &amp; Hyaluronic Acid &#8211; Fragrance-Free &#8211; 1.35 fl. Oz"},"content":{"rendered":"<h3 data-start=\"193\" data-end=\"226\">Caracter\u00edsticas Principais<\/h3>\n<ul data-start=\"227\" data-end=\"1458\">\n<li data-start=\"227\" data-end=\"433\">\n<p data-start=\"229\" data-end=\"433\"><strong data-start=\"229\" data-end=\"254\">Fun\u00e7\u00e3o multifuncional<\/strong> \u2014 ajuda a <strong data-start=\"265\" data-end=\"298\">recuperar, acalmar e hidratar<\/strong> \u00e1reas de pele ressecada ou com desconforto, como pequenos arranh\u00f5es, irrita\u00e7\u00f5es e \u00e1reas secas. <span class=\"\" data-state=\"closed\"><\/span><\/p>\n<\/li>\n<li data-start=\"434\" data-end=\"703\">\n<p data-start=\"436\" data-end=\"703\"><strong data-start=\"436\" data-end=\"479\">Ingredientes derivado de origem natural<\/strong> \u2014 formulado com aproximadamente <strong data-start=\"512\" data-end=\"548\">91\u201398 % de ingredientes naturais<\/strong>, incluindo <em data-start=\"560\" data-end=\"579\">Avocado Perseose\u00ae<\/em> (extrato de abacate) para <strong data-start=\"606\" data-end=\"639\">fortalecer a barreira cut\u00e2nea<\/strong> e ajudar na hidrata\u00e7\u00e3o. <span class=\"\" data-state=\"closed\"><\/span><\/p>\n<\/li>\n<li data-start=\"704\" data-end=\"905\">\n<p data-start=\"706\" data-end=\"905\"><strong data-start=\"706\" data-end=\"738\">\u00c1cido hialur\u00f4nico e Pantenol<\/strong> \u2014 o \u00e1cido hialur\u00f4nico hidrata profundamente e ajuda na recupera\u00e7\u00e3o da pele; o pantenol proporciona conforto e al\u00edvio imediato. <span class=\"\" data-state=\"closed\"><\/span><\/p>\n<\/li>\n<li data-start=\"906\" data-end=\"1085\">\n<p data-start=\"908\" data-end=\"1085\"><strong data-start=\"908\" data-end=\"948\">A\u00e7\u00e3o calmante e equilibrante da pele<\/strong> \u2014 tamb\u00e9m cont\u00e9m cobre-zinco que ajuda a manter a pele equilibrada e reduzir sinais de irrita\u00e7\u00e3o. <span class=\"\" data-state=\"closed\"><\/span><\/p>\n<\/li>\n<li data-start=\"1086\" data-end=\"1298\">\n<p data-start=\"1088\" data-end=\"1298\"><strong data-start=\"1088\" data-end=\"1134\">Textura leve, n\u00e3o gordurosa e n\u00e3o pegajosa<\/strong> \u2014 f\u00e1cil de espalhar, absorve bem sem deixar filme pesado, ideal para uso di\u00e1rio e ap\u00f3s a aplica\u00e7\u00e3o pode vestir normalmente. <span class=\"\" data-state=\"closed\"><\/span><\/p>\n<\/li>\n<li data-start=\"1299\" data-end=\"1458\">\n<p data-start=\"1301\" data-end=\"1458\"><strong data-start=\"1301\" data-end=\"1325\">Aplica\u00e7\u00e3o segmentada<\/strong> \u2014 o tubo com bico fino permite aplicar de forma espec\u00edfica nas \u00e1reas que precisam de cuidados. <span class=\"\" data-state=\"closed\"><\/span><\/p>\n<\/li>\n<\/ul>\n<h3 data-start=\"1460\" data-end=\"1488\">\ud83d\udc76 Seguran\u00e7a e Adequa\u00e7\u00e3o<\/h3>\n<ul data-start=\"1489\" data-end=\"1913\">\n<li data-start=\"1489\" data-end=\"1649\">\n<p data-start=\"1491\" data-end=\"1649\"><strong data-start=\"1491\" data-end=\"1555\">Fragrance-free e livre de parabenos, ftalatos e fenoxietanol<\/strong>, tornando o produto mais gentil para peles sens\u00edveis. <span class=\"\" data-state=\"closed\"><\/span><\/p>\n<\/li>\n<li data-start=\"1650\" data-end=\"1794\">\n<p data-start=\"1652\" data-end=\"1794\"><strong data-start=\"1652\" data-end=\"1711\">Hipoalerg\u00eanico, testado por dermatologistas e pediatras<\/strong> para minimizar risco de rea\u00e7\u00f5es al\u00e9rgicas. <span class=\"\" data-state=\"closed\"><\/span><\/p>\n<\/li>\n<li data-start=\"1795\" data-end=\"1913\">\n<p data-start=\"1797\" data-end=\"1913\"><strong data-start=\"1797\" data-end=\"1826\">Seguro desde o nascimento<\/strong> (incluindo rec\u00e9m-nascidos fora de UTI neonatal). <span class=\"\" data-state=\"closed\"><\/span><\/p>\n<\/li>\n<\/ul>\n<h3 data-start=\"1915\" data-end=\"1939\">\ud83d\udccd Indica\u00e7\u00f5es de Uso<\/h3>\n<ul data-start=\"1940\" data-end=\"2278\">\n<li data-start=\"1940\" data-end=\"2053\">\n<p data-start=\"1942\" data-end=\"2053\"><strong data-start=\"1942\" data-end=\"1965\">Desconforto da pele<\/strong>, como \u00e1reas secas, irritadas ou fragilizadas. <span class=\"\" data-state=\"closed\"><\/span><\/p>\n<\/li>\n<li data-start=\"2054\" data-end=\"2141\">\n<p data-start=\"2056\" data-end=\"2141\"><strong data-start=\"2056\" data-end=\"2098\">Pequenos arranh\u00f5es e escoria\u00e7\u00f5es leves<\/strong>. <span class=\"\" data-state=\"closed\"><\/span><\/p>\n<\/li>\n<li data-start=\"2142\" data-end=\"2278\">\n<p data-start=\"2144\" data-end=\"2278\">Ideal tamb\u00e9m para <strong data-start=\"2162\" data-end=\"2237\">irrita\u00e7\u00f5es causadas por fric\u00e7\u00e3o, clima seco, ou ap\u00f3s atividades di\u00e1rias<\/strong>.<\/p>\n<\/li>\n<\/ul>\n","protected":false},"excerpt":{"rendered":"<p>Caracter\u00edsticas Principais Fun\u00e7\u00e3o multifuncional \u2014 ajuda a recuperar, acalmar e hidratar \u00e1reas de pele ressecada ou com desconforto, como pequenos arranh\u00f5es, irrita\u00e7\u00f5es e \u00e1reas secas. Ingredientes derivado de origem natural \u2014 formulado com aproximadamente 91\u201398 % de ingredientes naturais, incluindo Avocado Perseose\u00ae (extrato de abacate) para fortalecer a barreira cut\u00e2nea e ajudar na hidrata\u00e7\u00e3o. \u00c1cido [&#8230;]\n","protected":false},"featured_media":9325,"comment_status":"open","ping_status":"closed","template":"","meta":[],"product_brand":[],"product_cat":[3757,3759],"product_tag":[],"class_list":{"0":"post-9324","1":"product","2":"type-product","3":"status-publish","4":"has-post-thumbnail","6":"product_cat-baby-toddler","7":"product_cat-childrens-accessories","9":"first","10":"instock","11":"taxable","12":"shipping-taxable","13":"purchasable","14":"product-type-simple"},"jetpack_sharing_enabled":true,"_links":{"self":[{"href":"https:\/\/muneka.us\/en\/wp-json\/wp\/v2\/product\/9324","targetHints":{"allow":["GET"]}}],"collection":[{"href":"https:\/\/muneka.us\/en\/wp-json\/wp\/v2\/product"}],"about":[{"href":"https:\/\/muneka.us\/en\/wp-json\/wp\/v2\/types\/product"}],"replies":[{"embeddable":true,"href":"https:\/\/muneka.us\/en\/wp-json\/wp\/v2\/comments?post=9324"}],"wp:featuredmedia":[{"embeddable":true,"href":"https:\/\/muneka.us\/en\/wp-json\/wp\/v2\/media\/9325"}],"wp:attachment":[{"href":"https:\/\/muneka.us\/en\/wp-json\/wp\/v2\/media?parent=9324"}],"wp:term":[{"taxonomy":"product_brand","embeddable":true,"href":"https:\/\/muneka.us\/en\/wp-json\/wp\/v2\/product_brand?post=9324"},{"taxonomy":"product_cat","embeddable":true,"href":"https:\/\/muneka.us\/en\/wp-json\/wp\/v2\/product_cat?post=9324"},{"taxonomy":"product_tag","embeddable":true,"href":"https:\/\/muneka.us\/en\/wp-json\/wp\/v2\/product_tag?post=9324"}],"curies":[{"name":"wp","href":"https:\/\/api.w.org\/{rel}","templated":true}]}}