{"id":9320,"date":"2026-01-22T13:03:35","date_gmt":"2026-01-22T16:03:35","guid":{"rendered":"https:\/\/muneka.us\/product\/millie-moon-99-pure-water-baby-wipe-72ct\/"},"modified":"2026-01-22T13:03:35","modified_gmt":"2026-01-22T16:03:35","slug":"millie-moon-99-pure-water-baby-wipe-72ct","status":"publish","type":"product","link":"https:\/\/muneka.us\/en\/product\/millie-moon-99-pure-water-baby-wipe-72ct\/","title":{"rendered":"Millie Moon 99% Pure Water Baby Wipe, 72ct"},"content":{"rendered":"<h3 data-start=\"164\" data-end=\"207\">&nbsp;Formula\u00e7\u00e3o e ingredientes principais<\/h3>\n<ul data-start=\"208\" data-end=\"944\">\n<li data-start=\"208\" data-end=\"366\">\n<p data-start=\"210\" data-end=\"366\"><strong data-start=\"210\" data-end=\"227\">99% \u00e1gua pura<\/strong> \u2013 a maior parte da composi\u00e7\u00e3o \u00e9 \u00e1gua para <strong data-start=\"270\" data-end=\"325\">limpeza suave e hidrata\u00e7\u00e3o da pele delicada do beb\u00ea<\/strong>. <span class=\"\" data-state=\"closed\"><\/span><\/p>\n<\/li>\n<li data-start=\"367\" data-end=\"508\">\n<p data-start=\"369\" data-end=\"508\"><strong data-start=\"369\" data-end=\"394\">F\u00f3rmula pH balanceado<\/strong> \u2013 ajuda a proteger a barreira natural da pele enquanto limpa sem agredir. <span class=\"\" data-state=\"closed\"><\/span><\/p>\n<\/li>\n<li data-start=\"509\" data-end=\"713\">\n<p data-start=\"511\" data-end=\"713\"><strong data-start=\"511\" data-end=\"549\">Tecido 100% vegetal e sem pl\u00e1stico<\/strong> \u2013 o tecido das toalhas \u00e9 plant-based e biodegrad\u00e1vel\/pl\u00e1stico-free, para reduzir impacto ambiental e ser gentil com a pele. <span class=\"\" data-state=\"closed\"><\/span><\/p>\n<\/li>\n<li data-start=\"714\" data-end=\"944\">\n<p data-start=\"716\" data-end=\"944\"><strong data-start=\"716\" data-end=\"764\">Sem fragr\u00e2ncia e sem ingredientes agressivos<\/strong> \u2013 n\u00e3o cont\u00e9m <strong data-start=\"778\" data-end=\"870\">lote\u00f5es, l\u00e1tex, fragr\u00e2ncia, \u00e1lcool, parabenos, ftalatos, SLS, lanolina ou phenoxyethanol<\/strong>, reduzindo a chance de irrita\u00e7\u00e3o. <span class=\"\" data-state=\"closed\"><\/span><\/p>\n<\/li>\n<\/ul>\n<h3 data-start=\"946\" data-end=\"981\">\ud83c\udf3f A\u00e7\u00e3o para limpeza e conforto<\/h3>\n<ul data-start=\"982\" data-end=\"1212\">\n<li data-start=\"982\" data-end=\"1093\">\n<p data-start=\"984\" data-end=\"1093\"><strong data-start=\"984\" data-end=\"1014\">Hidratam, limpam e acalmam<\/strong> a pele delicada do beb\u00ea durante o uso. <span class=\"\" data-state=\"closed\"><\/span><\/p>\n<\/li>\n<li data-start=\"1094\" data-end=\"1212\">\n<p data-start=\"1096\" data-end=\"1212\"><strong data-start=\"1096\" data-end=\"1137\">Cl\u00ednica e dermatologicamente testadas<\/strong> para seguran\u00e7a em peles sens\u00edveis<\/p>\n<\/li>\n<\/ul>\n","protected":false},"excerpt":{"rendered":"<p>&nbsp;Formula\u00e7\u00e3o e ingredientes principais 99% \u00e1gua pura \u2013 a maior parte da composi\u00e7\u00e3o \u00e9 \u00e1gua para limpeza suave e hidrata\u00e7\u00e3o da pele delicada do beb\u00ea. F\u00f3rmula pH balanceado \u2013 ajuda a proteger a barreira natural da pele enquanto limpa sem agredir. Tecido 100% vegetal e sem pl\u00e1stico \u2013 o tecido das toalhas \u00e9 plant-based e [&#8230;]\n","protected":false},"featured_media":9321,"comment_status":"open","ping_status":"closed","template":"","meta":[],"product_brand":[],"product_cat":[3757,3759],"product_tag":[],"class_list":{"0":"post-9320","1":"product","2":"type-product","3":"status-publish","4":"has-post-thumbnail","6":"product_cat-baby-toddler","7":"product_cat-childrens-accessories","9":"first","10":"instock","11":"taxable","12":"shipping-taxable","13":"purchasable","14":"product-type-simple"},"jetpack_sharing_enabled":true,"_links":{"self":[{"href":"https:\/\/muneka.us\/en\/wp-json\/wp\/v2\/product\/9320","targetHints":{"allow":["GET"]}}],"collection":[{"href":"https:\/\/muneka.us\/en\/wp-json\/wp\/v2\/product"}],"about":[{"href":"https:\/\/muneka.us\/en\/wp-json\/wp\/v2\/types\/product"}],"replies":[{"embeddable":true,"href":"https:\/\/muneka.us\/en\/wp-json\/wp\/v2\/comments?post=9320"}],"wp:featuredmedia":[{"embeddable":true,"href":"https:\/\/muneka.us\/en\/wp-json\/wp\/v2\/media\/9321"}],"wp:attachment":[{"href":"https:\/\/muneka.us\/en\/wp-json\/wp\/v2\/media?parent=9320"}],"wp:term":[{"taxonomy":"product_brand","embeddable":true,"href":"https:\/\/muneka.us\/en\/wp-json\/wp\/v2\/product_brand?post=9320"},{"taxonomy":"product_cat","embeddable":true,"href":"https:\/\/muneka.us\/en\/wp-json\/wp\/v2\/product_cat?post=9320"},{"taxonomy":"product_tag","embeddable":true,"href":"https:\/\/muneka.us\/en\/wp-json\/wp\/v2\/product_tag?post=9320"}],"curies":[{"name":"wp","href":"https:\/\/api.w.org\/{rel}","templated":true}]}}