{"id":9308,"date":"2026-01-22T13:10:49","date_gmt":"2026-01-22T16:10:49","guid":{"rendered":"https:\/\/muneka.us\/product\/jool-baby-waterproof-baby-changing-pad-easy-to-clean-lightweight-portable-large-foam-cushion-for-comfort-gray\/"},"modified":"2026-01-22T13:10:49","modified_gmt":"2026-01-22T16:10:49","slug":"jool-baby-waterproof-baby-changing-pad-easy-to-clean-lightweight-portable-large-foam-cushion-for-comfort-gray","status":"publish","type":"product","link":"https:\/\/muneka.us\/en\/product\/jool-baby-waterproof-baby-changing-pad-easy-to-clean-lightweight-portable-large-foam-cushion-for-comfort-gray\/","title":{"rendered":"Jool Baby Waterproof Baby Changing Pad &#8211; Easy to Clean, Lightweight &amp; Portable &#8211; Large Foam Cushion for Comfort (Gray)"},"content":{"rendered":"<h3 data-start=\"254\" data-end=\"287\">Caracter\u00edsticas principais<\/h3>\n<ul data-start=\"288\" data-end=\"1601\">\n<li data-start=\"288\" data-end=\"507\">\n<p data-start=\"290\" data-end=\"507\"><strong data-start=\"290\" data-end=\"324\">Imperme\u00e1vel e f\u00e1cil de limpar:<\/strong> a superf\u00edcie n\u00e3o absorve l\u00edquidos e pode ser simplesmente <strong data-start=\"383\" data-end=\"410\">limpa com um pano \u00famido<\/strong>, sem necessidade de capas extras ou lavar roupa de cama. <span class=\"\" data-state=\"closed\"><\/span><\/p>\n<\/li>\n<li data-start=\"508\" data-end=\"677\">\n<p data-start=\"510\" data-end=\"677\"><strong data-start=\"510\" data-end=\"545\">Almofada de espuma confort\u00e1vel:<\/strong> <strong data-start=\"546\" data-end=\"574\">cushion de espuma grande<\/strong> que oferece conforto extra ao beb\u00ea durante a troca de fraldas. <span class=\"\" data-state=\"closed\"><\/span><\/p>\n<\/li>\n<li data-start=\"678\" data-end=\"823\">\n<p data-start=\"680\" data-end=\"823\"><strong data-start=\"680\" data-end=\"700\">Leve e port\u00e1til:<\/strong> design leve, facilitando o transporte dentro de bolsas de fraldas ou para viagens. <span class=\"\" data-state=\"closed\"><\/span><\/p>\n<\/li>\n<li data-start=\"824\" data-end=\"1031\">\n<p data-start=\"826\" data-end=\"1031\"><strong data-start=\"826\" data-end=\"865\">Lados elevados e al\u00e7a de seguran\u00e7a:<\/strong> <strong data-start=\"866\" data-end=\"908\">borda inclinada e correia de seguran\u00e7a<\/strong> ajudam a manter o beb\u00ea no lugar, deixando a troca mais segura e menos estressante. <span class=\"\" data-state=\"closed\"><\/span><\/p>\n<\/li>\n<li data-start=\"1032\" data-end=\"1212\">\n<p data-start=\"1034\" data-end=\"1212\"><strong data-start=\"1034\" data-end=\"1073\">Design que ajuda a afastar sujeira:<\/strong> o formato <strong data-start=\"1084\" data-end=\"1148\">inclinadinho direciona sujeira e l\u00edquidos para longe do beb\u00ea<\/strong>, facilitando a limpeza. <span class=\"\" data-state=\"closed\"><\/span><\/p>\n<\/li>\n<li data-start=\"1213\" data-end=\"1450\">\n<p data-start=\"1215\" data-end=\"1450\"><strong data-start=\"1215\" data-end=\"1234\">Tamanho grande:<\/strong> mede aproximadamente <strong data-start=\"1256\" data-end=\"1309\">30,5 \u00d7 16,0 \u00d7 3,5 polegadas (\u224877,5 \u00d7 40 \u00d7 8,9 cm)<\/strong>, sendo compat\u00edvel com a maioria das <strong data-start=\"1346\" data-end=\"1371\">mesas de troca padr\u00e3o<\/strong> e adequada \u00e0 medida que o beb\u00ea cresce. <span class=\"\" data-state=\"closed\"><\/span><\/p>\n<\/li>\n<li data-start=\"1451\" data-end=\"1601\">\n<p data-start=\"1453\" data-end=\"1601\"><strong data-start=\"1453\" data-end=\"1472\">Design moderno:<\/strong> dispon\u00edvel em cores neutras (como cinza), combinando facilmente com a decora\u00e7\u00e3o do quarto. <span class=\"\" data-state=\"closed\"><\/span><\/p>\n<\/li>\n<\/ul>\n<h3 data-start=\"1603\" data-end=\"1629\">\ud83d\udca1 Benef\u00edcios pr\u00e1ticos<\/h3>\n<ul data-start=\"1630\" data-end=\"2108\">\n<li data-start=\"1630\" data-end=\"1792\">\n<p data-start=\"1632\" data-end=\"1792\"><strong data-start=\"1632\" data-end=\"1672\">Trocas mais r\u00e1pidas e menos bagun\u00e7a:<\/strong> o material imperme\u00e1vel significa menos trabalho com roupas ou capas adicionais. <span class=\"\" data-state=\"closed\"><\/span><\/p>\n<\/li>\n<li data-start=\"1793\" data-end=\"1947\">\n<p data-start=\"1795\" data-end=\"1947\"><strong data-start=\"1795\" data-end=\"1820\">Conforto para o beb\u00ea:<\/strong> a espuma macia d\u00e1 suporte ao corpo do beb\u00ea enquanto facilita a limpeza para os pais. <span class=\"\" data-state=\"closed\"><\/span><\/p>\n<\/li>\n<li data-start=\"1948\" data-end=\"2108\">\n<p data-start=\"1950\" data-end=\"2108\"><strong data-start=\"1950\" data-end=\"1968\">Versatilidade:<\/strong> embora ideal para uso em casa sobre uma mesa de troca, tamb\u00e9m pode ser usada em viagens ou visitas<\/p>\n<\/li>\n<\/ul>\n","protected":false},"excerpt":{"rendered":"<p>Caracter\u00edsticas principais Imperme\u00e1vel e f\u00e1cil de limpar: a superf\u00edcie n\u00e3o absorve l\u00edquidos e pode ser simplesmente limpa com um pano \u00famido, sem necessidade de capas extras ou lavar roupa de cama. Almofada de espuma confort\u00e1vel: cushion de espuma grande que oferece conforto extra ao beb\u00ea durante a troca de fraldas. Leve e port\u00e1til: design leve, [&#8230;]\n","protected":false},"featured_media":9309,"comment_status":"open","ping_status":"closed","template":"","meta":[],"product_brand":[],"product_cat":[3757,3759],"product_tag":[],"class_list":{"0":"post-9308","1":"product","2":"type-product","3":"status-publish","4":"has-post-thumbnail","6":"product_cat-baby-toddler","7":"product_cat-childrens-accessories","9":"first","10":"instock","11":"taxable","12":"shipping-taxable","13":"purchasable","14":"product-type-simple"},"jetpack_sharing_enabled":true,"_links":{"self":[{"href":"https:\/\/muneka.us\/en\/wp-json\/wp\/v2\/product\/9308","targetHints":{"allow":["GET"]}}],"collection":[{"href":"https:\/\/muneka.us\/en\/wp-json\/wp\/v2\/product"}],"about":[{"href":"https:\/\/muneka.us\/en\/wp-json\/wp\/v2\/types\/product"}],"replies":[{"embeddable":true,"href":"https:\/\/muneka.us\/en\/wp-json\/wp\/v2\/comments?post=9308"}],"wp:featuredmedia":[{"embeddable":true,"href":"https:\/\/muneka.us\/en\/wp-json\/wp\/v2\/media\/9309"}],"wp:attachment":[{"href":"https:\/\/muneka.us\/en\/wp-json\/wp\/v2\/media?parent=9308"}],"wp:term":[{"taxonomy":"product_brand","embeddable":true,"href":"https:\/\/muneka.us\/en\/wp-json\/wp\/v2\/product_brand?post=9308"},{"taxonomy":"product_cat","embeddable":true,"href":"https:\/\/muneka.us\/en\/wp-json\/wp\/v2\/product_cat?post=9308"},{"taxonomy":"product_tag","embeddable":true,"href":"https:\/\/muneka.us\/en\/wp-json\/wp\/v2\/product_tag?post=9308"}],"curies":[{"name":"wp","href":"https:\/\/api.w.org\/{rel}","templated":true}]}}