{"id":9292,"date":"2026-01-22T17:27:18","date_gmt":"2026-01-22T20:27:18","guid":{"rendered":"https:\/\/muneka.us\/product\/oakley-mens-light-patrol-tactical-boots\/"},"modified":"2026-01-22T17:27:18","modified_gmt":"2026-01-22T20:27:18","slug":"oakley-mens-light-patrol-tactical-boots","status":"publish","type":"product","link":"https:\/\/muneka.us\/en\/product\/oakley-mens-light-patrol-tactical-boots\/","title":{"rendered":"Oakley Men&#8217;s Light Patrol Tactical Boots 10"},"content":{"rendered":"<h2 data-start=\"110\" data-end=\"175\"><strong data-start=\"113\" data-end=\"175\">Caracter\u00edsticas \u2013 Oakley Men&#8217;s Light Patrol Tactical Boots<\/strong><\/h2>\n<ul data-start=\"177\" data-end=\"606\">\n<li data-start=\"177\" data-end=\"207\">\n<p data-start=\"179\" data-end=\"207\"><strong data-start=\"179\" data-end=\"207\">Botas t\u00e1ticas masculinas<\/strong><\/p>\n<\/li>\n<li data-start=\"208\" data-end=\"276\">\n<p data-start=\"210\" data-end=\"276\"><strong data-start=\"210\" data-end=\"276\">Design leve para maior conforto durante longos per\u00edodos de uso<\/strong><\/p>\n<\/li>\n<li data-start=\"277\" data-end=\"314\">\n<p data-start=\"279\" data-end=\"314\"><strong data-start=\"279\" data-end=\"314\">Constru\u00e7\u00e3o resistente e dur\u00e1vel<\/strong><\/p>\n<\/li>\n<li data-start=\"315\" data-end=\"359\">\n<p data-start=\"317\" data-end=\"359\"><strong data-start=\"317\" data-end=\"359\">Cabedal em material sint\u00e9tico e tecido<\/strong><\/p>\n<\/li>\n<li data-start=\"360\" data-end=\"400\">\n<p data-start=\"362\" data-end=\"400\"><strong data-start=\"362\" data-end=\"400\">Solado de borracha com alta tra\u00e7\u00e3o<\/strong><\/p>\n<\/li>\n<li data-start=\"401\" data-end=\"452\">\n<p data-start=\"403\" data-end=\"452\"><strong data-start=\"403\" data-end=\"452\">Amortecimento para melhor absor\u00e7\u00e3o de impacto<\/strong><\/p>\n<\/li>\n<li data-start=\"453\" data-end=\"512\">\n<p data-start=\"455\" data-end=\"512\"><strong data-start=\"455\" data-end=\"512\">Estilo t\u00e1tico, ideal para uso profissional ou outdoor<\/strong><\/p>\n<\/li>\n<li data-start=\"513\" data-end=\"560\">\n<p data-start=\"515\" data-end=\"560\"><strong data-start=\"515\" data-end=\"560\">Fechamento com cadar\u00e7o para ajuste seguro<\/strong><\/p>\n<\/li>\n<li data-start=\"561\" data-end=\"606\">\n<p data-start=\"563\" data-end=\"606\"><strong data-start=\"563\" data-end=\"606\">Boa respirabilidade para uso prolongado<\/strong><\/p>\n<\/li>\n<\/ul>\n","protected":false},"excerpt":{"rendered":"<p>Caracter\u00edsticas \u2013 Oakley Men&#8217;s Light Patrol Tactical Boots Botas t\u00e1ticas masculinas Design leve para maior conforto durante longos per\u00edodos de uso Constru\u00e7\u00e3o resistente e dur\u00e1vel Cabedal em material sint\u00e9tico e tecido Solado de borracha com alta tra\u00e7\u00e3o Amortecimento para melhor absor\u00e7\u00e3o de impacto Estilo t\u00e1tico, ideal para uso profissional ou outdoor Fechamento com cadar\u00e7o para [&#8230;]\n","protected":false},"featured_media":9293,"comment_status":"open","ping_status":"closed","template":"","meta":[],"product_brand":[],"product_cat":[3727,3779],"product_tag":[],"class_list":{"0":"post-9292","1":"product","2":"type-product","3":"status-publish","4":"has-post-thumbnail","6":"product_cat-fashion-style","7":"product_cat-footwear","9":"first","10":"instock","11":"taxable","12":"shipping-taxable","13":"purchasable","14":"product-type-simple"},"jetpack_sharing_enabled":true,"_links":{"self":[{"href":"https:\/\/muneka.us\/en\/wp-json\/wp\/v2\/product\/9292","targetHints":{"allow":["GET"]}}],"collection":[{"href":"https:\/\/muneka.us\/en\/wp-json\/wp\/v2\/product"}],"about":[{"href":"https:\/\/muneka.us\/en\/wp-json\/wp\/v2\/types\/product"}],"replies":[{"embeddable":true,"href":"https:\/\/muneka.us\/en\/wp-json\/wp\/v2\/comments?post=9292"}],"wp:featuredmedia":[{"embeddable":true,"href":"https:\/\/muneka.us\/en\/wp-json\/wp\/v2\/media\/9293"}],"wp:attachment":[{"href":"https:\/\/muneka.us\/en\/wp-json\/wp\/v2\/media?parent=9292"}],"wp:term":[{"taxonomy":"product_brand","embeddable":true,"href":"https:\/\/muneka.us\/en\/wp-json\/wp\/v2\/product_brand?post=9292"},{"taxonomy":"product_cat","embeddable":true,"href":"https:\/\/muneka.us\/en\/wp-json\/wp\/v2\/product_cat?post=9292"},{"taxonomy":"product_tag","embeddable":true,"href":"https:\/\/muneka.us\/en\/wp-json\/wp\/v2\/product_tag?post=9292"}],"curies":[{"name":"wp","href":"https:\/\/api.w.org\/{rel}","templated":true}]}}