{"id":9276,"date":"2026-01-22T17:56:09","date_gmt":"2026-01-22T20:56:09","guid":{"rendered":"https:\/\/muneka.us\/product\/e-l-f-contour-palette-4-shades-customizable-easy-to-apply-sculpts-shades-brightens-light-medium-infused-with-vitamin-e-all-day-wear-0-56-oz\/"},"modified":"2026-01-22T17:56:09","modified_gmt":"2026-01-22T20:56:09","slug":"e-l-f-contour-palette-4-shades-customizable-easy-to-apply-sculpts-shades-brightens-light-medium-infused-with-vitamin-e-all-day-wear-0-56-oz","status":"publish","type":"product","link":"https:\/\/muneka.us\/en\/product\/e-l-f-contour-palette-4-shades-customizable-easy-to-apply-sculpts-shades-brightens-light-medium-infused-with-vitamin-e-all-day-wear-0-56-oz\/","title":{"rendered":"e.l.f. Contour Palette, 4 Shades, Customizable, Easy to Apply, Sculpts, Shades, Brightens, Light\/Medium, Infused with Vitamin E, All-Day Wear, 0.56 Oz"},"content":{"rendered":"<ul data-start=\"180\" data-end=\"612\">\n<li data-start=\"180\" data-end=\"215\">\n<p data-start=\"182\" data-end=\"215\"><strong data-start=\"182\" data-end=\"215\">Paleta de contorno com 4 tons<\/strong><\/p>\n<\/li>\n<li data-start=\"216\" data-end=\"276\">\n<p data-start=\"218\" data-end=\"276\"><strong data-start=\"218\" data-end=\"276\">Permite personalizar o contorno conforme o tom da pele<\/strong><\/p>\n<\/li>\n<li data-start=\"277\" data-end=\"328\">\n<p data-start=\"279\" data-end=\"328\"><strong data-start=\"279\" data-end=\"328\">Ajuda a esculpir, sombrear e iluminar o rosto<\/strong><\/p>\n<\/li>\n<li data-start=\"329\" data-end=\"375\">\n<p data-start=\"331\" data-end=\"375\"><strong data-start=\"331\" data-end=\"375\">Textura em p\u00f3 f\u00e1cil de aplicar e esfumar<\/strong><\/p>\n<\/li>\n<li data-start=\"376\" data-end=\"408\">\n<p data-start=\"378\" data-end=\"408\"><strong data-start=\"378\" data-end=\"408\">Enriquecida com vitamina E<\/strong><\/p>\n<\/li>\n<li data-start=\"409\" data-end=\"464\">\n<p data-start=\"411\" data-end=\"464\"><strong data-start=\"411\" data-end=\"464\">Uso confort\u00e1vel durante todo o dia (all-day wear)<\/strong><\/p>\n<\/li>\n<li data-start=\"465\" data-end=\"510\">\n<p data-start=\"467\" data-end=\"510\"><strong data-start=\"467\" data-end=\"510\">Ideal para tons de pele claros a m\u00e9dios<\/strong><\/p>\n<\/li>\n<li data-start=\"511\" data-end=\"576\">\n<p data-start=\"513\" data-end=\"576\"><strong data-start=\"513\" data-end=\"576\">Aplica\u00e7\u00e3o simples, indicada para iniciantes e profissionais<\/strong><\/p>\n<\/li>\n<li data-start=\"577\" data-end=\"612\">\n<p data-start=\"579\" data-end=\"612\"><strong data-start=\"579\" data-end=\"612\">Peso: 0,56 oz (aprox. 15,9 g)<\/strong><\/p>\n<\/li>\n<\/ul>\n","protected":false},"excerpt":{"rendered":"<p>Paleta de contorno com 4 tons Permite personalizar o contorno conforme o tom da pele Ajuda a esculpir, sombrear e iluminar o rosto Textura em p\u00f3 f\u00e1cil de aplicar e esfumar Enriquecida com vitamina E Uso confort\u00e1vel durante todo o dia (all-day wear) Ideal para tons de pele claros a m\u00e9dios Aplica\u00e7\u00e3o simples, indicada para [&#8230;]\n","protected":false},"featured_media":9277,"comment_status":"open","ping_status":"closed","template":"","meta":[],"product_brand":[],"product_cat":[3722,3807],"product_tag":[],"class_list":{"0":"post-9276","1":"product","2":"type-product","3":"status-publish","4":"has-post-thumbnail","6":"product_cat-beauty-wellness","7":"product_cat-makeup","9":"first","10":"instock","11":"taxable","12":"shipping-taxable","13":"purchasable","14":"product-type-simple"},"jetpack_sharing_enabled":true,"_links":{"self":[{"href":"https:\/\/muneka.us\/en\/wp-json\/wp\/v2\/product\/9276","targetHints":{"allow":["GET"]}}],"collection":[{"href":"https:\/\/muneka.us\/en\/wp-json\/wp\/v2\/product"}],"about":[{"href":"https:\/\/muneka.us\/en\/wp-json\/wp\/v2\/types\/product"}],"replies":[{"embeddable":true,"href":"https:\/\/muneka.us\/en\/wp-json\/wp\/v2\/comments?post=9276"}],"wp:featuredmedia":[{"embeddable":true,"href":"https:\/\/muneka.us\/en\/wp-json\/wp\/v2\/media\/9277"}],"wp:attachment":[{"href":"https:\/\/muneka.us\/en\/wp-json\/wp\/v2\/media?parent=9276"}],"wp:term":[{"taxonomy":"product_brand","embeddable":true,"href":"https:\/\/muneka.us\/en\/wp-json\/wp\/v2\/product_brand?post=9276"},{"taxonomy":"product_cat","embeddable":true,"href":"https:\/\/muneka.us\/en\/wp-json\/wp\/v2\/product_cat?post=9276"},{"taxonomy":"product_tag","embeddable":true,"href":"https:\/\/muneka.us\/en\/wp-json\/wp\/v2\/product_tag?post=9276"}],"curies":[{"name":"wp","href":"https:\/\/api.w.org\/{rel}","templated":true}]}}