{"id":9268,"date":"2026-01-22T18:05:25","date_gmt":"2026-01-22T21:05:25","guid":{"rendered":"https:\/\/muneka.us\/product\/adidas-mens-athletic-cushioned-crew-socks-6-pair-white-black-large-shoe-size-6-12\/"},"modified":"2026-01-22T18:05:25","modified_gmt":"2026-01-22T21:05:25","slug":"adidas-mens-athletic-cushioned-crew-socks-6-pair-white-black-large-shoe-size-6-12","status":"publish","type":"product","link":"https:\/\/muneka.us\/en\/product\/adidas-mens-athletic-cushioned-crew-socks-6-pair-white-black-large-shoe-size-6-12\/","title":{"rendered":"Adidas Men&#8217;s Athletic Cushioned Crew Socks (6-Pair), White\/Black, Large, (Shoe Size 6-12)"},"content":{"rendered":"<p data-start=\"52\" data-end=\"168\">Mantenha seus p\u00e9s frescos e secos com estas meias de cano m\u00e9dio com propriedades de absor\u00e7\u00e3o de umidade da adidas.<\/p>\n<ul data-start=\"170\" data-end=\"838\">\n<li data-start=\"170\" data-end=\"247\">\n<p data-start=\"172\" data-end=\"247\"><strong data-start=\"172\" data-end=\"245\">Meias masculinas adidas \u2013 pacote com 6 pares (equivalente a 12 meias)<\/strong><\/p>\n<\/li>\n<li data-start=\"248\" data-end=\"285\">\n<p data-start=\"250\" data-end=\"285\"><strong data-start=\"250\" data-end=\"283\">Comprimento cano m\u00e9dio (crew)<\/strong><\/p>\n<\/li>\n<li data-start=\"286\" data-end=\"327\">\n<p data-start=\"288\" data-end=\"327\"><strong data-start=\"288\" data-end=\"325\">Detalhe do logo na parte superior<\/strong><\/p>\n<\/li>\n<li data-start=\"328\" data-end=\"369\">\n<p data-start=\"330\" data-end=\"369\"><strong data-start=\"330\" data-end=\"367\">Fios superiores para maior maciez<\/strong><\/p>\n<\/li>\n<li data-start=\"370\" data-end=\"417\">\n<p data-start=\"372\" data-end=\"417\"><strong data-start=\"372\" data-end=\"415\">Conforto com amortecimento em 360 graus<\/strong><\/p>\n<\/li>\n<li data-start=\"418\" data-end=\"529\">\n<p data-start=\"420\" data-end=\"529\"><strong data-start=\"420\" data-end=\"445\">Tecnologia Climalite\u00ae<\/strong> que mant\u00e9m os p\u00e9s frescos e secos; afasta a umidade para maior sensa\u00e7\u00e3o de secura<\/p>\n<\/li>\n<li data-start=\"530\" data-end=\"598\">\n<p data-start=\"532\" data-end=\"598\"><strong data-start=\"532\" data-end=\"554\">Maior durabilidade<\/strong>, com menos forma\u00e7\u00e3o de bolinhas (pilling)<\/p>\n<\/li>\n<li data-start=\"599\" data-end=\"683\">\n<p data-start=\"601\" data-end=\"683\"><strong data-start=\"601\" data-end=\"612\">Tamanho<\/strong>: para p\u00e9s que cal\u00e7am <strong data-start=\"634\" data-end=\"651\">10-13 (meias)<\/strong>; <strong data-start=\"653\" data-end=\"681\">tamanho do cal\u00e7ado: 6-12<\/strong><\/p>\n<\/li>\n<li data-start=\"684\" data-end=\"735\">\n<p data-start=\"686\" data-end=\"735\"><strong data-start=\"686\" data-end=\"733\">Combina perfeitamente com t\u00eanis adidas NMD!<\/strong><\/p>\n<\/li>\n<li data-start=\"736\" data-end=\"796\">\n<p data-start=\"738\" data-end=\"796\"><strong data-start=\"738\" data-end=\"752\">Composi\u00e7\u00e3o<\/strong>: poli\u00e9ster\/nylon\/fibras naturais\/elastano<\/p>\n<\/li>\n<li data-start=\"797\" data-end=\"822\">\n<p data-start=\"799\" data-end=\"822\"><strong data-start=\"799\" data-end=\"820\">Lav\u00e1vel \u00e0 m\u00e1quina<\/strong><\/p>\n<\/li>\n<li data-start=\"823\" data-end=\"838\">\n<p data-start=\"825\" data-end=\"838\"><strong data-start=\"825\" data-end=\"838\">Importado<\/strong><\/p>\n<\/li>\n<\/ul>\n","protected":false},"excerpt":{"rendered":"<p>Mantenha seus p\u00e9s frescos e secos com estas meias de cano m\u00e9dio com propriedades de absor\u00e7\u00e3o de umidade da adidas. Meias masculinas adidas \u2013 pacote com 6 pares (equivalente a 12 meias) Comprimento cano m\u00e9dio (crew) Detalhe do logo na parte superior Fios superiores para maior maciez Conforto com amortecimento em 360 graus Tecnologia Climalite\u00ae [&#8230;]\n","protected":false},"featured_media":9269,"comment_status":"open","ping_status":"closed","template":"","meta":[],"product_brand":[],"product_cat":[3812,3814],"product_tag":[],"class_list":{"0":"post-9268","1":"product","2":"type-product","3":"status-publish","4":"has-post-thumbnail","6":"product_cat-roupa-femininas","7":"product_cat-roupas-masculinas","9":"first","10":"instock","11":"taxable","12":"shipping-taxable","13":"purchasable","14":"product-type-simple"},"jetpack_sharing_enabled":true,"_links":{"self":[{"href":"https:\/\/muneka.us\/en\/wp-json\/wp\/v2\/product\/9268","targetHints":{"allow":["GET"]}}],"collection":[{"href":"https:\/\/muneka.us\/en\/wp-json\/wp\/v2\/product"}],"about":[{"href":"https:\/\/muneka.us\/en\/wp-json\/wp\/v2\/types\/product"}],"replies":[{"embeddable":true,"href":"https:\/\/muneka.us\/en\/wp-json\/wp\/v2\/comments?post=9268"}],"wp:featuredmedia":[{"embeddable":true,"href":"https:\/\/muneka.us\/en\/wp-json\/wp\/v2\/media\/9269"}],"wp:attachment":[{"href":"https:\/\/muneka.us\/en\/wp-json\/wp\/v2\/media?parent=9268"}],"wp:term":[{"taxonomy":"product_brand","embeddable":true,"href":"https:\/\/muneka.us\/en\/wp-json\/wp\/v2\/product_brand?post=9268"},{"taxonomy":"product_cat","embeddable":true,"href":"https:\/\/muneka.us\/en\/wp-json\/wp\/v2\/product_cat?post=9268"},{"taxonomy":"product_tag","embeddable":true,"href":"https:\/\/muneka.us\/en\/wp-json\/wp\/v2\/product_tag?post=9268"}],"curies":[{"name":"wp","href":"https:\/\/api.w.org\/{rel}","templated":true}]}}