{"id":9260,"date":"2026-01-23T12:08:27","date_gmt":"2026-01-23T15:08:27","guid":{"rendered":"https:\/\/muneka.us\/product\/neutrogena-stubborn-acne-ultra-thin-blemish-dots-pimple-patches-for-face-acne-patches-ultra-thin-hydrocolloid-facial-stickers-overnight-use-suitable-for-all-skin-types-24-count\/"},"modified":"2026-01-23T12:08:27","modified_gmt":"2026-01-23T15:08:27","slug":"neutrogena-stubborn-acne-ultra-thin-blemish-dots-pimple-patches-for-face-acne-patches-ultra-thin-hydrocolloid-facial-stickers-overnight-use-suitable-for-all-skin-types-24-count","status":"publish","type":"product","link":"https:\/\/muneka.us\/en\/product\/neutrogena-stubborn-acne-ultra-thin-blemish-dots-pimple-patches-for-face-acne-patches-ultra-thin-hydrocolloid-facial-stickers-overnight-use-suitable-for-all-skin-types-24-count\/","title":{"rendered":"Neutrogena Stubborn Acne Ultra-Thin Blemish Dots, Pimple Patches for Face, Acne Patches, Ultra-Thin Hydrocolloid Facial Stickers, Overnight Use, Suitable for All Skin Types, 24 Count"},"content":{"rendered":"<h2 data-start=\"480\" data-end=\"516\">\ud83e\uddf4 <strong data-start=\"486\" data-end=\"516\">Principais Caracter\u00edsticas<\/strong><\/h2>\n<h3 data-start=\"518\" data-end=\"554\">\u2705 <strong data-start=\"524\" data-end=\"554\">Tecnologia de Hydrocolloid<\/strong><\/h3>\n<ul data-start=\"555\" data-end=\"769\">\n<li data-start=\"555\" data-end=\"769\">\n<p data-start=\"557\" data-end=\"769\">Usam <strong data-start=\"562\" data-end=\"578\">hidrocol\u00f3ide<\/strong>, um tipo de material que <strong data-start=\"604\" data-end=\"646\">absorve impurezas e fluidos da espinha<\/strong>, ajudando a \u00e1rea afetada a parecer <strong data-start=\"682\" data-end=\"704\">menor e mais plana<\/strong> ap\u00f3s algumas horas de uso. <span class=\"\" data-state=\"closed\"><\/span><\/p>\n<\/li>\n<\/ul>\n<h3 data-start=\"771\" data-end=\"796\">\ud83e\ude79 <strong data-start=\"778\" data-end=\"796\">Como Funcionam<\/strong><\/h3>\n<ul data-start=\"797\" data-end=\"1114\">\n<li data-start=\"797\" data-end=\"974\">\n<p data-start=\"799\" data-end=\"974\">Ap\u00f3s aplicar sobre a espinha limpa e seca, o adesivo <strong data-start=\"852\" data-end=\"877\">come\u00e7a a ficar branco<\/strong> conforme absorve o fluido, indicando que est\u00e1 trabalhando. <span class=\"\" data-state=\"closed\"><\/span><\/p>\n<\/li>\n<li data-start=\"975\" data-end=\"1114\">\n<p data-start=\"977\" data-end=\"1114\">Ideal <strong data-start=\"983\" data-end=\"1032\">para uso de pelo menos 8 h ou durante a noite<\/strong>, quando os efeitos podem ser mais vis\u00edveis. <span class=\"\" data-state=\"closed\"><\/span><\/p>\n<\/li>\n<\/ul>\n<h3 data-start=\"1116\" data-end=\"1143\">\ud83d\udc64 <strong data-start=\"1123\" data-end=\"1143\">Indica\u00e7\u00e3o de Uso<\/strong><\/h3>\n<ul data-start=\"1144\" data-end=\"1422\">\n<li data-start=\"1144\" data-end=\"1272\">\n<p data-start=\"1146\" data-end=\"1272\">Indicado para <strong data-start=\"1160\" data-end=\"1200\">espinhas isoladas e pequenas manchas<\/strong> faciais (testa, queixo, nariz). <span class=\"\" data-state=\"closed\"><\/span><\/p>\n<\/li>\n<li data-start=\"1273\" data-end=\"1422\">\n<p data-start=\"1275\" data-end=\"1422\">\u00datil para <strong data-start=\"1285\" data-end=\"1332\">proteger a \u00e1rea da pele de tocar ou cutucar<\/strong>, o que pode reduzir <strong data-start=\"1353\" data-end=\"1383\">o risco de marcas p\u00f3s-acne<\/strong>. <span class=\"\" data-state=\"closed\"><\/span><\/p>\n<\/li>\n<\/ul>\n<h3 data-start=\"1424\" data-end=\"1444\">\ud83e\uddfc <strong data-start=\"1431\" data-end=\"1444\">Aplica\u00e7\u00e3o<\/strong><\/h3>\n<ol data-start=\"1445\" data-end=\"1821\">\n<li data-start=\"1445\" data-end=\"1534\">\n<p data-start=\"1448\" data-end=\"1534\">Limpe e <strong data-start=\"1456\" data-end=\"1476\">seque bem a pele<\/strong> antes de aplicar. <span class=\"\" data-state=\"closed\"><\/span><\/p>\n<\/li>\n<li data-start=\"1535\" data-end=\"1650\">\n<p data-start=\"1538\" data-end=\"1650\">Remova cuidadosamente um adesivo e <strong data-start=\"1573\" data-end=\"1609\">cole diretamente sobre a espinha<\/strong>. <span class=\"\" data-state=\"closed\"><\/span><\/p>\n<\/li>\n<li data-start=\"1651\" data-end=\"1731\">\n<p data-start=\"1654\" data-end=\"1731\"><strong data-start=\"1654\" data-end=\"1690\">Deixe por 8 h ou durante a noite<\/strong>. <span class=\"\" data-state=\"closed\"><\/span><\/p>\n<\/li>\n<li data-start=\"1732\" data-end=\"1821\">\n<p data-start=\"1735\" data-end=\"1821\">Remova gentilmente esticando ao longo da pele. <span class=\"\" data-state=\"closed\"><\/span><\/p>\n<\/li>\n<\/ol>\n<h3 data-start=\"1823\" data-end=\"1851\">\ud83d\udca7 <strong data-start=\"1830\" data-end=\"1851\">Perfil do Produto<\/strong><\/h3>\n<ul data-start=\"1852\" data-end=\"2348\">\n<li data-start=\"1852\" data-end=\"2059\">\n<p data-start=\"1854\" data-end=\"2059\"><strong data-start=\"1854\" data-end=\"1871\">N\u00e3o medicado:<\/strong> Sem ingredientes ativos como per\u00f3xido de benzo\u00edla ou \u00e1cido salic\u00edlico \u2014 confia na a\u00e7\u00e3o f\u00edsica do hydrocolloid para acelerar a redu\u00e7\u00e3o da espinha. <span class=\"\" data-state=\"closed\"><\/span><\/p>\n<\/li>\n<li data-start=\"2060\" data-end=\"2189\">\n<p data-start=\"2062\" data-end=\"2189\"><strong data-start=\"2062\" data-end=\"2103\">Dermatologista testado e recomendado:<\/strong> Parte da linha Stubborn Acne da Neutrogena. <span class=\"\" data-state=\"closed\"><\/span><\/p>\n<\/li>\n<li data-start=\"2190\" data-end=\"2348\">\n<p data-start=\"2192\" data-end=\"2348\"><strong data-start=\"2192\" data-end=\"2233\">Adequado para todos os tipos de pele:<\/strong> Normal, mista, oleosa e sens\u00edvel (geralmente sem ingredientes irritantes). <span class=\"\" data-state=\"closed\"><\/span><\/p>\n<\/li>\n<\/ul>\n<hr data-start=\"2350\" data-end=\"2353\">\n<h2 data-start=\"2355\" data-end=\"2388\">\ud83c\udfaf <strong data-start=\"2361\" data-end=\"2388\">O que esperar com o uso<\/strong><\/h2>\n<p data-start=\"2389\" data-end=\"2783\">\u2714 <strong data-start=\"2391\" data-end=\"2437\">Espinha menor e mais plana em poucas horas<\/strong> (especialmente com uso noturno) \u2014 relatado por muitos usu\u00e1rios. <span class=\"\" data-state=\"closed\"><\/span><br data-start=\"2541\" data-end=\"2544\"><br \/>\n\u2714 <strong data-start=\"2546\" data-end=\"2582\">Prote\u00e7\u00e3o contra tocar ou cutucar<\/strong>, o que pode diminuir cicatrizes. <span class=\"\" data-state=\"closed\"><\/span><br data-start=\"2655\" data-end=\"2658\"><br \/>\n\u2714 <strong data-start=\"2660\" data-end=\"2685\">Discri\u00e7\u00e3o e conforto:<\/strong> adesivos finos que ficam praticamente invis\u00edveis na pele. <span class=\"\" data-state=\"closed\"><\/span><\/p>\n<hr data-start=\"2785\" data-end=\"2788\">\n<h2 data-start=\"2790\" data-end=\"2811\">\u26a0\ufe0f <strong data-start=\"2796\" data-end=\"2811\">Observa\u00e7\u00f5es<\/strong><\/h2>\n<ul data-start=\"2812\" data-end=\"3125\">\n<li data-start=\"2812\" data-end=\"2974\">\n<p data-start=\"2814\" data-end=\"2974\"><strong data-start=\"2814\" data-end=\"2854\">N\u00e3o substitui tratamentos medicinais<\/strong> para acne persistente ou casos graves \u2014 para isso consulte um dermatologista. <span class=\"\" data-state=\"closed\"><\/span><\/p>\n<\/li>\n<li data-start=\"2975\" data-end=\"3125\">\n<p data-start=\"2977\" data-end=\"3125\">Algumas pessoas podem achar a remo\u00e7\u00e3o um pouco sens\u00edvel se houver <strong data-start=\"3043\" data-end=\"3075\">pelos finos ou pele delicada<\/strong> ao redor.&nbsp;<span class=\"\" data-state=\"closed\"><\/span><\/p>\n<\/li>\n<\/ul>\n","protected":false},"excerpt":{"rendered":"<p>\ud83e\uddf4 Principais Caracter\u00edsticas \u2705 Tecnologia de Hydrocolloid Usam hidrocol\u00f3ide, um tipo de material que absorve impurezas e fluidos da espinha, ajudando a \u00e1rea afetada a parecer menor e mais plana ap\u00f3s algumas horas de uso. \ud83e\ude79 Como Funcionam Ap\u00f3s aplicar sobre a espinha limpa e seca, o adesivo come\u00e7a a ficar branco conforme absorve o [&#8230;]\n","protected":false},"featured_media":9261,"comment_status":"open","ping_status":"closed","template":"","meta":[],"product_brand":[],"product_cat":[3722,3721],"product_tag":[],"class_list":{"0":"post-9260","1":"product","2":"type-product","3":"status-publish","4":"has-post-thumbnail","6":"product_cat-beauty-wellness","7":"product_cat-health-wellness","9":"first","10":"instock","11":"taxable","12":"shipping-taxable","13":"purchasable","14":"product-type-simple"},"jetpack_sharing_enabled":true,"_links":{"self":[{"href":"https:\/\/muneka.us\/en\/wp-json\/wp\/v2\/product\/9260","targetHints":{"allow":["GET"]}}],"collection":[{"href":"https:\/\/muneka.us\/en\/wp-json\/wp\/v2\/product"}],"about":[{"href":"https:\/\/muneka.us\/en\/wp-json\/wp\/v2\/types\/product"}],"replies":[{"embeddable":true,"href":"https:\/\/muneka.us\/en\/wp-json\/wp\/v2\/comments?post=9260"}],"wp:featuredmedia":[{"embeddable":true,"href":"https:\/\/muneka.us\/en\/wp-json\/wp\/v2\/media\/9261"}],"wp:attachment":[{"href":"https:\/\/muneka.us\/en\/wp-json\/wp\/v2\/media?parent=9260"}],"wp:term":[{"taxonomy":"product_brand","embeddable":true,"href":"https:\/\/muneka.us\/en\/wp-json\/wp\/v2\/product_brand?post=9260"},{"taxonomy":"product_cat","embeddable":true,"href":"https:\/\/muneka.us\/en\/wp-json\/wp\/v2\/product_cat?post=9260"},{"taxonomy":"product_tag","embeddable":true,"href":"https:\/\/muneka.us\/en\/wp-json\/wp\/v2\/product_tag?post=9260"}],"curies":[{"name":"wp","href":"https:\/\/api.w.org\/{rel}","templated":true}]}}