{"id":9252,"date":"2026-01-23T13:33:19","date_gmt":"2026-01-23T16:33:19","guid":{"rendered":"https:\/\/muneka.us\/product\/amazon-echo-show-11-newest-model-vibrant-full-hd-11-display-with-more-viewing-area-and-spatial-audio-with-alexa-early-access-glacier-white\/"},"modified":"2026-01-23T13:33:19","modified_gmt":"2026-01-23T16:33:19","slug":"amazon-echo-show-11-newest-model-vibrant-full-hd-11-display-with-more-viewing-area-and-spatial-audio-with-alexa-early-access-glacier-white","status":"publish","type":"product","link":"https:\/\/muneka.us\/en\/product\/amazon-echo-show-11-newest-model-vibrant-full-hd-11-display-with-more-viewing-area-and-spatial-audio-with-alexa-early-access-glacier-white\/","title":{"rendered":"Amazon Echo Show 11 (newest model), Vibrant Full-HD 11&#8243; display with more viewing area and spatial audio, with Alexa+ Early Access, Glacier White"},"content":{"rendered":"<p data-start=\"60\" data-end=\"415\"><strong data-start=\"60\" data-end=\"104\">Novo tamanho, mais \u00e1rea de visualiza\u00e7\u00e3o:<\/strong> O smart display de 11&#8243; possui uma tela sens\u00edvel ao toque Full HD vibrante, com <strong data-start=\"184\" data-end=\"267\">60% mais \u00e1rea de visualiza\u00e7\u00e3o em compara\u00e7\u00e3o ao Echo Show 8 (lan\u00e7amento de 2025)<\/strong>, hub de casa inteligente integrado, chip <strong data-start=\"309\" data-end=\"320\">AZ3 Pro<\/strong> para desempenho potente e tecnologia <strong data-start=\"358\" data-end=\"371\">Omnisense<\/strong> para experi\u00eancias altamente personalizadas.<\/p>\n<p data-start=\"417\" data-end=\"789\"><strong data-start=\"417\" data-end=\"466\">Este dispositivo vem com Alexa+ Early Access:<\/strong> Atualize para nossa assistente de IA mais inteligente e proativa ao configurar este dispositivo. A nova experi\u00eancia da tela inicial do Alexa+ oferece informa\u00e7\u00f5es r\u00e1pidas e conte\u00fado personalizado, como sugest\u00f5es \u00fateis com base em conversas recentes, notifica\u00e7\u00f5es personalizadas ou informa\u00e7\u00f5es de acordo com seus interesses.<\/p>\n<p data-start=\"791\" data-end=\"1221\"><strong data-start=\"791\" data-end=\"831\">Conte\u00fado com imagem e som incr\u00edveis:<\/strong> Assista a s\u00e9ries e filmes no Prime Video, Netflix e muito mais na tela Full HD vibrante de 11&#8243; e aproveite o \u00e1udio espacial que preenche o ambiente, com vozes mais n\u00edtidas, palco sonoro mais amplo e at\u00e9 <strong data-start=\"1035\" data-end=\"1103\">2x mais graves em compara\u00e7\u00e3o ao Echo Show 8 (lan\u00e7amento de 2023)<\/strong>. Com Alexa+, encontre o nome daquela m\u00fasica que voc\u00ea adora e descubra novos conte\u00fados com base nas suas prefer\u00eancias.<\/p>\n<p data-start=\"1223\" data-end=\"1523\"><strong data-start=\"1223\" data-end=\"1259\">Seu assistente para o dia a dia:<\/strong> A tela de 11&#8243; facilita visualizar receitas e calend\u00e1rios rapidamente, encontrar inspira\u00e7\u00e3o para refei\u00e7\u00f5es e gerenciar listas de compras. Com Alexa+, encontre receitas baseadas nos alimentos que voc\u00ea gosta, fa\u00e7a reservas, pe\u00e7a compras de supermercado e muito mais.<\/p>\n<p data-start=\"1525\" data-end=\"1906\"><strong data-start=\"1525\" data-end=\"1566\">Controle simples da Casa Inteligente:<\/strong> Conecte e controle milhares de dispositivos compat\u00edveis com Alexa sem a necessidade de um hub adicional. Visualize facilmente as imagens das c\u00e2meras, gerencie luzes, termostatos e outros dispositivos usando a tela ou sua voz. Com a tecnologia Omnisense, \u00e9 poss\u00edvel ativar rotinas por temperatura, presen\u00e7a ou detec\u00e7\u00e3o de identidade visual.<\/p>\n<p data-start=\"1908\" data-end=\"2236\"><strong data-start=\"1908\" data-end=\"1953\">Chamadas de v\u00eddeo com nitidez cristalina:<\/strong> As chamadas de v\u00eddeo ficam mais naturais na tela vibrante de 11&#8243;, com c\u00e2mera centralizada, enquadramento autom\u00e1tico, zoom de 3,3x e tecnologia de redu\u00e7\u00e3o de ru\u00eddo. Use a visualiza\u00e7\u00e3o ao vivo para acompanhar sua fam\u00edlia, animais de estima\u00e7\u00e3o e muito mais quando estiver fora de casa.<\/p>\n<p data-start=\"2238\" data-end=\"2498\"><strong data-start=\"2238\" data-end=\"2276\">Mem\u00f3rias fotogr\u00e1ficas em destaque:<\/strong> A tela inicial de 11&#8243; tamb\u00e9m funciona como um elegante porta-retratos digital quando n\u00e3o est\u00e1 em uso. Com Alexa+, voc\u00ea pode pedir \u00e0 Alexa para encontrar fotos espec\u00edficas ou criar uma apresenta\u00e7\u00e3o de slides personalizada.<\/p>\n<p data-start=\"2500\" data-end=\"2812\"><strong data-start=\"2500\" data-end=\"2544\">Projetado para proteger sua privacidade:<\/strong> A Amazon n\u00e3o comercializa suas informa\u00e7\u00f5es pessoais. O dispositivo foi desenvolvido com v\u00e1rias camadas de controles de privacidade, incluindo bot\u00e3o f\u00edsico para ativar\/desativar microfones e c\u00e2mera, al\u00e9m de controles dedicados de c\u00e2mera no dispositivo e no aplicativo.<\/p>\n","protected":false},"excerpt":{"rendered":"<p>Novo tamanho, mais \u00e1rea de visualiza\u00e7\u00e3o: O smart display de 11&#8243; possui uma tela sens\u00edvel ao toque Full HD vibrante, com 60% mais \u00e1rea de visualiza\u00e7\u00e3o em compara\u00e7\u00e3o ao Echo Show 8 (lan\u00e7amento de 2025), hub de casa inteligente integrado, chip AZ3 Pro para desempenho potente e tecnologia Omnisense para experi\u00eancias altamente personalizadas. Este dispositivo [&#8230;]\n","protected":false},"featured_media":9253,"comment_status":"open","ping_status":"closed","template":"","meta":[],"product_brand":[],"product_cat":[3787,3789,3791,3785],"product_tag":[],"class_list":{"0":"post-9252","1":"product","2":"type-product","3":"status-publish","4":"has-post-thumbnail","6":"product_cat-accessories","7":"product_cat-electronics","8":"product_cat-gadgets","9":"product_cat-technology","11":"first","12":"instock","13":"taxable","14":"shipping-taxable","15":"purchasable","16":"product-type-simple"},"jetpack_sharing_enabled":true,"_links":{"self":[{"href":"https:\/\/muneka.us\/en\/wp-json\/wp\/v2\/product\/9252","targetHints":{"allow":["GET"]}}],"collection":[{"href":"https:\/\/muneka.us\/en\/wp-json\/wp\/v2\/product"}],"about":[{"href":"https:\/\/muneka.us\/en\/wp-json\/wp\/v2\/types\/product"}],"replies":[{"embeddable":true,"href":"https:\/\/muneka.us\/en\/wp-json\/wp\/v2\/comments?post=9252"}],"wp:featuredmedia":[{"embeddable":true,"href":"https:\/\/muneka.us\/en\/wp-json\/wp\/v2\/media\/9253"}],"wp:attachment":[{"href":"https:\/\/muneka.us\/en\/wp-json\/wp\/v2\/media?parent=9252"}],"wp:term":[{"taxonomy":"product_brand","embeddable":true,"href":"https:\/\/muneka.us\/en\/wp-json\/wp\/v2\/product_brand?post=9252"},{"taxonomy":"product_cat","embeddable":true,"href":"https:\/\/muneka.us\/en\/wp-json\/wp\/v2\/product_cat?post=9252"},{"taxonomy":"product_tag","embeddable":true,"href":"https:\/\/muneka.us\/en\/wp-json\/wp\/v2\/product_tag?post=9252"}],"curies":[{"name":"wp","href":"https:\/\/api.w.org\/{rel}","templated":true}]}}