{"id":9248,"date":"2026-01-23T14:53:58","date_gmt":"2026-01-23T17:53:58","guid":{"rendered":"https:\/\/muneka.us\/product\/carote-26pcs-pots-and-pans-set-non-stick-cookware-set-pots-and-pans-induction-cook-ware-nonstick-kitchen-cooking-pfoa-free-2\/"},"modified":"2026-01-23T14:53:58","modified_gmt":"2026-01-23T17:53:58","slug":"carote-26pcs-pots-and-pans-set-non-stick-cookware-set-pots-and-pans-induction-cook-ware-nonstick-kitchen-cooking-pfoa-free-2","status":"publish","type":"product","link":"https:\/\/muneka.us\/en\/product\/carote-26pcs-pots-and-pans-set-non-stick-cookware-set-pots-and-pans-induction-cook-ware-nonstick-kitchen-cooking-pfoa-free-2\/","title":{"rendered":"CAROTE 26PCS Pots and Pans Set Non Stick, Cookware Set Pots and Pans Induction Cook Ware, Nonstick Kitchen Cooking, PFOA Free"},"content":{"rendered":"<p data-start=\"47\" data-end=\"379\"><strong data-start=\"47\" data-end=\"69\">O conjunto inclui:<\/strong> Frigideira de 8&#8243;, frigideira de 9,5&#8243;, frigideira de 11&#8243;, panela de 2 qt com tampa, panela de 2,5 qt com tampa, panela de 4,5 qt com tampa, panela de 6 qt com tampa, panela saut\u00e9 de 4,3 qt com tampa, concha, esp\u00e1tula vazada, esp\u00e1tula, pegador, pegador para massas, cozedor a vapor e <strong data-start=\"352\" data-end=\"378\">7 protetores de panela<\/strong>.<\/p>\n<p data-start=\"381\" data-end=\"564\"><strong data-start=\"381\" data-end=\"426\">Constru\u00e7\u00e3o em alum\u00ednio fundido refor\u00e7ado:<\/strong> Garante durabilidade e confiabilidade a longo prazo, mantendo um design leve que traz mais praticidade para a sua experi\u00eancia na cozinha.<\/p>\n<p data-start=\"566\" data-end=\"740\"><strong data-start=\"566\" data-end=\"617\">Revestimento antiaderente premium tipo granito:<\/strong> Material mais resistente com desempenho <strong data-start=\"658\" data-end=\"684\">10x Ultra Antiaderente<\/strong>, garantindo um cozimento di\u00e1rio mais seguro e saud\u00e1vel.<\/p>\n<p data-start=\"742\" data-end=\"875\"><strong data-start=\"742\" data-end=\"760\">Limpeza f\u00e1cil:<\/strong> Recomenda-se lavar \u00e0 m\u00e3o. Basta passar um papel toalha ou enxaguar com \u00e1gua para uma limpeza r\u00e1pida e sem esfor\u00e7o.<\/p>\n<p data-start=\"877\" data-end=\"1014\"><strong data-start=\"877\" data-end=\"911\">Aquecimento r\u00e1pido e uniforme:<\/strong> Base estendida que distribui o calor de forma eficiente em todos os tipos de fog\u00e3o, incluindo indu\u00e7\u00e3o.<\/p>\n<p data-start=\"1016\" data-end=\"1223\"><strong data-start=\"1016\" data-end=\"1029\">Garantia:<\/strong> A Carote oferece <strong data-start=\"1047\" data-end=\"1071\">12 meses de garantia<\/strong> a partir da data da compra. Em caso de qualquer problema de qualidade, entre em contato sem hesitar \u2014 voc\u00ea ter\u00e1 a garantia de uma solu\u00e7\u00e3o satisfat\u00f3ria.<\/p>\n<p data-start=\"1225\" data-end=\"1321\" data-is-last-node=\"\" data-is-only-node=\"\"><\/p>\n","protected":false},"excerpt":{"rendered":"<p>O conjunto inclui: Frigideira de 8&#8243;, frigideira de 9,5&#8243;, frigideira de 11&#8243;, panela de 2 qt com tampa, panela de 2,5 qt com tampa, panela de 4,5 qt com tampa, panela de 6 qt com tampa, panela saut\u00e9 de 4,3 qt com tampa, concha, esp\u00e1tula vazada, esp\u00e1tula, pegador, pegador para massas, cozedor a vapor e [&#8230;]\n","protected":false},"featured_media":9249,"comment_status":"open","ping_status":"closed","template":"","meta":[],"product_brand":[],"product_cat":[3769,3771],"product_tag":[],"class_list":{"0":"post-9248","1":"product","2":"type-product","3":"status-publish","4":"has-post-thumbnail","6":"product_cat-home-decor","7":"product_cat-kitchen","9":"first","10":"instock","11":"taxable","12":"shipping-taxable","13":"purchasable","14":"product-type-simple"},"jetpack_sharing_enabled":true,"_links":{"self":[{"href":"https:\/\/muneka.us\/en\/wp-json\/wp\/v2\/product\/9248","targetHints":{"allow":["GET"]}}],"collection":[{"href":"https:\/\/muneka.us\/en\/wp-json\/wp\/v2\/product"}],"about":[{"href":"https:\/\/muneka.us\/en\/wp-json\/wp\/v2\/types\/product"}],"replies":[{"embeddable":true,"href":"https:\/\/muneka.us\/en\/wp-json\/wp\/v2\/comments?post=9248"}],"wp:featuredmedia":[{"embeddable":true,"href":"https:\/\/muneka.us\/en\/wp-json\/wp\/v2\/media\/9249"}],"wp:attachment":[{"href":"https:\/\/muneka.us\/en\/wp-json\/wp\/v2\/media?parent=9248"}],"wp:term":[{"taxonomy":"product_brand","embeddable":true,"href":"https:\/\/muneka.us\/en\/wp-json\/wp\/v2\/product_brand?post=9248"},{"taxonomy":"product_cat","embeddable":true,"href":"https:\/\/muneka.us\/en\/wp-json\/wp\/v2\/product_cat?post=9248"},{"taxonomy":"product_tag","embeddable":true,"href":"https:\/\/muneka.us\/en\/wp-json\/wp\/v2\/product_tag?post=9248"}],"curies":[{"name":"wp","href":"https:\/\/api.w.org\/{rel}","templated":true}]}}