{"id":9226,"date":"2026-01-23T17:20:21","date_gmt":"2026-01-23T20:20:21","guid":{"rendered":"https:\/\/muneka.us\/product\/amazon-echo-dot-newest-model-vibrant-sounding-speaker-with-alexa-early-access-great-for-bedrooms-dining-rooms-and-offices-charcoal\/"},"modified":"2026-01-23T17:20:21","modified_gmt":"2026-01-23T20:20:21","slug":"amazon-echo-dot-newest-model-vibrant-sounding-speaker-with-alexa-early-access-great-for-bedrooms-dining-rooms-and-offices-charcoal","status":"publish","type":"product","link":"https:\/\/muneka.us\/en\/product\/amazon-echo-dot-newest-model-vibrant-sounding-speaker-with-alexa-early-access-great-for-bedrooms-dining-rooms-and-offices-charcoal\/","title":{"rendered":"Amazon Echo Dot (newest model) &#8211; Vibrant sounding speaker with Alexa+ Early Access, Great for bedrooms, dining rooms and offices, Charcoal"},"content":{"rendered":"<h3 data-start=\"107\" data-end=\"166\"> <strong data-start=\"114\" data-end=\"166\">Caracter\u00edsticas \u2013 Amazon Echo Dot (Newest Model)<\/strong><\/h3>\n<ul data-start=\"167\" data-end=\"1410\">\n<li data-start=\"167\" data-end=\"339\">\n<p data-start=\"169\" data-end=\"339\"><strong data-start=\"169\" data-end=\"199\">Som vibrante e aprimorado:<\/strong> Alto-falante com \u00e1udio mais potente e equilibrado, oferecendo graves mais profundos e vocais mais claros para m\u00fasicas, podcasts e chamadas.<\/p>\n<\/li>\n<li data-start=\"340\" data-end=\"552\">\n<p data-start=\"342\" data-end=\"552\"><strong data-start=\"342\" data-end=\"366\">Alexa+ Early Access:<\/strong> Inclui acesso antecipado ao <strong data-start=\"395\" data-end=\"405\">Alexa+<\/strong>, a vers\u00e3o mais inteligente e proativa da assistente de IA, com respostas mais naturais, sugest\u00f5es personalizadas e melhor compreens\u00e3o do contexto.<\/p>\n<\/li>\n<li data-start=\"553\" data-end=\"668\">\n<p data-start=\"555\" data-end=\"668\"><strong data-start=\"555\" data-end=\"589\">Ideal para diversos ambientes:<\/strong> Perfeito para <strong data-start=\"604\" data-end=\"667\">quartos, salas de jantar, escrit\u00f3rios e ambientes compactos<\/strong>.<\/p>\n<\/li>\n<li data-start=\"669\" data-end=\"800\">\n<p data-start=\"671\" data-end=\"800\"><strong data-start=\"671\" data-end=\"692\">Controle por voz:<\/strong> Pe\u00e7a para tocar m\u00fasicas, ajustar alarmes, verificar o clima, criar lembretes, fazer perguntas e muito mais.<\/p>\n<\/li>\n<li data-start=\"801\" data-end=\"930\">\n<p data-start=\"803\" data-end=\"930\"><strong data-start=\"803\" data-end=\"824\">Casa inteligente:<\/strong> Controle dispositivos compat\u00edveis com Alexa, como luzes, tomadas, TVs e termostatos, usando apenas a voz.<\/p>\n<\/li>\n<li data-start=\"931\" data-end=\"1071\">\n<p data-start=\"933\" data-end=\"1071\"><strong data-start=\"933\" data-end=\"963\">Design compacto e moderno:<\/strong> Acabamento elegante na cor <strong data-start=\"991\" data-end=\"1024\">Charcoal (preto\/cinza escuro)<\/strong>, combinando facilmente com qualquer decora\u00e7\u00e3o.<\/p>\n<\/li>\n<li data-start=\"1072\" data-end=\"1180\">\n<p data-start=\"1074\" data-end=\"1180\"><strong data-start=\"1074\" data-end=\"1092\">Conectividade:<\/strong> Wi-Fi e Bluetooth integrados para streaming de \u00e1udio e conex\u00e3o com outros dispositivos.<\/p>\n<\/li>\n<li data-start=\"1181\" data-end=\"1285\">\n<p data-start=\"1183\" data-end=\"1285\"><strong data-start=\"1183\" data-end=\"1199\">Privacidade:<\/strong> Inclui bot\u00e3o f\u00edsico para desligar o microfone, garantindo maior controle e seguran\u00e7a.<\/p>\n<\/li>\n<li data-start=\"1286\" data-end=\"1410\">\n<p data-start=\"1288\" data-end=\"1410\"><strong data-start=\"1288\" data-end=\"1329\">Compat\u00edvel com servi\u00e7os de streaming:<\/strong> Amazon Music, Spotify, Apple Music e outros (assinaturas podem ser necess\u00e1rias).<\/p>\n<\/li>\n<\/ul>\n","protected":false},"excerpt":{"rendered":"<p>Caracter\u00edsticas \u2013 Amazon Echo Dot (Newest Model) Som vibrante e aprimorado: Alto-falante com \u00e1udio mais potente e equilibrado, oferecendo graves mais profundos e vocais mais claros para m\u00fasicas, podcasts e chamadas. Alexa+ Early Access: Inclui acesso antecipado ao Alexa+, a vers\u00e3o mais inteligente e proativa da assistente de IA, com respostas mais naturais, sugest\u00f5es personalizadas [&#8230;]\n","protected":false},"featured_media":9227,"comment_status":"open","ping_status":"closed","template":"","meta":[],"product_brand":[],"product_cat":[3787,3789,3785],"product_tag":[],"class_list":{"0":"post-9226","1":"product","2":"type-product","3":"status-publish","4":"has-post-thumbnail","6":"product_cat-accessories","7":"product_cat-electronics","8":"product_cat-technology","10":"first","11":"instock","12":"taxable","13":"shipping-taxable","14":"purchasable","15":"product-type-simple"},"jetpack_sharing_enabled":true,"_links":{"self":[{"href":"https:\/\/muneka.us\/en\/wp-json\/wp\/v2\/product\/9226","targetHints":{"allow":["GET"]}}],"collection":[{"href":"https:\/\/muneka.us\/en\/wp-json\/wp\/v2\/product"}],"about":[{"href":"https:\/\/muneka.us\/en\/wp-json\/wp\/v2\/types\/product"}],"replies":[{"embeddable":true,"href":"https:\/\/muneka.us\/en\/wp-json\/wp\/v2\/comments?post=9226"}],"wp:featuredmedia":[{"embeddable":true,"href":"https:\/\/muneka.us\/en\/wp-json\/wp\/v2\/media\/9227"}],"wp:attachment":[{"href":"https:\/\/muneka.us\/en\/wp-json\/wp\/v2\/media?parent=9226"}],"wp:term":[{"taxonomy":"product_brand","embeddable":true,"href":"https:\/\/muneka.us\/en\/wp-json\/wp\/v2\/product_brand?post=9226"},{"taxonomy":"product_cat","embeddable":true,"href":"https:\/\/muneka.us\/en\/wp-json\/wp\/v2\/product_cat?post=9226"},{"taxonomy":"product_tag","embeddable":true,"href":"https:\/\/muneka.us\/en\/wp-json\/wp\/v2\/product_tag?post=9226"}],"curies":[{"name":"wp","href":"https:\/\/api.w.org\/{rel}","templated":true}]}}