{"id":9222,"date":"2026-01-23T17:24:00","date_gmt":"2026-01-23T20:24:00","guid":{"rendered":"https:\/\/muneka.us\/product\/amazon-echo-dot-newest-model-vibrant-sounding-speaker-with-alexa-early-access-great-for-bedrooms-dining-rooms-and-offices-glacier-white\/"},"modified":"2026-01-23T17:24:00","modified_gmt":"2026-01-23T20:24:00","slug":"amazon-echo-dot-newest-model-vibrant-sounding-speaker-with-alexa-early-access-great-for-bedrooms-dining-rooms-and-offices-glacier-white","status":"publish","type":"product","link":"https:\/\/muneka.us\/en\/product\/amazon-echo-dot-newest-model-vibrant-sounding-speaker-with-alexa-early-access-great-for-bedrooms-dining-rooms-and-offices-glacier-white\/","title":{"rendered":"Amazon Echo Dot (newest model) &#8211; Vibrant sounding speaker with Alexa+ Early Access, Great for bedrooms, dining rooms and offices, Glacier White"},"content":{"rendered":"<li data-start=\"172\" data-end=\"338\">\n<p data-start=\"174\" data-end=\"338\"><strong data-start=\"174\" data-end=\"204\">Som vibrante e aprimorado:<\/strong> Alto-falante com \u00e1udio mais potente e equilibrado, com graves mais profundos e vocais mais n\u00edtidos para m\u00fasicas, podcasts e chamadas.<\/p>\n<\/li>\n<li data-start=\"339\" data-end=\"551\">\n<p data-start=\"341\" data-end=\"551\"><strong data-start=\"341\" data-end=\"365\">Alexa+ Early Access:<\/strong> Inclui acesso antecipado ao <strong data-start=\"394\" data-end=\"404\">Alexa+<\/strong>, a vers\u00e3o mais inteligente e proativa da assistente de IA, com respostas mais naturais, sugest\u00f5es personalizadas e melhor compreens\u00e3o do contexto.<\/p>\n<\/li>\n<li data-start=\"552\" data-end=\"715\">\n<p data-start=\"554\" data-end=\"715\"><strong data-start=\"554\" data-end=\"591\">Perfeito para ambientes diversos:<\/strong> Ideal para <strong data-start=\"603\" data-end=\"645\">quartos, salas de jantar e escrit\u00f3rios<\/strong>, trazendo praticidade e entretenimento em espa\u00e7os pequenos ou m\u00e9dios.<\/p>\n<\/li>\n<li data-start=\"716\" data-end=\"865\">\n<p data-start=\"718\" data-end=\"865\"><strong data-start=\"718\" data-end=\"739\">Controle por voz:<\/strong> Permite tocar m\u00fasicas, ajustar alarmes, consultar o tempo, criar lembretes, fazer perguntas e muito mais usando apenas a voz.<\/p>\n<\/li>\n<li data-start=\"866\" data-end=\"1010\">\n<p data-start=\"868\" data-end=\"1010\"><strong data-start=\"868\" data-end=\"889\">Casa inteligente:<\/strong> Controle dispositivos compat\u00edveis com Alexa, como l\u00e2mpadas, tomadas, TVs e termostatos, diretamente pelo comando de voz.<\/p>\n<\/li>\n<li data-start=\"1011\" data-end=\"1126\">\n<p data-start=\"1013\" data-end=\"1126\"><strong data-start=\"1013\" data-end=\"1044\">Design compacto e elegante:<\/strong> Acabamento em <strong data-start=\"1059\" data-end=\"1090\">Glacier White (branco gelo)<\/strong>, combinando com qualquer decora\u00e7\u00e3o.<\/p>\n<\/li>\n<li data-start=\"1127\" data-end=\"1235\">\n<p data-start=\"1129\" data-end=\"1235\"><strong data-start=\"1129\" data-end=\"1147\">Conectividade:<\/strong> Wi-Fi e Bluetooth integrados para streaming de \u00e1udio e conex\u00e3o com outros dispositivos.<\/p>\n<\/li>\n<li data-start=\"1236\" data-end=\"1341\">\n<p data-start=\"1238\" data-end=\"1341\"><strong data-start=\"1238\" data-end=\"1254\">Privacidade:<\/strong> Bot\u00e3o f\u00edsico para desligar o microfone, garantindo maior controle sobre a privacidade.<\/p>\n<\/li>\n<li data-start=\"1342\" data-end=\"1466\">\n<p data-start=\"1344\" data-end=\"1466\"><strong data-start=\"1344\" data-end=\"1385\">Compat\u00edvel com servi\u00e7os de streaming:<\/strong> Amazon Music, Spotify, Apple Music e outros (assinaturas podem ser necess\u00e1rias).<\/p>\n<\/li>\n","protected":false},"excerpt":{"rendered":"<p>Som vibrante e aprimorado: Alto-falante com \u00e1udio mais potente e equilibrado, com graves mais profundos e vocais mais n\u00edtidos para m\u00fasicas, podcasts e chamadas. Alexa+ Early Access: Inclui acesso antecipado ao Alexa+, a vers\u00e3o mais inteligente e proativa da assistente de IA, com respostas mais naturais, sugest\u00f5es personalizadas e melhor compreens\u00e3o do contexto. Perfeito para [&#8230;]\n","protected":false},"featured_media":9223,"comment_status":"open","ping_status":"closed","template":"","meta":[],"product_brand":[],"product_cat":[3787,3791,3785],"product_tag":[],"class_list":{"0":"post-9222","1":"product","2":"type-product","3":"status-publish","4":"has-post-thumbnail","6":"product_cat-accessories","7":"product_cat-gadgets","8":"product_cat-technology","10":"first","11":"instock","12":"taxable","13":"shipping-taxable","14":"purchasable","15":"product-type-simple"},"jetpack_sharing_enabled":true,"_links":{"self":[{"href":"https:\/\/muneka.us\/en\/wp-json\/wp\/v2\/product\/9222","targetHints":{"allow":["GET"]}}],"collection":[{"href":"https:\/\/muneka.us\/en\/wp-json\/wp\/v2\/product"}],"about":[{"href":"https:\/\/muneka.us\/en\/wp-json\/wp\/v2\/types\/product"}],"replies":[{"embeddable":true,"href":"https:\/\/muneka.us\/en\/wp-json\/wp\/v2\/comments?post=9222"}],"wp:featuredmedia":[{"embeddable":true,"href":"https:\/\/muneka.us\/en\/wp-json\/wp\/v2\/media\/9223"}],"wp:attachment":[{"href":"https:\/\/muneka.us\/en\/wp-json\/wp\/v2\/media?parent=9222"}],"wp:term":[{"taxonomy":"product_brand","embeddable":true,"href":"https:\/\/muneka.us\/en\/wp-json\/wp\/v2\/product_brand?post=9222"},{"taxonomy":"product_cat","embeddable":true,"href":"https:\/\/muneka.us\/en\/wp-json\/wp\/v2\/product_cat?post=9222"},{"taxonomy":"product_tag","embeddable":true,"href":"https:\/\/muneka.us\/en\/wp-json\/wp\/v2\/product_tag?post=9222"}],"curies":[{"name":"wp","href":"https:\/\/api.w.org\/{rel}","templated":true}]}}