{"id":9182,"date":"2026-01-29T18:07:15","date_gmt":"2026-01-29T21:07:15","guid":{"rendered":"https:\/\/muneka.us\/product\/10pcs-set-makeup-brushes-tool-set-cosmetic-powder-eye-shadow-foundation-blush-blending-beauty-maquiagem-beauty-kit-for-party\/"},"modified":"2026-01-29T18:07:15","modified_gmt":"2026-01-29T21:07:15","slug":"10pcs-set-makeup-brushes-tool-set-cosmetic-powder-eye-shadow-foundation-blush-blending-beauty-maquiagem-beauty-kit-for-party","status":"publish","type":"product","link":"https:\/\/muneka.us\/en\/product\/10pcs-set-makeup-brushes-tool-set-cosmetic-powder-eye-shadow-foundation-blush-blending-beauty-maquiagem-beauty-kit-for-party\/","title":{"rendered":"10pcs Set Makeup Brushes Tool Set Cosmetic Powder Eye Shadow Foundation Blush Blending Beauty Maquiagem Beauty Kit for Party"},"content":{"rendered":"<p><strong data-start=\"51\" data-end=\"84\">Qu\u00edmicos de alta preocupa\u00e7\u00e3o:<\/strong> Nenhum<br data-start=\"91\" data-end=\"94\"><br \/>\n<strong data-start=\"94\" data-end=\"109\">Quantidade:<\/strong> 10 pe\u00e7as<br data-start=\"118\" data-end=\"121\" data-is-only-node=\"\"><br \/>\n<strong data-start=\"121\" data-end=\"145\">Material das cerdas:<\/strong> Fibra sint\u00e9tica<br data-start=\"161\" data-end=\"164\"><br \/>\n<strong data-start=\"164\" data-end=\"175\">Origem:<\/strong> China Continental<br data-start=\"193\" data-end=\"196\"><br \/>\n<strong data-start=\"196\" data-end=\"217\">Material do cabo:<\/strong> Resina<br data-start=\"224\" data-end=\"227\"><br \/>\n<strong data-start=\"227\" data-end=\"244\">Tipo de item:<\/strong> Pincel de maquiagem<\/p>\n","protected":false},"excerpt":{"rendered":"<p>Qu\u00edmicos de alta preocupa\u00e7\u00e3o: Nenhum Quantidade: 10 pe\u00e7as Material das cerdas: Fibra sint\u00e9tica Origem: China Continental Material do cabo: Resina Tipo de item: Pincel de maquiagem<\/p>\n","protected":false},"featured_media":9183,"comment_status":"open","ping_status":"closed","template":"","meta":[],"product_brand":[],"product_cat":[3722,3807],"product_tag":[],"class_list":{"0":"post-9182","1":"product","2":"type-product","3":"status-publish","4":"has-post-thumbnail","6":"product_cat-beauty-wellness","7":"product_cat-makeup","9":"first","10":"instock","11":"taxable","12":"shipping-taxable","13":"purchasable","14":"product-type-simple"},"jetpack_sharing_enabled":true,"_links":{"self":[{"href":"https:\/\/muneka.us\/en\/wp-json\/wp\/v2\/product\/9182","targetHints":{"allow":["GET"]}}],"collection":[{"href":"https:\/\/muneka.us\/en\/wp-json\/wp\/v2\/product"}],"about":[{"href":"https:\/\/muneka.us\/en\/wp-json\/wp\/v2\/types\/product"}],"replies":[{"embeddable":true,"href":"https:\/\/muneka.us\/en\/wp-json\/wp\/v2\/comments?post=9182"}],"wp:featuredmedia":[{"embeddable":true,"href":"https:\/\/muneka.us\/en\/wp-json\/wp\/v2\/media\/9183"}],"wp:attachment":[{"href":"https:\/\/muneka.us\/en\/wp-json\/wp\/v2\/media?parent=9182"}],"wp:term":[{"taxonomy":"product_brand","embeddable":true,"href":"https:\/\/muneka.us\/en\/wp-json\/wp\/v2\/product_brand?post=9182"},{"taxonomy":"product_cat","embeddable":true,"href":"https:\/\/muneka.us\/en\/wp-json\/wp\/v2\/product_cat?post=9182"},{"taxonomy":"product_tag","embeddable":true,"href":"https:\/\/muneka.us\/en\/wp-json\/wp\/v2\/product_tag?post=9182"}],"curies":[{"name":"wp","href":"https:\/\/api.w.org\/{rel}","templated":true}]}}