{"id":9144,"date":"2026-02-02T13:05:57","date_gmt":"2026-02-02T16:05:57","guid":{"rendered":"https:\/\/muneka.us\/product\/djo-w58351-saunders-cervical-traction-home-traction-device\/"},"modified":"2026-02-02T13:05:57","modified_gmt":"2026-02-02T16:05:57","slug":"djo-w58351-saunders-cervical-traction-home-traction-device","status":"publish","type":"product","link":"https:\/\/muneka.us\/en\/product\/djo-w58351-saunders-cervical-traction-home-traction-device\/","title":{"rendered":"DJO W58351 Saunders Cervical Traction Home Traction Device"},"content":{"rendered":"<li data-start=\"161\" data-end=\"229\">\n<p data-start=\"163\" data-end=\"229\">Dispositivo de <strong data-start=\"178\" data-end=\"197\">tra\u00e7\u00e3o cervical<\/strong> desenvolvido para uso em casa<\/p>\n<\/li>\n<li data-start=\"230\" data-end=\"298\">\n<p data-start=\"232\" data-end=\"298\">Auxilia no <strong data-start=\"243\" data-end=\"296\">al\u00edvio da press\u00e3o no pesco\u00e7o e na coluna cervical<\/strong><\/p>\n<\/li>\n<li data-start=\"299\" data-end=\"383\">\n<p data-start=\"301\" data-end=\"383\">Design <strong data-start=\"308\" data-end=\"336\">ergon\u00f4mico e confort\u00e1vel<\/strong>, com suporte ajust\u00e1vel para cabe\u00e7a e pesco\u00e7o<\/p>\n<\/li>\n<li data-start=\"384\" data-end=\"469\">\n<p data-start=\"386\" data-end=\"469\">Sistema de tra\u00e7\u00e3o <strong data-start=\"404\" data-end=\"431\">controlado pelo usu\u00e1rio<\/strong>, permitindo ajuste gradual da for\u00e7a<\/p>\n<\/li>\n<li data-start=\"470\" data-end=\"537\">\n<p data-start=\"472\" data-end=\"537\">Estrutura <strong data-start=\"482\" data-end=\"506\">resistente e dur\u00e1vel<\/strong>, indicada para uso frequente<\/p>\n<\/li>\n<li data-start=\"538\" data-end=\"626\">\n<p data-start=\"540\" data-end=\"626\">Produto da marca <strong data-start=\"557\" data-end=\"575\">Saunders \/ DJO<\/strong>, reconhecida na \u00e1rea de ortopedia e reabilita\u00e7\u00e3o<\/p>\n<\/li>\n","protected":false},"excerpt":{"rendered":"<p>Dispositivo de tra\u00e7\u00e3o cervical desenvolvido para uso em casa Auxilia no al\u00edvio da press\u00e3o no pesco\u00e7o e na coluna cervical Design ergon\u00f4mico e confort\u00e1vel, com suporte ajust\u00e1vel para cabe\u00e7a e pesco\u00e7o Sistema de tra\u00e7\u00e3o controlado pelo usu\u00e1rio, permitindo ajuste gradual da for\u00e7a Estrutura resistente e dur\u00e1vel, indicada para uso frequente Produto da marca Saunders \/ [&#8230;]\n","protected":false},"featured_media":9145,"comment_status":"open","ping_status":"closed","template":"","meta":[],"product_brand":[],"product_cat":[3787,3789,3785],"product_tag":[],"class_list":{"0":"post-9144","1":"product","2":"type-product","3":"status-publish","4":"has-post-thumbnail","6":"product_cat-accessories","7":"product_cat-electronics","8":"product_cat-technology","10":"first","11":"instock","12":"taxable","13":"shipping-taxable","14":"purchasable","15":"product-type-simple"},"jetpack_sharing_enabled":true,"_links":{"self":[{"href":"https:\/\/muneka.us\/en\/wp-json\/wp\/v2\/product\/9144","targetHints":{"allow":["GET"]}}],"collection":[{"href":"https:\/\/muneka.us\/en\/wp-json\/wp\/v2\/product"}],"about":[{"href":"https:\/\/muneka.us\/en\/wp-json\/wp\/v2\/types\/product"}],"replies":[{"embeddable":true,"href":"https:\/\/muneka.us\/en\/wp-json\/wp\/v2\/comments?post=9144"}],"wp:featuredmedia":[{"embeddable":true,"href":"https:\/\/muneka.us\/en\/wp-json\/wp\/v2\/media\/9145"}],"wp:attachment":[{"href":"https:\/\/muneka.us\/en\/wp-json\/wp\/v2\/media?parent=9144"}],"wp:term":[{"taxonomy":"product_brand","embeddable":true,"href":"https:\/\/muneka.us\/en\/wp-json\/wp\/v2\/product_brand?post=9144"},{"taxonomy":"product_cat","embeddable":true,"href":"https:\/\/muneka.us\/en\/wp-json\/wp\/v2\/product_cat?post=9144"},{"taxonomy":"product_tag","embeddable":true,"href":"https:\/\/muneka.us\/en\/wp-json\/wp\/v2\/product_tag?post=9144"}],"curies":[{"name":"wp","href":"https:\/\/api.w.org\/{rel}","templated":true}]}}