{"id":9136,"date":"2026-02-02T13:12:59","date_gmt":"2026-02-02T16:12:59","guid":{"rendered":"https:\/\/muneka.us\/product\/beautiful-multi-brew-12-cup-programmable-drip-single-serve-coffee-maker-white-icing-by-drew-barrymore\/"},"modified":"2026-02-02T13:12:59","modified_gmt":"2026-02-02T16:12:59","slug":"beautiful-multi-brew-12-cup-programmable-drip-single-serve-coffee-maker-white-icing-by-drew-barrymore","status":"publish","type":"product","link":"https:\/\/muneka.us\/en\/product\/beautiful-multi-brew-12-cup-programmable-drip-single-serve-coffee-maker-white-icing-by-drew-barrymore\/","title":{"rendered":"Beautiful Multi-Brew 12-Cup Programmable Drip &amp; Single-Serve Coffee Maker, White Icing by Drew Barrymore"},"content":{"rendered":"<p>Desfrute da arte de preparar caf\u00e9 com a <strong data-start=\"97\" data-end=\"152\">Beautiful Multi-Brew Coffee Maker by Drew Barrymore<\/strong>. Perfeita para as manh\u00e3s corridas ou para as noites tranquilas, esta cafeteira vers\u00e1til permite preparar uma <strong data-start=\"262\" data-end=\"285\">jarra de 12 x\u00edcaras<\/strong> para dar energia aos dias agitados ou uma <strong data-start=\"328\" data-end=\"349\">x\u00edcara individual<\/strong> para seus momentos a s\u00f3s. Seja com <strong data-start=\"385\" data-end=\"397\">c\u00e1psulas<\/strong> ou <strong data-start=\"401\" data-end=\"415\">caf\u00e9 mo\u00eddo<\/strong>, voc\u00ea pode escolher entre diversos <strong data-start=\"451\" data-end=\"489\">tamanhos e intensidades de preparo<\/strong>, ajustados ao seu gosto. Com um <strong data-start=\"522\" data-end=\"560\">display elegante sens\u00edvel ao toque<\/strong> e fun\u00e7\u00e3o de <strong data-start=\"573\" data-end=\"600\">manter a jarra aquecida<\/strong>, seu caf\u00e9 permanece fresco e exatamente do jeito que voc\u00ea gosta. \u2615\u2728<\/p>\n","protected":false},"excerpt":{"rendered":"<p>Desfrute da arte de preparar caf\u00e9 com a Beautiful Multi-Brew Coffee Maker by Drew Barrymore. Perfeita para as manh\u00e3s corridas ou para as noites tranquilas, esta cafeteira vers\u00e1til permite preparar uma jarra de 12 x\u00edcaras para dar energia aos dias agitados ou uma x\u00edcara individual para seus momentos a s\u00f3s. Seja com c\u00e1psulas ou caf\u00e9 [&#8230;]\n","protected":false},"featured_media":9137,"comment_status":"open","ping_status":"closed","template":"","meta":[],"product_brand":[],"product_cat":[3771],"product_tag":[],"class_list":{"0":"post-9136","1":"product","2":"type-product","3":"status-publish","4":"has-post-thumbnail","6":"product_cat-kitchen","8":"first","9":"instock","10":"taxable","11":"shipping-taxable","12":"purchasable","13":"product-type-simple"},"jetpack_sharing_enabled":true,"_links":{"self":[{"href":"https:\/\/muneka.us\/en\/wp-json\/wp\/v2\/product\/9136","targetHints":{"allow":["GET"]}}],"collection":[{"href":"https:\/\/muneka.us\/en\/wp-json\/wp\/v2\/product"}],"about":[{"href":"https:\/\/muneka.us\/en\/wp-json\/wp\/v2\/types\/product"}],"replies":[{"embeddable":true,"href":"https:\/\/muneka.us\/en\/wp-json\/wp\/v2\/comments?post=9136"}],"wp:featuredmedia":[{"embeddable":true,"href":"https:\/\/muneka.us\/en\/wp-json\/wp\/v2\/media\/9137"}],"wp:attachment":[{"href":"https:\/\/muneka.us\/en\/wp-json\/wp\/v2\/media?parent=9136"}],"wp:term":[{"taxonomy":"product_brand","embeddable":true,"href":"https:\/\/muneka.us\/en\/wp-json\/wp\/v2\/product_brand?post=9136"},{"taxonomy":"product_cat","embeddable":true,"href":"https:\/\/muneka.us\/en\/wp-json\/wp\/v2\/product_cat?post=9136"},{"taxonomy":"product_tag","embeddable":true,"href":"https:\/\/muneka.us\/en\/wp-json\/wp\/v2\/product_tag?post=9136"}],"curies":[{"name":"wp","href":"https:\/\/api.w.org\/{rel}","templated":true}]}}