{"id":9124,"date":"2026-02-02T14:01:02","date_gmt":"2026-02-02T17:01:02","guid":{"rendered":"https:\/\/muneka.us\/product\/gurunanda-professional-teeth-whitening-wireless-kit\/"},"modified":"2026-02-02T14:01:02","modified_gmt":"2026-02-02T17:01:02","slug":"gurunanda-professional-teeth-whitening-wireless-kit","status":"publish","type":"product","link":"https:\/\/muneka.us\/en\/product\/gurunanda-professional-teeth-whitening-wireless-kit\/","title":{"rendered":"GuruNanda Professional Teeth Whitening Wireless Kit"},"content":{"rendered":"<p>Alcance um sorriso mais claro e mais branco sem esfor\u00e7o com o <strong data-start=\"120\" data-end=\"173\">Kit Profissional de Clareamento sem Fio GuruNanda<\/strong>. Esta solu\u00e7\u00e3o completa conta com um aplicador de gel tipo escova, sem sujeira, para uma aplica\u00e7\u00e3o precisa e limpa, garantindo cobertura uniforme todas as vezes. A luz de clareamento sem fio com <strong data-start=\"368\" data-end=\"409\">temporizador autom\u00e1tico de 15 minutos<\/strong> torna o tratamento simples e sem complica\u00e7\u00f5es, oferecendo resultados \u00f3timos em apenas minutos.<br data-start=\"504\" data-end=\"507\"><br \/>\nAprimore sua rotina de clareamento com o sach\u00ea de pr\u00e9-escova\u00e7\u00e3o para oil pulling incluso, que prepara naturalmente a boca para uma efic\u00e1cia melhor. Para um refor\u00e7o extra, o kit tamb\u00e9m inclui <strong data-start=\"698\" data-end=\"722\">fitas de clareamento<\/strong>, perfeitas para retoques localizados ou para usar em qualquer lugar.<br data-start=\"791\" data-end=\"794\"><br \/>\nProjetado para portabilidade e conveni\u00eancia, este kit compacto e sem fio permite que voc\u00ea desfrute de um clareamento de n\u00edvel profissional em casa ou onde quiser. Diga adeus \u00e0s manchas e ol\u00e1 a um sorriso radiante e confiante! \ud83d\ude01\u2728<\/p>\n","protected":false},"excerpt":{"rendered":"<p>Alcance um sorriso mais claro e mais branco sem esfor\u00e7o com o Kit Profissional de Clareamento sem Fio GuruNanda. Esta solu\u00e7\u00e3o completa conta com um aplicador de gel tipo escova, sem sujeira, para uma aplica\u00e7\u00e3o precisa e limpa, garantindo cobertura uniforme todas as vezes. A luz de clareamento sem fio com temporizador autom\u00e1tico de 15 [&#8230;]\n","protected":false},"featured_media":9125,"comment_status":"open","ping_status":"closed","template":"","meta":[],"product_brand":[],"product_cat":[3722,3810],"product_tag":[],"class_list":{"0":"post-9124","1":"product","2":"type-product","3":"status-publish","4":"has-post-thumbnail","6":"product_cat-beauty-wellness","7":"product_cat-higiene-e-cuidados","9":"first","10":"instock","11":"taxable","12":"shipping-taxable","13":"purchasable","14":"product-type-simple"},"jetpack_sharing_enabled":true,"_links":{"self":[{"href":"https:\/\/muneka.us\/en\/wp-json\/wp\/v2\/product\/9124","targetHints":{"allow":["GET"]}}],"collection":[{"href":"https:\/\/muneka.us\/en\/wp-json\/wp\/v2\/product"}],"about":[{"href":"https:\/\/muneka.us\/en\/wp-json\/wp\/v2\/types\/product"}],"replies":[{"embeddable":true,"href":"https:\/\/muneka.us\/en\/wp-json\/wp\/v2\/comments?post=9124"}],"wp:featuredmedia":[{"embeddable":true,"href":"https:\/\/muneka.us\/en\/wp-json\/wp\/v2\/media\/9125"}],"wp:attachment":[{"href":"https:\/\/muneka.us\/en\/wp-json\/wp\/v2\/media?parent=9124"}],"wp:term":[{"taxonomy":"product_brand","embeddable":true,"href":"https:\/\/muneka.us\/en\/wp-json\/wp\/v2\/product_brand?post=9124"},{"taxonomy":"product_cat","embeddable":true,"href":"https:\/\/muneka.us\/en\/wp-json\/wp\/v2\/product_cat?post=9124"},{"taxonomy":"product_tag","embeddable":true,"href":"https:\/\/muneka.us\/en\/wp-json\/wp\/v2\/product_tag?post=9124"}],"curies":[{"name":"wp","href":"https:\/\/api.w.org\/{rel}","templated":true}]}}