{"id":9120,"date":"2026-02-02T14:07:04","date_gmt":"2026-02-02T17:07:04","guid":{"rendered":"https:\/\/muneka.us\/product\/jergens-natural-glow-instant-sun-sunless-tanning-mousse-self-tanner-deep-bronze-tan-6-oz\/"},"modified":"2026-02-02T14:07:04","modified_gmt":"2026-02-02T17:07:04","slug":"jergens-natural-glow-instant-sun-sunless-tanning-mousse-self-tanner-deep-bronze-tan-6-oz","status":"publish","type":"product","link":"https:\/\/muneka.us\/en\/product\/jergens-natural-glow-instant-sun-sunless-tanning-mousse-self-tanner-deep-bronze-tan-6-oz\/","title":{"rendered":"Jergens Natural Glow Instant Sun Sunless Tanning Mousse, Self Tanner Deep Bronze Tan, 6 oz"},"content":{"rendered":"<p data-start=\"56\" data-end=\"399\">Consiga um bronzeado bonito, r\u00e1pido e com apar\u00eancia natural em apenas <strong data-start=\"126\" data-end=\"141\">60 segundos<\/strong> ao aplicar a mousse autobronzeadora <strong data-start=\"178\" data-end=\"214\">Jergens Natural Glow Instant Sun<\/strong>. Esta mousse leve, de cor clara, funciona com o tom da sua pele para imitar os resultados que voc\u00ea obteria com o sol natural, <strong data-start=\"341\" data-end=\"368\">sem o odor desagrad\u00e1vel<\/strong> dos autobronzeadores comuns.<\/p>\n<p data-start=\"401\" data-end=\"684\">A f\u00f3rmula tonalizada desta mousse permite que voc\u00ea veja exatamente onde aplicou, garantindo um bronzeado <strong data-start=\"506\" data-end=\"528\">preciso e uniforme<\/strong> que seca em 60 segundos. A cor bronze instant\u00e2nea continuar\u00e1 se desenvolvendo por v\u00e1rias horas ap\u00f3s a aplica\u00e7\u00e3o, alcan\u00e7ando um tom com apar\u00eancia natural.<\/p>\n<p data-start=\"686\" data-end=\"933\">Se voc\u00ea quiser um bronzeado mais intenso, a f\u00f3rmula leve e bronzeada \u00e9 <strong data-start=\"757\" data-end=\"772\">construtiva<\/strong>, podendo ser aplicada novamente no dia seguinte. \u00c9 uma cor segura e sem complica\u00e7\u00f5es, mesmo quando a praia est\u00e1 longe (ou quando o ver\u00e3o ainda est\u00e1 distante).<\/p>\n<p data-start=\"935\" data-end=\"1128\">Este autobronzeador e bronzeador natural da <strong data-start=\"979\" data-end=\"990\">Kao USA<\/strong> deixa a pele linda e com apar\u00eancia de beijada pelo sol, independentemente da \u00e9poca do ano. <strong data-start=\"1082\" data-end=\"1126\">Bronzear-se sem sol nunca foi t\u00e3o f\u00e1cil!<\/strong><\/p>\n<p data-start=\"1130\" data-end=\"1179\">Garantia de satisfa\u00e7\u00e3o. Podem existir limita\u00e7\u00f5es.<\/p>\n","protected":false},"excerpt":{"rendered":"<p>Consiga um bronzeado bonito, r\u00e1pido e com apar\u00eancia natural em apenas 60 segundos ao aplicar a mousse autobronzeadora Jergens Natural Glow Instant Sun. Esta mousse leve, de cor clara, funciona com o tom da sua pele para imitar os resultados que voc\u00ea obteria com o sol natural, sem o odor desagrad\u00e1vel dos autobronzeadores comuns. A [&#8230;]\n","protected":false},"featured_media":9121,"comment_status":"open","ping_status":"closed","template":"","meta":[],"product_brand":[],"product_cat":[3722,3721,3807],"product_tag":[],"class_list":{"0":"post-9120","1":"product","2":"type-product","3":"status-publish","4":"has-post-thumbnail","6":"product_cat-beauty-wellness","7":"product_cat-health-wellness","8":"product_cat-makeup","10":"first","11":"instock","12":"taxable","13":"shipping-taxable","14":"purchasable","15":"product-type-simple"},"jetpack_sharing_enabled":true,"_links":{"self":[{"href":"https:\/\/muneka.us\/en\/wp-json\/wp\/v2\/product\/9120","targetHints":{"allow":["GET"]}}],"collection":[{"href":"https:\/\/muneka.us\/en\/wp-json\/wp\/v2\/product"}],"about":[{"href":"https:\/\/muneka.us\/en\/wp-json\/wp\/v2\/types\/product"}],"replies":[{"embeddable":true,"href":"https:\/\/muneka.us\/en\/wp-json\/wp\/v2\/comments?post=9120"}],"wp:featuredmedia":[{"embeddable":true,"href":"https:\/\/muneka.us\/en\/wp-json\/wp\/v2\/media\/9121"}],"wp:attachment":[{"href":"https:\/\/muneka.us\/en\/wp-json\/wp\/v2\/media?parent=9120"}],"wp:term":[{"taxonomy":"product_brand","embeddable":true,"href":"https:\/\/muneka.us\/en\/wp-json\/wp\/v2\/product_brand?post=9120"},{"taxonomy":"product_cat","embeddable":true,"href":"https:\/\/muneka.us\/en\/wp-json\/wp\/v2\/product_cat?post=9120"},{"taxonomy":"product_tag","embeddable":true,"href":"https:\/\/muneka.us\/en\/wp-json\/wp\/v2\/product_tag?post=9120"}],"curies":[{"name":"wp","href":"https:\/\/api.w.org\/{rel}","templated":true}]}}