{"id":9102,"date":"2026-02-02T14:19:04","date_gmt":"2026-02-02T17:19:04","guid":{"rendered":"https:\/\/muneka.us\/product\/summers-eve-blissful-escape-daily-refreshing-feminine-spray-2-oz\/"},"modified":"2026-02-02T14:19:04","modified_gmt":"2026-02-02T17:19:04","slug":"summers-eve-blissful-escape-daily-refreshing-feminine-spray-2-oz","status":"publish","type":"product","link":"https:\/\/muneka.us\/en\/product\/summers-eve-blissful-escape-daily-refreshing-feminine-spray-2-oz\/","title":{"rendered":"Summer&#8217;s Eve Blissful Escape Daily Refreshing Feminine Spray, 2 oz"},"content":{"rendered":"<p data-start=\"56\" data-end=\"389\">Uma experi\u00eancia refrescante e de limpeza para sua regi\u00e3o \u00edntima, para que voc\u00ea possa enfrentar qualquer coisa. Os produtos de cuidado feminino <strong data-start=\"199\" data-end=\"226\">Summer\u2019s Eve Refreshing<\/strong> est\u00e3o dispon\u00edveis em uma variedade de fragr\u00e2ncias indulgentes <strong data-start=\"289\" data-end=\"303\">SafeScents<\/strong>, para que voc\u00ea possa sentir aquela sensa\u00e7\u00e3o \u00fanica de estar pronta para o dia a dia.<\/p>\n<p data-start=\"391\" data-end=\"594\">O <strong data-start=\"393\" data-end=\"424\">Summer\u2019s Eve Feminine Spray<\/strong> foi criado para suas \u00e1reas mais \u00edntimas e ajuda a limpar suavemente as bact\u00e9rias que podem causar odor. Sua f\u00f3rmula \u00e9 \u00fanica e <strong data-start=\"551\" data-end=\"591\">n\u00e3o altera o pH natural do seu corpo<\/strong>.<\/p>\n<p data-start=\"596\" data-end=\"924\">Todos os produtos de higiene feminina Summer\u2019s Eve, juntamente com cada fragr\u00e2ncia, s\u00e3o <strong data-start=\"684\" data-end=\"715\">testados por ginecologistas<\/strong> para garantir que s\u00e3o seguros, inclusive para peles sens\u00edveis. A fragr\u00e2ncia <strong data-start=\"792\" data-end=\"821\">Blissful Escape SafeScent<\/strong> \u00e9 inspirada em frutas, flores e berries vibrantes, e \u00e9 suave o suficiente para a pele mais delicada.<\/p>\n","protected":false},"excerpt":{"rendered":"<p>Uma experi\u00eancia refrescante e de limpeza para sua regi\u00e3o \u00edntima, para que voc\u00ea possa enfrentar qualquer coisa. Os produtos de cuidado feminino Summer\u2019s Eve Refreshing est\u00e3o dispon\u00edveis em uma variedade de fragr\u00e2ncias indulgentes SafeScents, para que voc\u00ea possa sentir aquela sensa\u00e7\u00e3o \u00fanica de estar pronta para o dia a dia. O Summer\u2019s Eve Feminine Spray [&#8230;]\n","protected":false},"featured_media":9103,"comment_status":"open","ping_status":"closed","template":"","meta":[],"product_brand":[],"product_cat":[3722,3721,3810],"product_tag":[],"class_list":{"0":"post-9102","1":"product","2":"type-product","3":"status-publish","4":"has-post-thumbnail","6":"product_cat-beauty-wellness","7":"product_cat-health-wellness","8":"product_cat-higiene-e-cuidados","10":"first","11":"instock","12":"taxable","13":"shipping-taxable","14":"purchasable","15":"product-type-simple"},"jetpack_sharing_enabled":true,"_links":{"self":[{"href":"https:\/\/muneka.us\/en\/wp-json\/wp\/v2\/product\/9102","targetHints":{"allow":["GET"]}}],"collection":[{"href":"https:\/\/muneka.us\/en\/wp-json\/wp\/v2\/product"}],"about":[{"href":"https:\/\/muneka.us\/en\/wp-json\/wp\/v2\/types\/product"}],"replies":[{"embeddable":true,"href":"https:\/\/muneka.us\/en\/wp-json\/wp\/v2\/comments?post=9102"}],"wp:featuredmedia":[{"embeddable":true,"href":"https:\/\/muneka.us\/en\/wp-json\/wp\/v2\/media\/9103"}],"wp:attachment":[{"href":"https:\/\/muneka.us\/en\/wp-json\/wp\/v2\/media?parent=9102"}],"wp:term":[{"taxonomy":"product_brand","embeddable":true,"href":"https:\/\/muneka.us\/en\/wp-json\/wp\/v2\/product_brand?post=9102"},{"taxonomy":"product_cat","embeddable":true,"href":"https:\/\/muneka.us\/en\/wp-json\/wp\/v2\/product_cat?post=9102"},{"taxonomy":"product_tag","embeddable":true,"href":"https:\/\/muneka.us\/en\/wp-json\/wp\/v2\/product_tag?post=9102"}],"curies":[{"name":"wp","href":"https:\/\/api.w.org\/{rel}","templated":true}]}}