{"id":9092,"date":"2026-02-03T15:05:13","date_gmt":"2026-02-03T18:05:13","guid":{"rendered":"https:\/\/muneka.us\/product\/bariatric-advantage-ultra-multi-without-iron-high-potency-daily-multivitamin-for-bariatric-surgery-patients-with-22-essential-vitamins-and-nutrients-90-capsules-30-servings\/"},"modified":"2026-02-03T15:05:13","modified_gmt":"2026-02-03T18:05:13","slug":"bariatric-advantage-ultra-multi-without-iron-high-potency-daily-multivitamin-for-bariatric-surgery-patients-with-22-essential-vitamins-and-nutrients-90-capsules-30-servings","status":"publish","type":"product","link":"https:\/\/muneka.us\/en\/product\/bariatric-advantage-ultra-multi-without-iron-high-potency-daily-multivitamin-for-bariatric-surgery-patients-with-22-essential-vitamins-and-nutrients-90-capsules-30-servings\/","title":{"rendered":"Bariatric Advantage Ultra Multi Without Iron, High Potency Daily Multivitamin for Bariatric Surgery Patients with 22 Essential Vitamins and Nutrients &#8211; 90 Capsules, 30 Servings"},"content":{"rendered":"<p><strong data-start=\"51\" data-end=\"96\">Bariatric Advantage Ultra Multi Sem Ferro<\/strong> \u2013 Multivitam\u00ednico di\u00e1rio de <strong data-start=\"125\" data-end=\"142\" data-is-only-node=\"\">alta pot\u00eancia<\/strong> para pacientes de <strong data-start=\"161\" data-end=\"184\">cirurgia bari\u00e1trica<\/strong>, com <strong data-start=\"190\" data-end=\"230\">22 vitaminas e nutrientes essenciais<\/strong>.<br data-start=\"231\" data-end=\"234\"><br \/>\n<strong data-start=\"234\" data-end=\"249\">90 c\u00e1psulas<\/strong>, rendimento de <strong data-start=\"265\" data-end=\"279\">30 por\u00e7\u00f5es<\/strong>.<\/p>\n","protected":false},"excerpt":{"rendered":"<p>Bariatric Advantage Ultra Multi Sem Ferro \u2013 Multivitam\u00ednico di\u00e1rio de alta pot\u00eancia para pacientes de cirurgia bari\u00e1trica, com 22 vitaminas e nutrientes essenciais. 90 c\u00e1psulas, rendimento de 30 por\u00e7\u00f5es.<\/p>\n","protected":false},"featured_media":9093,"comment_status":"open","ping_status":"closed","template":"","meta":[],"product_brand":[],"product_cat":[3722,3723],"product_tag":[],"class_list":{"0":"post-9092","1":"product","2":"type-product","3":"status-publish","4":"has-post-thumbnail","6":"product_cat-beauty-wellness","7":"product_cat-supplements","9":"first","10":"instock","11":"taxable","12":"shipping-taxable","13":"purchasable","14":"product-type-simple"},"jetpack_sharing_enabled":true,"_links":{"self":[{"href":"https:\/\/muneka.us\/en\/wp-json\/wp\/v2\/product\/9092","targetHints":{"allow":["GET"]}}],"collection":[{"href":"https:\/\/muneka.us\/en\/wp-json\/wp\/v2\/product"}],"about":[{"href":"https:\/\/muneka.us\/en\/wp-json\/wp\/v2\/types\/product"}],"replies":[{"embeddable":true,"href":"https:\/\/muneka.us\/en\/wp-json\/wp\/v2\/comments?post=9092"}],"wp:featuredmedia":[{"embeddable":true,"href":"https:\/\/muneka.us\/en\/wp-json\/wp\/v2\/media\/9093"}],"wp:attachment":[{"href":"https:\/\/muneka.us\/en\/wp-json\/wp\/v2\/media?parent=9092"}],"wp:term":[{"taxonomy":"product_brand","embeddable":true,"href":"https:\/\/muneka.us\/en\/wp-json\/wp\/v2\/product_brand?post=9092"},{"taxonomy":"product_cat","embeddable":true,"href":"https:\/\/muneka.us\/en\/wp-json\/wp\/v2\/product_cat?post=9092"},{"taxonomy":"product_tag","embeddable":true,"href":"https:\/\/muneka.us\/en\/wp-json\/wp\/v2\/product_tag?post=9092"}],"curies":[{"name":"wp","href":"https:\/\/api.w.org\/{rel}","templated":true}]}}