{"id":9072,"date":"2026-02-05T12:48:58","date_gmt":"2026-02-05T15:48:58","guid":{"rendered":"https:\/\/muneka.us\/product\/bariatric-advantage-ultra-multi-without-iron-high-potency-multivitamin-for-bariatric-surgery-patients-calcium-vitamin-c-more-270-count\/"},"modified":"2026-02-05T12:48:58","modified_gmt":"2026-02-05T15:48:58","slug":"bariatric-advantage-ultra-multi-without-iron-high-potency-multivitamin-for-bariatric-surgery-patients-calcium-vitamin-c-more-270-count","status":"publish","type":"product","link":"https:\/\/muneka.us\/en\/product\/bariatric-advantage-ultra-multi-without-iron-high-potency-multivitamin-for-bariatric-surgery-patients-calcium-vitamin-c-more-270-count\/","title":{"rendered":"Bariatric Advantage Ultra Multi Without Iron &#8211; High Potency Multivitamin &#8211; for Bariatric Surgery Patients- Calcium, Vitamin C &amp; More &#8211; 270 Count"},"content":{"rendered":"<h3 data-start=\"119\" data-end=\"145\"> <strong data-start=\"126\" data-end=\"145\">Descri\u00e7\u00e3o Geral<\/strong><\/h3>\n<ul data-start=\"146\" data-end=\"759\">\n<li data-start=\"146\" data-end=\"445\">\n<p data-start=\"148\" data-end=\"445\">Multivitam\u00ednico <strong data-start=\"164\" data-end=\"222\">de alta pot\u00eancia espec\u00edfico para pacientes bari\u00e1tricos<\/strong> \u2014 formulado para atender \u00e0s necessidades nutricionais ap\u00f3s cirurgias como bypass g\u00e1strico, sleeve gastrectomy e outras procedimentos que reduzem a capacidade de absor\u00e7\u00e3o de nutrientes. <span class=\"\" data-state=\"closed\"><\/span><\/p>\n<\/li>\n<li data-start=\"446\" data-end=\"608\">\n<p data-start=\"448\" data-end=\"608\"><strong data-start=\"448\" data-end=\"461\">Sem ferro<\/strong> (ideal para quem n\u00e3o precisa de suplementa\u00e7\u00e3o de ferro ou para evitar interfer\u00eancias com outros nutrientes). <span class=\"\" data-state=\"closed\"><\/span><\/p>\n<\/li>\n<li data-start=\"609\" data-end=\"759\">\n<p data-start=\"611\" data-end=\"759\"><strong data-start=\"611\" data-end=\"627\">270 c\u00e1psulas<\/strong> por frasco (geralmente suficiente para muitos meses de uso conforme orienta\u00e7\u00e3o profissional). <span class=\"\" data-state=\"closed\"><\/span><\/p>\n<\/li>\n<\/ul>\n<hr data-start=\"761\" data-end=\"764\">\n<h3 data-start=\"766\" data-end=\"811\">\ud83e\udde0 <strong data-start=\"773\" data-end=\"811\">Principais Benef\u00edcios Nutricionais<\/strong><\/h3>\n<p data-start=\"812\" data-end=\"1049\">\u2714 <strong data-start=\"814\" data-end=\"850\">Alta pot\u00eancia de micronutrientes<\/strong> \u2014 Cada dose de 3 c\u00e1psulas fornece <strong data-start=\"885\" data-end=\"926\">pelo menos 200 % do Valor Di\u00e1rio (DV)<\/strong> para <strong data-start=\"932\" data-end=\"964\">v\u00e1rios nutrientes essenciais<\/strong>, incluindo vitaminas A, B-complexo, D3, E e K. <span class=\"\" data-state=\"closed\"><\/span><\/p>\n<p data-start=\"1051\" data-end=\"1121\">\u2714 <strong data-start=\"1053\" data-end=\"1090\">Vitaminas do complexo B completas<\/strong><br data-start=\"1090\" data-end=\"1093\"><br \/>\nInclui n\u00edveis elevados de:<\/p>\n<ul data-start=\"1122\" data-end=\"1339\">\n<li data-start=\"1122\" data-end=\"1147\">\n<p data-start=\"1124\" data-end=\"1147\">Vitamina B1 (tiamina)<\/p>\n<\/li>\n<li data-start=\"1148\" data-end=\"1177\">\n<p data-start=\"1150\" data-end=\"1177\">Vitamina B12 (cobalamina)<\/p>\n<\/li>\n<li data-start=\"1178\" data-end=\"1194\">\n<p data-start=\"1180\" data-end=\"1194\">\u00c1cido f\u00f3lico<\/p>\n<\/li>\n<li data-start=\"1195\" data-end=\"1339\">\n<p data-start=\"1197\" data-end=\"1339\">Outros B-vitaminas importantes<br data-start=\"1227\" data-end=\"1230\"><br \/>\nTudo em n\u00edveis \u2265 200 % DV para apoiar metabolismo e fun\u00e7\u00e3o neurol\u00f3gica. <span class=\"\" data-state=\"closed\"><\/span><\/p>\n<\/li>\n<\/ul>\n<p data-start=\"1341\" data-end=\"1383\">\u2714 <strong data-start=\"1343\" data-end=\"1381\">Suporte \u00e0s vitaminas lipossol\u00faveis<\/strong><\/p>\n<ul data-start=\"1384\" data-end=\"1630\">\n<li data-start=\"1384\" data-end=\"1398\">\n<p data-start=\"1386\" data-end=\"1398\">Vitamina A<\/p>\n<\/li>\n<li data-start=\"1399\" data-end=\"1458\">\n<p data-start=\"1401\" data-end=\"1458\">Vitamina D3 (<strong data-start=\"1414\" data-end=\"1426\">3 000 IU<\/strong>, forma biol\u00f3gica mais eficaz)<\/p>\n<\/li>\n<li data-start=\"1459\" data-end=\"1630\">\n<p data-start=\"1461\" data-end=\"1630\">Vitamina E natural<br data-start=\"1479\" data-end=\"1482\"><br \/>\nEstas s\u00e3o fornecidas em formas que podem ser melhor absorvidas por pacientes com absor\u00e7\u00e3o reduzida de gordura. <span class=\"\" data-state=\"closed\"><\/span><\/p>\n<\/li>\n<\/ul>\n<p data-start=\"1632\" data-end=\"1724\">\u2714 <strong data-start=\"1634\" data-end=\"1671\">Outros micronutrientes essenciais<\/strong><br data-start=\"1671\" data-end=\"1674\"><br \/>\nFornece no m\u00ednimo <strong data-start=\"1692\" data-end=\"1704\">100 % DV<\/strong> de minerais como:<\/p>\n<ul data-start=\"1725\" data-end=\"1926\">\n<li data-start=\"1725\" data-end=\"1737\">\n<p data-start=\"1727\" data-end=\"1737\">Magn\u00e9sio<\/p>\n<\/li>\n<li data-start=\"1738\" data-end=\"1746\">\n<p data-start=\"1740\" data-end=\"1746\">Iodo<\/p>\n<\/li>\n<li data-start=\"1747\" data-end=\"1756\">\n<p data-start=\"1749\" data-end=\"1756\">Zinco<\/p>\n<\/li>\n<li data-start=\"1757\" data-end=\"1768\">\n<p data-start=\"1759\" data-end=\"1768\">Sel\u00eanio<\/p>\n<\/li>\n<li data-start=\"1769\" data-end=\"1778\">\n<p data-start=\"1771\" data-end=\"1778\">Cobre<\/p>\n<\/li>\n<li data-start=\"1779\" data-end=\"1791\">\n<p data-start=\"1781\" data-end=\"1791\">Mangan\u00eas<\/p>\n<\/li>\n<li data-start=\"1792\" data-end=\"1801\">\n<p data-start=\"1794\" data-end=\"1801\">Cromo<\/p>\n<\/li>\n<li data-start=\"1802\" data-end=\"1816\">\n<p data-start=\"1804\" data-end=\"1816\">Molibd\u00eanio<\/p>\n<\/li>\n<li data-start=\"1817\" data-end=\"1926\">\n<p data-start=\"1819\" data-end=\"1926\">Pot\u00e1ssio (tra\u00e7os)<br data-start=\"1836\" data-end=\"1839\"><br \/>\nEstes ajudam no suporte metab\u00f3lico e sa\u00fade geral.<\/p>\n<\/li>\n<\/ul>\n","protected":false},"excerpt":{"rendered":"<p>Descri\u00e7\u00e3o Geral Multivitam\u00ednico de alta pot\u00eancia espec\u00edfico para pacientes bari\u00e1tricos \u2014 formulado para atender \u00e0s necessidades nutricionais ap\u00f3s cirurgias como bypass g\u00e1strico, sleeve gastrectomy e outras procedimentos que reduzem a capacidade de absor\u00e7\u00e3o de nutrientes. Sem ferro (ideal para quem n\u00e3o precisa de suplementa\u00e7\u00e3o de ferro ou para evitar interfer\u00eancias com outros nutrientes). 270 c\u00e1psulas [&#8230;]\n","protected":false},"featured_media":9073,"comment_status":"open","ping_status":"closed","template":"","meta":[],"product_brand":[],"product_cat":[3722,3723],"product_tag":[],"class_list":{"0":"post-9072","1":"product","2":"type-product","3":"status-publish","4":"has-post-thumbnail","6":"product_cat-beauty-wellness","7":"product_cat-supplements","9":"first","10":"instock","11":"taxable","12":"shipping-taxable","13":"purchasable","14":"product-type-simple"},"jetpack_sharing_enabled":true,"_links":{"self":[{"href":"https:\/\/muneka.us\/en\/wp-json\/wp\/v2\/product\/9072","targetHints":{"allow":["GET"]}}],"collection":[{"href":"https:\/\/muneka.us\/en\/wp-json\/wp\/v2\/product"}],"about":[{"href":"https:\/\/muneka.us\/en\/wp-json\/wp\/v2\/types\/product"}],"replies":[{"embeddable":true,"href":"https:\/\/muneka.us\/en\/wp-json\/wp\/v2\/comments?post=9072"}],"wp:featuredmedia":[{"embeddable":true,"href":"https:\/\/muneka.us\/en\/wp-json\/wp\/v2\/media\/9073"}],"wp:attachment":[{"href":"https:\/\/muneka.us\/en\/wp-json\/wp\/v2\/media?parent=9072"}],"wp:term":[{"taxonomy":"product_brand","embeddable":true,"href":"https:\/\/muneka.us\/en\/wp-json\/wp\/v2\/product_brand?post=9072"},{"taxonomy":"product_cat","embeddable":true,"href":"https:\/\/muneka.us\/en\/wp-json\/wp\/v2\/product_cat?post=9072"},{"taxonomy":"product_tag","embeddable":true,"href":"https:\/\/muneka.us\/en\/wp-json\/wp\/v2\/product_tag?post=9072"}],"curies":[{"name":"wp","href":"https:\/\/api.w.org\/{rel}","templated":true}]}}