{"id":9064,"date":"2026-02-06T12:48:18","date_gmt":"2026-02-06T15:48:18","guid":{"rendered":"https:\/\/muneka.us\/product\/ninja-creami-xl-deluxe-11-in-1-ice-cream-frozen-treat-maker-for-ice-cream-sorbet-milkshakes-frozen-yogurt-more-11-programs-xl-capacity-includes-2-family-sized-24-oz-tubs-black-n\/"},"modified":"2026-02-06T12:48:18","modified_gmt":"2026-02-06T15:48:18","slug":"ninja-creami-xl-deluxe-11-in-1-ice-cream-frozen-treat-maker-for-ice-cream-sorbet-milkshakes-frozen-yogurt-more-11-programs-xl-capacity-includes-2-family-sized-24-oz-tubs-black-n","status":"publish","type":"product","link":"https:\/\/muneka.us\/en\/product\/ninja-creami-xl-deluxe-11-in-1-ice-cream-frozen-treat-maker-for-ice-cream-sorbet-milkshakes-frozen-yogurt-more-11-programs-xl-capacity-includes-2-family-sized-24-oz-tubs-black-n\/","title":{"rendered":"Ninja CREAMi XL Deluxe 11-in-1 Ice Cream &amp; Frozen Treat Maker for Ice Cream, Sorbet, Milkshakes, Frozen Yogurt, &amp; More, 11 Programs, XL Capacity, Includes (2) Family-Sized 24 oz. Tubs, Black NC501"},"content":{"rendered":"<p data-start=\"48\" data-end=\"405\">Com a Ninja\u00ae CREAMi\u00ae XL Deluxe, voc\u00ea pode transformar praticamente qualquer coisa em sorvete e muito mais. Prepare del\u00edcias cl\u00e1ssicas da CREAMi\u00ae, como sorvete, sorbet e gelato, al\u00e9m de cria\u00e7\u00f5es incr\u00edveis com mix-ins. E agora, fa\u00e7a tamb\u00e9m sobremesas CREAMi\u00ae para servir em bolas ou beber, como gelo italiano, Creamiccino\u2122 e iogurte congelado, tudo em casa.<\/p>\n<p data-start=\"412\" data-end=\"588\">Com dois recipientes CREAMi\u00ae XL de 24 oz adicionais, voc\u00ea pode usar o recurso de processamento de meia cuba para obter dois sabores finalizados a partir do mesmo recipiente XL.<\/p>\n","protected":false},"excerpt":{"rendered":"<p>Com a Ninja\u00ae CREAMi\u00ae XL Deluxe, voc\u00ea pode transformar praticamente qualquer coisa em sorvete e muito mais. Prepare del\u00edcias cl\u00e1ssicas da CREAMi\u00ae, como sorvete, sorbet e gelato, al\u00e9m de cria\u00e7\u00f5es incr\u00edveis com mix-ins. E agora, fa\u00e7a tamb\u00e9m sobremesas CREAMi\u00ae para servir em bolas ou beber, como gelo italiano, Creamiccino\u2122 e iogurte congelado, tudo em casa. [&#8230;]\n","protected":false},"featured_media":9065,"comment_status":"open","ping_status":"closed","template":"","meta":[],"product_brand":[],"product_cat":[3769,3771],"product_tag":[],"class_list":{"0":"post-9064","1":"product","2":"type-product","3":"status-publish","4":"has-post-thumbnail","6":"product_cat-home-decor","7":"product_cat-kitchen","9":"first","10":"instock","11":"taxable","12":"shipping-taxable","13":"purchasable","14":"product-type-simple"},"jetpack_sharing_enabled":true,"_links":{"self":[{"href":"https:\/\/muneka.us\/en\/wp-json\/wp\/v2\/product\/9064","targetHints":{"allow":["GET"]}}],"collection":[{"href":"https:\/\/muneka.us\/en\/wp-json\/wp\/v2\/product"}],"about":[{"href":"https:\/\/muneka.us\/en\/wp-json\/wp\/v2\/types\/product"}],"replies":[{"embeddable":true,"href":"https:\/\/muneka.us\/en\/wp-json\/wp\/v2\/comments?post=9064"}],"wp:featuredmedia":[{"embeddable":true,"href":"https:\/\/muneka.us\/en\/wp-json\/wp\/v2\/media\/9065"}],"wp:attachment":[{"href":"https:\/\/muneka.us\/en\/wp-json\/wp\/v2\/media?parent=9064"}],"wp:term":[{"taxonomy":"product_brand","embeddable":true,"href":"https:\/\/muneka.us\/en\/wp-json\/wp\/v2\/product_brand?post=9064"},{"taxonomy":"product_cat","embeddable":true,"href":"https:\/\/muneka.us\/en\/wp-json\/wp\/v2\/product_cat?post=9064"},{"taxonomy":"product_tag","embeddable":true,"href":"https:\/\/muneka.us\/en\/wp-json\/wp\/v2\/product_tag?post=9064"}],"curies":[{"name":"wp","href":"https:\/\/api.w.org\/{rel}","templated":true}]}}