{"id":9048,"date":"2026-02-09T16:36:08","date_gmt":"2026-02-09T19:36:08","guid":{"rendered":"https:\/\/muneka.us\/product\/essence-lash-princess-mascara-primer-for-extra-length-volume-1-pack-voluminous-lash-boosting-conditioning-primer-vegan-cruelty-free-paraben-free\/"},"modified":"2026-02-09T16:36:08","modified_gmt":"2026-02-09T19:36:08","slug":"essence-lash-princess-mascara-primer-for-extra-length-volume-1-pack-voluminous-lash-boosting-conditioning-primer-vegan-cruelty-free-paraben-free","status":"publish","type":"product","link":"https:\/\/muneka.us\/en\/product\/essence-lash-princess-mascara-primer-for-extra-length-volume-1-pack-voluminous-lash-boosting-conditioning-primer-vegan-cruelty-free-paraben-free\/","title":{"rendered":"essence | Lash Princess Mascara Primer for Extra Length &amp; Volume (1 Pack) | Voluminous, Lash Boosting Conditioning Primer | Vegan, Cruelty Free &amp; Paraben Free"},"content":{"rendered":"<li data-start=\"177\" data-end=\"199\">\n<p data-start=\"179\" data-end=\"199\"><strong data-start=\"179\" data-end=\"189\">Marca:<\/strong> essence<\/p>\n<\/li>\n<li data-start=\"200\" data-end=\"245\">\n<p data-start=\"202\" data-end=\"245\"><strong data-start=\"202\" data-end=\"214\">Produto:<\/strong> Lash Princess Mascara Primer<\/p>\n<\/li>\n<li data-start=\"246\" data-end=\"275\">\n<p data-start=\"248\" data-end=\"275\"><strong data-start=\"248\" data-end=\"263\">Quantidade:<\/strong> 1 unidade<\/p>\n<\/li>\n<li data-start=\"276\" data-end=\"310\">\n<p data-start=\"278\" data-end=\"310\"><strong data-start=\"278\" data-end=\"289\">Fun\u00e7\u00e3o:<\/strong> Primer para c\u00edlios<\/p>\n<\/li>\n<li data-start=\"311\" data-end=\"379\">\n<p data-start=\"313\" data-end=\"379\"><strong data-start=\"313\" data-end=\"324\">Efeito:<\/strong> Proporciona <strong data-start=\"337\" data-end=\"366\">mais comprimento e volume<\/strong> aos c\u00edlios<\/p>\n<\/li>\n<li data-start=\"380\" data-end=\"582\">\n<p data-start=\"382\" data-end=\"399\"><strong data-start=\"382\" data-end=\"397\">Benef\u00edcios:<\/strong><\/p>\n<ul data-start=\"402\" data-end=\"582\">\n<li data-start=\"402\" data-end=\"448\">\n<p data-start=\"404\" data-end=\"448\">Potencializa o efeito da m\u00e1scara de c\u00edlios<\/p>\n<\/li>\n<li data-start=\"451\" data-end=\"518\">\n<p data-start=\"453\" data-end=\"518\">Ajuda a deixar os c\u00edlios mais <strong data-start=\"483\" data-end=\"516\">volumosos, longos e definidos<\/strong><\/p>\n<\/li>\n<li data-start=\"521\" data-end=\"582\">\n<p data-start=\"523\" data-end=\"582\">F\u00f3rmula condicionante que <strong data-start=\"549\" data-end=\"580\">cuida e fortalece os c\u00edlios<\/strong><\/p>\n<\/li>\n<\/ul>\n<\/li>\n<li data-start=\"583\" data-end=\"622\">\n<p data-start=\"585\" data-end=\"622\"><strong data-start=\"585\" data-end=\"597\">Textura:<\/strong> Leve, f\u00e1cil de aplicar<\/p>\n<\/li>\n<li data-start=\"623\" data-end=\"673\">\n<p data-start=\"625\" data-end=\"673\"><strong data-start=\"625\" data-end=\"639\">Indica\u00e7\u00e3o:<\/strong> Usar antes da m\u00e1scara de c\u00edlios<\/p>\n<\/li>\n<li data-start=\"674\" data-end=\"784\">\n<p data-start=\"676\" data-end=\"690\"><strong data-start=\"676\" data-end=\"688\">F\u00f3rmula:<\/strong><\/p>\n<ul data-start=\"693\" data-end=\"784\">\n<li data-start=\"693\" data-end=\"707\">\n<p data-start=\"695\" data-end=\"707\"><strong data-start=\"695\" data-end=\"705\">Vegana<\/strong><\/p>\n<\/li>\n<li data-start=\"710\" data-end=\"755\">\n<p data-start=\"712\" data-end=\"755\"><strong data-start=\"712\" data-end=\"728\">Cruelty Free<\/strong> (n\u00e3o testado em animais)<\/p>\n<\/li>\n<li data-start=\"758\" data-end=\"784\">\n<p data-start=\"760\" data-end=\"784\"><strong data-start=\"760\" data-end=\"782\">Livre de parabenos<\/strong><\/p>\n<\/li>\n<\/ul>\n<\/li>\n<li data-start=\"785\" data-end=\"858\">\n<p data-start=\"787\" data-end=\"858\"><strong data-start=\"787\" data-end=\"801\">Resultado:<\/strong> C\u00edlios com apar\u00eancia mais cheia, alongada e impactante<\/p>\n<\/li>\n","protected":false},"excerpt":{"rendered":"<p>Marca: essence Produto: Lash Princess Mascara Primer Quantidade: 1 unidade Fun\u00e7\u00e3o: Primer para c\u00edlios Efeito: Proporciona mais comprimento e volume aos c\u00edlios Benef\u00edcios: Potencializa o efeito da m\u00e1scara de c\u00edlios Ajuda a deixar os c\u00edlios mais volumosos, longos e definidos F\u00f3rmula condicionante que cuida e fortalece os c\u00edlios Textura: Leve, f\u00e1cil de aplicar Indica\u00e7\u00e3o: Usar [&#8230;]\n","protected":false},"featured_media":9049,"comment_status":"open","ping_status":"closed","template":"","meta":[],"product_brand":[],"product_cat":[3722,3721,3807],"product_tag":[],"class_list":{"0":"post-9048","1":"product","2":"type-product","3":"status-publish","4":"has-post-thumbnail","6":"product_cat-beauty-wellness","7":"product_cat-health-wellness","8":"product_cat-makeup","10":"first","11":"instock","12":"taxable","13":"shipping-taxable","14":"purchasable","15":"product-type-simple"},"jetpack_sharing_enabled":true,"_links":{"self":[{"href":"https:\/\/muneka.us\/en\/wp-json\/wp\/v2\/product\/9048","targetHints":{"allow":["GET"]}}],"collection":[{"href":"https:\/\/muneka.us\/en\/wp-json\/wp\/v2\/product"}],"about":[{"href":"https:\/\/muneka.us\/en\/wp-json\/wp\/v2\/types\/product"}],"replies":[{"embeddable":true,"href":"https:\/\/muneka.us\/en\/wp-json\/wp\/v2\/comments?post=9048"}],"wp:featuredmedia":[{"embeddable":true,"href":"https:\/\/muneka.us\/en\/wp-json\/wp\/v2\/media\/9049"}],"wp:attachment":[{"href":"https:\/\/muneka.us\/en\/wp-json\/wp\/v2\/media?parent=9048"}],"wp:term":[{"taxonomy":"product_brand","embeddable":true,"href":"https:\/\/muneka.us\/en\/wp-json\/wp\/v2\/product_brand?post=9048"},{"taxonomy":"product_cat","embeddable":true,"href":"https:\/\/muneka.us\/en\/wp-json\/wp\/v2\/product_cat?post=9048"},{"taxonomy":"product_tag","embeddable":true,"href":"https:\/\/muneka.us\/en\/wp-json\/wp\/v2\/product_tag?post=9048"}],"curies":[{"name":"wp","href":"https:\/\/api.w.org\/{rel}","templated":true}]}}