{"id":9044,"date":"2026-02-09T16:38:42","date_gmt":"2026-02-09T19:38:42","guid":{"rendered":"https:\/\/muneka.us\/product\/essence-jelly-grip-hydrating-primer-hydrates-skin-grips-makeup-for-long-lasting-performance-vegan-cruelty-free\/"},"modified":"2026-02-09T16:38:42","modified_gmt":"2026-02-09T19:38:42","slug":"essence-jelly-grip-hydrating-primer-hydrates-skin-grips-makeup-for-long-lasting-performance-vegan-cruelty-free","status":"publish","type":"product","link":"https:\/\/muneka.us\/en\/product\/essence-jelly-grip-hydrating-primer-hydrates-skin-grips-makeup-for-long-lasting-performance-vegan-cruelty-free\/","title":{"rendered":"essence | Jelly Grip Hydrating Primer | Hydrates Skin &amp; Grips Makeup for Long Lasting Performance | Vegan &amp; Cruelty Free"},"content":{"rendered":"<li data-start=\"150\" data-end=\"172\">\n<p data-start=\"152\" data-end=\"172\"><strong data-start=\"152\" data-end=\"162\">Marca:<\/strong> essence<\/p>\n<\/li>\n<li data-start=\"173\" data-end=\"217\">\n<p data-start=\"175\" data-end=\"217\"><strong data-start=\"175\" data-end=\"187\">Produto:<\/strong> Jelly Grip Hydrating Primer<\/p>\n<\/li>\n<li data-start=\"218\" data-end=\"258\">\n<p data-start=\"220\" data-end=\"258\"><strong data-start=\"220\" data-end=\"231\">Fun\u00e7\u00e3o:<\/strong> Primer facial hidratante<\/p>\n<\/li>\n<li data-start=\"259\" data-end=\"465\">\n<p data-start=\"261\" data-end=\"278\"><strong data-start=\"261\" data-end=\"276\">Benef\u00edcios:<\/strong><\/p>\n<ul data-start=\"281\" data-end=\"465\">\n<li data-start=\"281\" data-end=\"337\">\n<p data-start=\"283\" data-end=\"337\"><strong data-start=\"283\" data-end=\"301\">Hidrata a pele<\/strong> enquanto prepara para a maquiagem<\/p>\n<\/li>\n<li data-start=\"340\" data-end=\"405\">\n<p data-start=\"342\" data-end=\"405\">Cria um efeito \u201cgrip\u201d que <strong data-start=\"368\" data-end=\"403\">fixa a maquiagem por mais tempo<\/strong><\/p>\n<\/li>\n<li data-start=\"408\" data-end=\"465\">\n<p data-start=\"410\" data-end=\"465\">Ajuda a melhorar a ader\u00eancia e a durabilidade da make<\/p>\n<\/li>\n<\/ul>\n<\/li>\n<li data-start=\"466\" data-end=\"542\">\n<p data-start=\"468\" data-end=\"542\"><strong data-start=\"468\" data-end=\"480\">Textura:<\/strong> Gel leve com efeito jelly, refrescante e de r\u00e1pida absor\u00e7\u00e3o<\/p>\n<\/li>\n<li data-start=\"543\" data-end=\"593\">\n<p data-start=\"545\" data-end=\"593\"><strong data-start=\"545\" data-end=\"559\">Indica\u00e7\u00e3o:<\/strong> Usar antes da base ou corretivo<\/p>\n<\/li>\n<li data-start=\"594\" data-end=\"675\">\n<p data-start=\"596\" data-end=\"610\"><strong data-start=\"596\" data-end=\"608\">F\u00f3rmula:<\/strong><\/p>\n<ul data-start=\"613\" data-end=\"675\">\n<li data-start=\"613\" data-end=\"627\">\n<p data-start=\"615\" data-end=\"627\"><strong data-start=\"615\" data-end=\"625\">Vegana<\/strong><\/p>\n<\/li>\n<li data-start=\"630\" data-end=\"675\">\n<p data-start=\"632\" data-end=\"675\"><strong data-start=\"632\" data-end=\"648\">Cruelty Free<\/strong> (n\u00e3o testado em animais)<\/p>\n<\/li>\n<\/ul>\n<\/li>\n<li data-start=\"676\" data-end=\"750\">\n<p data-start=\"678\" data-end=\"750\"><strong data-start=\"678\" data-end=\"692\">Resultado:<\/strong> Pele hidratada, preparada e maquiagem intacta por horas<\/p>\n<\/li>\n","protected":false},"excerpt":{"rendered":"<p>Marca: essence Produto: Jelly Grip Hydrating Primer Fun\u00e7\u00e3o: Primer facial hidratante Benef\u00edcios: Hidrata a pele enquanto prepara para a maquiagem Cria um efeito \u201cgrip\u201d que fixa a maquiagem por mais tempo Ajuda a melhorar a ader\u00eancia e a durabilidade da make Textura: Gel leve com efeito jelly, refrescante e de r\u00e1pida absor\u00e7\u00e3o Indica\u00e7\u00e3o: Usar antes [&#8230;]\n","protected":false},"featured_media":9045,"comment_status":"open","ping_status":"closed","template":"","meta":[],"product_brand":[],"product_cat":[3722,3721,3807],"product_tag":[],"class_list":{"0":"post-9044","1":"product","2":"type-product","3":"status-publish","4":"has-post-thumbnail","6":"product_cat-beauty-wellness","7":"product_cat-health-wellness","8":"product_cat-makeup","10":"first","11":"instock","12":"taxable","13":"shipping-taxable","14":"purchasable","15":"product-type-simple"},"jetpack_sharing_enabled":true,"_links":{"self":[{"href":"https:\/\/muneka.us\/en\/wp-json\/wp\/v2\/product\/9044","targetHints":{"allow":["GET"]}}],"collection":[{"href":"https:\/\/muneka.us\/en\/wp-json\/wp\/v2\/product"}],"about":[{"href":"https:\/\/muneka.us\/en\/wp-json\/wp\/v2\/types\/product"}],"replies":[{"embeddable":true,"href":"https:\/\/muneka.us\/en\/wp-json\/wp\/v2\/comments?post=9044"}],"wp:featuredmedia":[{"embeddable":true,"href":"https:\/\/muneka.us\/en\/wp-json\/wp\/v2\/media\/9045"}],"wp:attachment":[{"href":"https:\/\/muneka.us\/en\/wp-json\/wp\/v2\/media?parent=9044"}],"wp:term":[{"taxonomy":"product_brand","embeddable":true,"href":"https:\/\/muneka.us\/en\/wp-json\/wp\/v2\/product_brand?post=9044"},{"taxonomy":"product_cat","embeddable":true,"href":"https:\/\/muneka.us\/en\/wp-json\/wp\/v2\/product_cat?post=9044"},{"taxonomy":"product_tag","embeddable":true,"href":"https:\/\/muneka.us\/en\/wp-json\/wp\/v2\/product_tag?post=9044"}],"curies":[{"name":"wp","href":"https:\/\/api.w.org\/{rel}","templated":true}]}}