{"id":9024,"date":"2026-02-09T18:38:39","date_gmt":"2026-02-09T21:38:39","guid":{"rendered":"https:\/\/muneka.us\/product\/clinique-take-the-day-off-liquid-makeup-remover-for-lids-lashes-lips-eye-makeup-remover-oil-free-non-irritating-for-all-skin-types\/"},"modified":"2026-02-09T18:38:39","modified_gmt":"2026-02-09T21:38:39","slug":"clinique-take-the-day-off-liquid-makeup-remover-for-lids-lashes-lips-eye-makeup-remover-oil-free-non-irritating-for-all-skin-types","status":"publish","type":"product","link":"https:\/\/muneka.us\/en\/product\/clinique-take-the-day-off-liquid-makeup-remover-for-lids-lashes-lips-eye-makeup-remover-oil-free-non-irritating-for-all-skin-types\/","title":{"rendered":"Clinique Take The Day Off Liquid Makeup Remover For Lids, Lashes, + Lips | Eye Makeup Remover | Oil Free + Non-Irritating | For All Skin Types"},"content":{"rendered":"<li data-start=\"194\" data-end=\"217\">\n<p data-start=\"196\" data-end=\"217\"><strong data-start=\"196\" data-end=\"206\">Marca:<\/strong> Clinique<\/p>\n<\/li>\n<li data-start=\"218\" data-end=\"286\">\n<p data-start=\"220\" data-end=\"286\"><strong data-start=\"220\" data-end=\"232\">Produto:<\/strong> Removedor de maquiagem l\u00edquido <strong data-start=\"264\" data-end=\"284\">Take The Day Off<\/strong><\/p>\n<\/li>\n<li data-start=\"287\" data-end=\"335\">\n<p data-start=\"289\" data-end=\"335\"><strong data-start=\"289\" data-end=\"297\">Uso:<\/strong> Para <strong data-start=\"303\" data-end=\"333\">p\u00e1lpebras, c\u00edlios e l\u00e1bios<\/strong><\/p>\n<\/li>\n<li data-start=\"336\" data-end=\"392\">\n<p data-start=\"338\" data-end=\"392\"><strong data-start=\"338\" data-end=\"347\">Tipo:<\/strong> Removedor de maquiagem para olhos e l\u00e1bios<\/p>\n<\/li>\n<li data-start=\"393\" data-end=\"463\">\n<p data-start=\"395\" data-end=\"409\"><strong data-start=\"395\" data-end=\"407\">F\u00f3rmula:<\/strong><\/p>\n<ul data-start=\"412\" data-end=\"463\">\n<li data-start=\"412\" data-end=\"439\">\n<p data-start=\"414\" data-end=\"439\"><strong data-start=\"414\" data-end=\"437\">Sem \u00f3leo (Oil Free)<\/strong><\/p>\n<\/li>\n<li data-start=\"442\" data-end=\"463\">\n<p data-start=\"444\" data-end=\"463\"><strong data-start=\"444\" data-end=\"461\">N\u00e3o irritante<\/strong><\/p>\n<\/li>\n<\/ul>\n<\/li>\n<li data-start=\"464\" data-end=\"576\">\n<p data-start=\"466\" data-end=\"482\"><strong data-start=\"466\" data-end=\"480\">Indica\u00e7\u00e3o:<\/strong><\/p>\n<ul data-start=\"485\" data-end=\"576\">\n<li data-start=\"485\" data-end=\"520\">\n<p data-start=\"487\" data-end=\"520\">Para <strong data-start=\"492\" data-end=\"518\">todos os tipos de pele<\/strong><\/p>\n<\/li>\n<li data-start=\"523\" data-end=\"576\">\n<p data-start=\"525\" data-end=\"576\">Ideal para maquiagem resistente ou \u00e0 prova d\u2019\u00e1gua<\/p>\n<\/li>\n<\/ul>\n<\/li>\n<li data-start=\"577\" data-end=\"733\">\n<p data-start=\"579\" data-end=\"596\"><strong data-start=\"579\" data-end=\"594\">Benef\u00edcios:<\/strong><\/p>\n<ul data-start=\"599\" data-end=\"733\">\n<li data-start=\"599\" data-end=\"651\">\n<p data-start=\"601\" data-end=\"651\">Remove maquiagem com efici\u00eancia sem causar ardor<\/p>\n<\/li>\n<li data-start=\"654\" data-end=\"690\">\n<p data-start=\"656\" data-end=\"690\">Limpa sem deixar sensa\u00e7\u00e3o oleosa<\/p>\n<\/li>\n<li data-start=\"693\" data-end=\"733\">\n<p data-start=\"695\" data-end=\"733\">Suave para a \u00e1rea sens\u00edvel dos olhos<\/p>\n<\/li>\n<\/ul>\n<\/li>\n<li data-start=\"734\" data-end=\"804\">\n<p data-start=\"736\" data-end=\"804\"><strong data-start=\"736\" data-end=\"750\">Resultado:<\/strong> Pele limpa, confort\u00e1vel e sem res\u00edduos de maquiagem<\/p>\n<\/li>\n","protected":false},"excerpt":{"rendered":"<p>Marca: Clinique Produto: Removedor de maquiagem l\u00edquido Take The Day Off Uso: Para p\u00e1lpebras, c\u00edlios e l\u00e1bios Tipo: Removedor de maquiagem para olhos e l\u00e1bios F\u00f3rmula: Sem \u00f3leo (Oil Free) N\u00e3o irritante Indica\u00e7\u00e3o: Para todos os tipos de pele Ideal para maquiagem resistente ou \u00e0 prova d\u2019\u00e1gua Benef\u00edcios: Remove maquiagem com efici\u00eancia sem causar ardor [&#8230;]\n","protected":false},"featured_media":9025,"comment_status":"open","ping_status":"closed","template":"","meta":[],"product_brand":[],"product_cat":[3722,3721],"product_tag":[],"class_list":{"0":"post-9024","1":"product","2":"type-product","3":"status-publish","4":"has-post-thumbnail","6":"product_cat-beauty-wellness","7":"product_cat-health-wellness","9":"first","10":"instock","11":"taxable","12":"shipping-taxable","13":"purchasable","14":"product-type-simple"},"jetpack_sharing_enabled":true,"_links":{"self":[{"href":"https:\/\/muneka.us\/en\/wp-json\/wp\/v2\/product\/9024","targetHints":{"allow":["GET"]}}],"collection":[{"href":"https:\/\/muneka.us\/en\/wp-json\/wp\/v2\/product"}],"about":[{"href":"https:\/\/muneka.us\/en\/wp-json\/wp\/v2\/types\/product"}],"replies":[{"embeddable":true,"href":"https:\/\/muneka.us\/en\/wp-json\/wp\/v2\/comments?post=9024"}],"wp:featuredmedia":[{"embeddable":true,"href":"https:\/\/muneka.us\/en\/wp-json\/wp\/v2\/media\/9025"}],"wp:attachment":[{"href":"https:\/\/muneka.us\/en\/wp-json\/wp\/v2\/media?parent=9024"}],"wp:term":[{"taxonomy":"product_brand","embeddable":true,"href":"https:\/\/muneka.us\/en\/wp-json\/wp\/v2\/product_brand?post=9024"},{"taxonomy":"product_cat","embeddable":true,"href":"https:\/\/muneka.us\/en\/wp-json\/wp\/v2\/product_cat?post=9024"},{"taxonomy":"product_tag","embeddable":true,"href":"https:\/\/muneka.us\/en\/wp-json\/wp\/v2\/product_tag?post=9024"}],"curies":[{"name":"wp","href":"https:\/\/api.w.org\/{rel}","templated":true}]}}