{"id":9020,"date":"2026-02-09T18:41:55","date_gmt":"2026-02-09T21:41:55","guid":{"rendered":"https:\/\/muneka.us\/product\/banila-co-clean-it-zero-original-cleansing-balm-korean-makeup-remover-cleansing-oil-facial-cleanser-for-all-skin-types-vegan-made-with-acerola-berry-vitamin-c-100ml-3-38-fl-oz\/"},"modified":"2026-02-09T18:41:55","modified_gmt":"2026-02-09T21:41:55","slug":"banila-co-clean-it-zero-original-cleansing-balm-korean-makeup-remover-cleansing-oil-facial-cleanser-for-all-skin-types-vegan-made-with-acerola-berry-vitamin-c-100ml-3-38-fl-oz","status":"publish","type":"product","link":"https:\/\/muneka.us\/en\/product\/banila-co-clean-it-zero-original-cleansing-balm-korean-makeup-remover-cleansing-oil-facial-cleanser-for-all-skin-types-vegan-made-with-acerola-berry-vitamin-c-100ml-3-38-fl-oz\/","title":{"rendered":"BANILA CO Clean it Zero Original Cleansing Balm | Korean Makeup Remover, Cleansing Oil, Facial Cleanser for All Skin Types | Vegan | Made with Acerola Berry &amp; Vitamin C (100ml \/ 3.38 fl. oz)"},"content":{"rendered":"<li data-start=\"194\" data-end=\"218\">\n<p data-start=\"196\" data-end=\"218\"><strong data-start=\"196\" data-end=\"206\">Marca:<\/strong> BANILA CO<\/p>\n<\/li>\n<li data-start=\"219\" data-end=\"273\">\n<p data-start=\"221\" data-end=\"273\"><strong data-start=\"221\" data-end=\"233\">Produto:<\/strong> Clean it Zero Original Cleansing Balm<\/p>\n<\/li>\n<li data-start=\"274\" data-end=\"337\">\n<p data-start=\"276\" data-end=\"337\"><strong data-start=\"276\" data-end=\"285\">Tipo:<\/strong> Balm de limpeza (remove maquiagem e limpa a pele)<\/p>\n<\/li>\n<li data-start=\"338\" data-end=\"381\">\n<p data-start=\"340\" data-end=\"381\"><strong data-start=\"340\" data-end=\"355\">Quantidade:<\/strong> <strong data-start=\"356\" data-end=\"379\">100 ml \/ 3.38 fl oz<\/strong><\/p>\n<\/li>\n<li data-start=\"382\" data-end=\"423\">\n<p data-start=\"384\" data-end=\"423\"><strong data-start=\"384\" data-end=\"395\">Origem:<\/strong> Coreano (Korean skincare)<\/p>\n<\/li>\n<li data-start=\"424\" data-end=\"474\">\n<p data-start=\"426\" data-end=\"474\"><strong data-start=\"426\" data-end=\"440\">Indica\u00e7\u00e3o:<\/strong> Para <strong data-start=\"446\" data-end=\"472\">todos os tipos de pele<\/strong><\/p>\n<\/li>\n<li data-start=\"475\" data-end=\"561\">\n<p data-start=\"477\" data-end=\"491\"><strong data-start=\"477\" data-end=\"489\">F\u00f3rmula:<\/strong><\/p>\n<ul data-start=\"494\" data-end=\"561\">\n<li data-start=\"494\" data-end=\"516\">\n<p data-start=\"496\" data-end=\"516\"><strong data-start=\"496\" data-end=\"514\">Vegano (Vegan)<\/strong><\/p>\n<\/li>\n<li data-start=\"519\" data-end=\"561\">\n<p data-start=\"521\" data-end=\"561\">Com <strong data-start=\"525\" data-end=\"542\">Acerola Berry<\/strong> e <strong data-start=\"545\" data-end=\"559\">Vitamina C<\/strong><\/p>\n<\/li>\n<\/ul>\n<\/li>\n<li data-start=\"562\" data-end=\"701\">\n<p data-start=\"564\" data-end=\"578\"><strong data-start=\"564\" data-end=\"576\">Fun\u00e7\u00f5es:<\/strong><\/p>\n<ul data-start=\"581\" data-end=\"701\">\n<li data-start=\"581\" data-end=\"627\">\n<p data-start=\"583\" data-end=\"627\">Remove maquiagem, inclusive \u00e0 prova d\u2019\u00e1gua<\/p>\n<\/li>\n<li data-start=\"630\" data-end=\"701\">\n<p data-start=\"632\" data-end=\"701\">Atua como <strong data-start=\"642\" data-end=\"659\">cleansing oil<\/strong> (\u00f3leo de limpeza) e <strong data-start=\"680\" data-end=\"699\">facial cleanser<\/strong><\/p>\n<\/li>\n<\/ul>\n<\/li>\n<li data-start=\"702\" data-end=\"871\">\n<p data-start=\"704\" data-end=\"721\"><strong data-start=\"704\" data-end=\"719\">Benef\u00edcios:<\/strong><\/p>\n<ul data-start=\"724\" data-end=\"871\">\n<li data-start=\"724\" data-end=\"764\">\n<p data-start=\"726\" data-end=\"764\">Limpeza profunda sem ressecar a pele<\/p>\n<\/li>\n<li data-start=\"767\" data-end=\"814\">\n<p data-start=\"769\" data-end=\"814\">Ajuda a deixar a pele mais suave e luminosa<\/p>\n<\/li>\n<li data-start=\"817\" data-end=\"871\">\n<p data-start=\"819\" data-end=\"871\">Contribui para um aspecto mais saud\u00e1vel e renovado<\/p>\n<\/li>\n<\/ul>\n<\/li>\n<li data-start=\"872\" data-end=\"945\">\n<p data-start=\"874\" data-end=\"945\"><strong data-start=\"874\" data-end=\"888\">Resultado:<\/strong> Pele limpa, macia e com sensa\u00e7\u00e3o de frescor ap\u00f3s o uso<\/p>\n<\/li>\n","protected":false},"excerpt":{"rendered":"<p>Marca: BANILA CO Produto: Clean it Zero Original Cleansing Balm Tipo: Balm de limpeza (remove maquiagem e limpa a pele) Quantidade: 100 ml \/ 3.38 fl oz Origem: Coreano (Korean skincare) Indica\u00e7\u00e3o: Para todos os tipos de pele F\u00f3rmula: Vegano (Vegan) Com Acerola Berry e Vitamina C Fun\u00e7\u00f5es: Remove maquiagem, inclusive \u00e0 prova d\u2019\u00e1gua Atua [&#8230;]\n","protected":false},"featured_media":9021,"comment_status":"open","ping_status":"closed","template":"","meta":[],"product_brand":[],"product_cat":[3722,3721,3810],"product_tag":[],"class_list":{"0":"post-9020","1":"product","2":"type-product","3":"status-publish","4":"has-post-thumbnail","6":"product_cat-beauty-wellness","7":"product_cat-health-wellness","8":"product_cat-higiene-e-cuidados","10":"first","11":"instock","12":"taxable","13":"shipping-taxable","14":"purchasable","15":"product-type-simple"},"jetpack_sharing_enabled":true,"_links":{"self":[{"href":"https:\/\/muneka.us\/en\/wp-json\/wp\/v2\/product\/9020","targetHints":{"allow":["GET"]}}],"collection":[{"href":"https:\/\/muneka.us\/en\/wp-json\/wp\/v2\/product"}],"about":[{"href":"https:\/\/muneka.us\/en\/wp-json\/wp\/v2\/types\/product"}],"replies":[{"embeddable":true,"href":"https:\/\/muneka.us\/en\/wp-json\/wp\/v2\/comments?post=9020"}],"wp:featuredmedia":[{"embeddable":true,"href":"https:\/\/muneka.us\/en\/wp-json\/wp\/v2\/media\/9021"}],"wp:attachment":[{"href":"https:\/\/muneka.us\/en\/wp-json\/wp\/v2\/media?parent=9020"}],"wp:term":[{"taxonomy":"product_brand","embeddable":true,"href":"https:\/\/muneka.us\/en\/wp-json\/wp\/v2\/product_brand?post=9020"},{"taxonomy":"product_cat","embeddable":true,"href":"https:\/\/muneka.us\/en\/wp-json\/wp\/v2\/product_cat?post=9020"},{"taxonomy":"product_tag","embeddable":true,"href":"https:\/\/muneka.us\/en\/wp-json\/wp\/v2\/product_tag?post=9020"}],"curies":[{"name":"wp","href":"https:\/\/api.w.org\/{rel}","templated":true}]}}