{"id":9012,"date":"2026-02-09T18:51:01","date_gmt":"2026-02-09T21:51:01","guid":{"rendered":"https:\/\/muneka.us\/product\/aquaphor-healing-ointment-advanced-therapy-skin-protectant-multi-purpose-healing-ointment-and-body-moisturizer-for-dry-cracked-skin-minor-cuts-and-burns-14-oz-jar\/"},"modified":"2026-02-09T18:51:01","modified_gmt":"2026-02-09T21:51:01","slug":"aquaphor-healing-ointment-advanced-therapy-skin-protectant-multi-purpose-healing-ointment-and-body-moisturizer-for-dry-cracked-skin-minor-cuts-and-burns-14-oz-jar","status":"publish","type":"product","link":"https:\/\/muneka.us\/en\/product\/aquaphor-healing-ointment-advanced-therapy-skin-protectant-multi-purpose-healing-ointment-and-body-moisturizer-for-dry-cracked-skin-minor-cuts-and-burns-14-oz-jar\/","title":{"rendered":"Aquaphor Healing Ointment, Advanced Therapy Skin Protectant, Multi-Purpose Healing Ointment and Body Moisturizer, For Dry, Cracked Skin, Minor Cuts and Burns, 14 Oz Jar"},"content":{"rendered":"<ul data-start=\"180\" data-end=\"834\">\n<li data-start=\"180\" data-end=\"203\">\n<p data-start=\"182\" data-end=\"203\"><strong data-start=\"182\" data-end=\"192\">Marca:<\/strong> Aquaphor<\/p>\n<\/li>\n<li data-start=\"204\" data-end=\"259\">\n<p data-start=\"206\" data-end=\"259\"><strong data-start=\"206\" data-end=\"218\">Produto:<\/strong> Healing Ointment (Pomada regeneradora)<\/p>\n<\/li>\n<li data-start=\"260\" data-end=\"342\">\n<p data-start=\"262\" data-end=\"342\"><strong data-start=\"262\" data-end=\"271\">Tipo:<\/strong> <strong data-start=\"272\" data-end=\"308\">Advanced Therapy Skin Protectant<\/strong> (protetor avan\u00e7ado para a pele)<\/p>\n<\/li>\n<li data-start=\"343\" data-end=\"387\">\n<p data-start=\"345\" data-end=\"387\"><strong data-start=\"345\" data-end=\"360\">Quantidade:<\/strong> <strong data-start=\"361\" data-end=\"370\">14 oz<\/strong> (aprox. 397 g)<\/p>\n<\/li>\n<li data-start=\"388\" data-end=\"428\">\n<p data-start=\"390\" data-end=\"428\"><strong data-start=\"390\" data-end=\"398\">Uso:<\/strong> Multiuso, para pele e corpo<\/p>\n<\/li>\n<li data-start=\"429\" data-end=\"556\">\n<p data-start=\"431\" data-end=\"447\"><strong data-start=\"431\" data-end=\"445\">Indica\u00e7\u00e3o:<\/strong><\/p>\n<ul data-start=\"450\" data-end=\"556\">\n<li data-start=\"450\" data-end=\"473\">\n<p data-start=\"452\" data-end=\"473\">Pele seca e rachada<\/p>\n<\/li>\n<li data-start=\"476\" data-end=\"506\">\n<p data-start=\"478\" data-end=\"506\">Cortes e queimaduras leves<\/p>\n<\/li>\n<li data-start=\"509\" data-end=\"556\">\n<p data-start=\"511\" data-end=\"556\">\u00c1reas ressecadas como m\u00e3os, p\u00e9s e cotovelos<\/p>\n<\/li>\n<\/ul>\n<\/li>\n<li data-start=\"557\" data-end=\"700\">\n<p data-start=\"559\" data-end=\"576\"><strong data-start=\"559\" data-end=\"574\">Benef\u00edcios:<\/strong><\/p>\n<ul data-start=\"579\" data-end=\"700\">\n<li data-start=\"579\" data-end=\"623\">\n<p data-start=\"581\" data-end=\"623\">Ajuda a <strong data-start=\"589\" data-end=\"621\">restaurar a barreira da pele<\/strong><\/p>\n<\/li>\n<li data-start=\"626\" data-end=\"663\">\n<p data-start=\"628\" data-end=\"663\">Protege e auxilia na cicatriza\u00e7\u00e3o<\/p>\n<\/li>\n<li data-start=\"666\" data-end=\"700\">\n<p data-start=\"668\" data-end=\"700\">Hidrata\u00e7\u00e3o intensa e duradoura<\/p>\n<\/li>\n<\/ul>\n<\/li>\n<li data-start=\"701\" data-end=\"769\">\n<p data-start=\"703\" data-end=\"769\"><strong data-start=\"703\" data-end=\"717\">Resultado:<\/strong> Pele mais suave, protegida e com aspecto saud\u00e1vel<\/p>\n<\/li>\n<li data-start=\"770\" data-end=\"834\">\n<p data-start=\"772\" data-end=\"834\"><strong data-start=\"772\" data-end=\"784\">Textura:<\/strong> Pomada espessa, ideal para prote\u00e7\u00e3o e repara\u00e7\u00e3o<\/p>\n<\/li>\n<\/ul>\n","protected":false},"excerpt":{"rendered":"<p>Marca: Aquaphor Produto: Healing Ointment (Pomada regeneradora) Tipo: Advanced Therapy Skin Protectant (protetor avan\u00e7ado para a pele) Quantidade: 14 oz (aprox. 397 g) Uso: Multiuso, para pele e corpo Indica\u00e7\u00e3o: Pele seca e rachada Cortes e queimaduras leves \u00c1reas ressecadas como m\u00e3os, p\u00e9s e cotovelos Benef\u00edcios: Ajuda a restaurar a barreira da pele Protege e [&#8230;]\n","protected":false},"featured_media":9013,"comment_status":"open","ping_status":"closed","template":"","meta":[],"product_brand":[],"product_cat":[3722,3721,3810],"product_tag":[],"class_list":{"0":"post-9012","1":"product","2":"type-product","3":"status-publish","4":"has-post-thumbnail","6":"product_cat-beauty-wellness","7":"product_cat-health-wellness","8":"product_cat-higiene-e-cuidados","10":"first","11":"instock","12":"taxable","13":"shipping-taxable","14":"purchasable","15":"product-type-simple"},"jetpack_sharing_enabled":true,"_links":{"self":[{"href":"https:\/\/muneka.us\/en\/wp-json\/wp\/v2\/product\/9012","targetHints":{"allow":["GET"]}}],"collection":[{"href":"https:\/\/muneka.us\/en\/wp-json\/wp\/v2\/product"}],"about":[{"href":"https:\/\/muneka.us\/en\/wp-json\/wp\/v2\/types\/product"}],"replies":[{"embeddable":true,"href":"https:\/\/muneka.us\/en\/wp-json\/wp\/v2\/comments?post=9012"}],"wp:featuredmedia":[{"embeddable":true,"href":"https:\/\/muneka.us\/en\/wp-json\/wp\/v2\/media\/9013"}],"wp:attachment":[{"href":"https:\/\/muneka.us\/en\/wp-json\/wp\/v2\/media?parent=9012"}],"wp:term":[{"taxonomy":"product_brand","embeddable":true,"href":"https:\/\/muneka.us\/en\/wp-json\/wp\/v2\/product_brand?post=9012"},{"taxonomy":"product_cat","embeddable":true,"href":"https:\/\/muneka.us\/en\/wp-json\/wp\/v2\/product_cat?post=9012"},{"taxonomy":"product_tag","embeddable":true,"href":"https:\/\/muneka.us\/en\/wp-json\/wp\/v2\/product_tag?post=9012"}],"curies":[{"name":"wp","href":"https:\/\/api.w.org\/{rel}","templated":true}]}}